{"id":1119,"date":"2020-02-20T22:58:14","date_gmt":"2020-02-20T21:58:14","guid":{"rendered":"https:\/\/clementresta-avocat.com\/?page_id=1119"},"modified":"2020-03-31T17:00:24","modified_gmt":"2020-03-31T15:00:24","slug":"locaux-professionnels-verifiez-facilement-vos-cotisations-de-taxes-locales","status":"publish","type":"page","link":"https:\/\/clementresta-avocat.com\/index.php\/locaux-professionnels-verifiez-facilement-vos-cotisations-de-taxes-locales\/","title":{"rendered":"Locaux professionnels: v\u00e9rifiez facilement vos cotisations de taxes locales"},"content":{"rendered":"<div  data-label=\"Features\" data-id=\"features--2\" data-export-id=\"features-13-card-bordered\" data-category=\"features\" class=\"features-13 content-section content-section-spacing\" id=\"features-2\" style=\"background-color: rgb(255, 255, 255);\"><div  class=\"gridContainer\"> <div  class=\"row text-center\"><div  class=\"section-title-col\" data-type=\"column\"> <h2  class=\"\"><span  style=\"color: rgb(255, 152, 0);\">Pourquoi v\u00e9rifier votre valeur locative ?<\/span><\/h2> <p  class=\"lead\" style=\"text-align: justify;\"><span  style=\"font-weight: 300;\">L\u2019assiette des taxes locales (taxe fonci\u00e8re pour les propri\u00e9taires \/ CFE pour les exploitants) est d\u00e9termin\u00e9e \u00e0 partir d\u2019une notion commune: la <span  style=\"color: rgb(3, 169, 244); font-weight: 700;\">valeur locative<\/span>.\r\n<\/span><br ><br ><span  style=\"font-weight: 300;\">\r\nDepuis le 1er janvier 2017, pour les locaux professionnels, la valeur locative r\u00e9vis\u00e9e qui est \u00e9gale au produit de la surface pond\u00e9r\u00e9e du local concern\u00e9 par un tarif au m\u00e8tre carr\u00e9, \u00e9ventuellement ajust\u00e9 d\u2019un coefficient de localisation.\r\nCette valeur a \u00e9t\u00e9 calcul\u00e9e par l\u2019administration<\/span><span  id=\"_mce_caret\" data-mce-bogus=\"1\" data-mce-type=\"format-caret\"><span  style=\"color: rgb(3, 169, 244); font-weight: 300;\">\ufeff<\/span><\/span><span  style=\"font-weight: 300;\"> fiscale \u00e0 partir des d\u00e9clarations souscrites par les propri\u00e9taires en 2013.\r\n<\/span><br ><br ><span  style=\"font-weight: 300;\">\r\nMais la complexit\u00e9 et la diversit\u00e9 des situations ont donn\u00e9 lieu \u00e0 de nombreuses erreurs conduisant bien souvent \u00e0 surimposition \u00e0 la CFE et \u00e0 la taxe fonci\u00e8re.\r\n<\/span><br ><br ><span  style=\"font-weight: 300;\">\r\nLa mise en \u0153uvre de la <span  style=\"font-weight: 700; color: rgb(3, 169, 244);\">r\u00e9forme des valeur locatives des locaux professionnels<\/span> doit donc conduire chaque assujetti \u00e0 \u00eatre vigilant et analyser scrupuleusement les avis re\u00e7us \u00e0 partir de 2017, en particulier sur les points suivants :\r\n<\/span><br ><br ><span  style=\"font-weight: 300;\">&nbsp;\u2013 le bon rattachement du local \u00e0 sa cat\u00e9gorie (39 r\u00e9parties en 10 sous-groupes avec un tarif par cat\u00e9gorie)<\/span><br ><span  style=\"font-weight: 300;\">&nbsp;\u2013 la r\u00e9partition correcte des surfaces en fonction des cat\u00e9gories d\u2019utilisation (P1, P2, P3, Pk1 et Pk2)<\/span><br ><span  style=\"font-weight: 300;\">&nbsp;\u2013 la d\u00e9termination de la surface r\u00e9elle du local \u00e0 \u00e9valuer<\/span><br >&nbsp;\u2013 la correcte application des m\u00e9canismes de correction (coefficient de neutralisation, planchonnement et lissage) qui impactent de fa\u00e7on d\u00e9gressive les cotisations sur la p\u00e9riode 2017 \u00e0 2025)\r\n<\/p><\/div> <\/div> <div  class=\"row spaced-cols content-center-sm\" data-type=\"row\"> <div  class=\"col-sm-4\"> <div  class=\"card bordered y-move\" data-type=\"column\"> <i  class=\"fa icon fa-codepen big round reverse color1\"><\/i> <h4  class=\"\">ETES-VOUS CONCERNE?<\/h4> <p  class=\"\" style=\"text-align: justify;\">Pour le savoir, il suffit de vous r\u00e9f\u00e9rer \u00e0 votre avis de taxe fonci\u00e8re 2017, ou votre avis CFE 2018.\r\n<br ><br > Certaines mentions vous permettent de d\u00e9terminer&nbsp; si votre local est impos\u00e9 selon les r\u00e8gles de locaux professionnes, c\u2019est \u00e0 dire selon le tarif au m2 de la cat\u00e9gorie dont il rel\u00e8ve.<\/p> <a class=\"button y-move small color2\" href=\"https:\/\/clementresta-avocat.com\/index.php\/2019\/06\/27\/revision-valeur-locative-des-locaux-professionnels\" target=\"_self\" data-cp-link=\"1\" data-icon=\"\" rel=\"noopener noreferrer\">En savoir plus<\/a><\/div> <\/div> <div  class=\"col-sm-4\"> <div  class=\"card bordered y-move\" data-type=\"column\"> <i  class=\"fa icon fa-file-text reverse round big color1\"><\/i> <h4  class=\"\">LES DOCUMENTS A FOURNIR<\/h4> <p  class=\"\" style=\"text-align: justify;\">T\u00e9l\u00e9chargez, \u00e0  partir de votre espace personnel, les documents suivants:<br >\r\n\u2022\tAvis d\u2019imposition de TF, de CFE des trois derni\u00e8res ann\u00e9es et celui de l\u2019ann\u00e9e 2016 (avant r\u00e9forme)<br >\r\n\u2022\tSurface (globale ou d\u00e9taill\u00e9e) des locaux\r\n<br >\r\n\u2022\tId\u00e9alement, la fiche de calcul de votre local<\/p> <a class=\"button y-move small color2\" href=\"https:\/\/clementresta-avocat.com\/index.php\/demander-la-fiche-devaluation-de-votre-local-commercial\" target=\"_self\" data-cp-link=\"1\" data-icon=\"\" rel=\"noopener noreferrer\">Comment obtenir ma fiche de calcul?<\/a><\/div> <\/div> <div  class=\"col-sm-4\"> <div  class=\"card bordered y-move\" data-type=\"column\"> <i  class=\"fa icon fa-lightbulb-o reverse round big color1\"><\/i> <h4  class=\"\">LE DIAGNOSTIC<\/h4> <p  class=\"\" style=\"text-align: justify;\">Apr\u00e8s acceptation de notre devis et \u00e9tude de votre dossier, un diagnostic sous forme de rapport synth\u00e9tique vous est remis.\r\n<br ><br > Ce diagnostic, sous forme de rapport synth\u00e9tique couvre la v\u00e9rification de vos bases d\u2019imposition&nbsp; (TF et\/ou CFE) et, sur demande, une analyse des \u00e9ventuelles zones de risques ou des d\u2019opportunit\u00e9s de r\u00e9clamer.<\/p> <\/div> <\/div><\/div> <\/div><\/div><div  data-label=\"Cta\" data-id=\"cta--1\" data-export-id=\"cta-blue-section\" data-category=\"cta\" class=\"cta-blue-section content-section content-section-spacing-medium bg-color1 white-text\" id=\"cta-1\"><div  class=\"gridContainer\"> <div  class=\"row middle-xs\"><div  class=\"col-sm-8 space-bottom-xs\" data-type=\"column\"> <h2  class=\"\">Cr\u00e9ez votre compte ! <span  style=\"font-weight: 300;\">Cela ne prend qu\u2019une minute<\/span><\/h2> <\/div> <div  class=\"col-sm-4 end-sm\" data-type=\"column\"> <a class=\"button color2\" href=\"https:\/\/clementresta-avocat.com\/index.php\/creez-votre-compte\" target=\"_self\" data-cp-link=\"1\" data-icon=\"\" rel=\"noopener noreferrer\">JE CREE UN COMPTE<\/a><\/div> <\/div><\/div> <\/div><div  data-label=\"Features\" data-id=\"features--3\" data-export-id=\"features-5\" data-category=\"features\" class=\"features-5 content-section-spacing\" id=\"features-3\" style=\"background-color: rgb(245, 250, 253);\"><div  class=\"gridContainer\"> <div  class=\"row text-center\"><div  class=\"section-title-col\" data-type=\"column\"> <h2  class=\"\"><span  style=\"color: rgb(255, 152, 0);\">Notre approche<\/span><\/h2> <p  class=\"lead\">Vos d\u00e9marches simplifi\u00e9es \u00e0 partir d\u2019un espace en ligne d\u00e9di\u00e9 pour un traitement rapide de votre probl\u00e9matique<\/p><\/div> <\/div> <div  class=\"row text-center\" data-type=\"row\"> <div  class=\"col-xs-12 col-sm-4 col-md-4 col-padding-small\"> <div  class=\"number-container\"> <div  class=\"link-line left bg-color1\"><\/div> <p  class=\"number border-color1 color1\"><span >1<\/span><\/p> <div  class=\"link-line right bg-color1\"><\/div><\/div> <div  data-type=\"column\" class=\"\"><h5  class=\"\">VOTRE DEMANDE<\/h5> <p  class=\"text-center\">Cr\u00e9ez un compte en quelques clics et transmettez nous vos documents \u00e0 partir de votre espace s\u00e9curis\u00e9.\r\n<\/p><\/div> <\/div> <div  class=\"col-xs-12 col-sm-4 col-md-4 col-padding-small\"> <div  class=\"number-container\"> <div  class=\"link-line left bg-color1\"><\/div> <p  class=\"number border-color1 color1\"><span >2<\/span><\/p> <div  class=\"link-line right bg-color1\"><\/div><\/div> <div  data-type=\"column\" class=\"\"><h5  class=\"\">DEVIS<\/h5> <p  class=\"text-center\">Apr\u00e8s \u00e9tude de votre dossier, nous \u00e9tablissons un devis clair&nbsp; pr\u00e9cisant le p\u00e9rim\u00e8tre exact de nos interventions<\/p><\/div><\/div> <div  class=\"col-xs-12 col-sm-4 col-md-4 col-padding-small\"><div  class=\"number-container\"> <div  class=\"link-line left bg-color1\"><\/div> <p  class=\"number border-color1 color1\"><span >3<\/span><\/p> <div  class=\"link-line right bg-color1\"><\/div><\/div> <div  data-type=\"column\" class=\"\"><h5  class=\"\">RESTITUTION<\/h5> <p  class=\"text-center\">Une fois notre devis accept\u00e9, nous \u00e9tablissons notre diagnostic et vous adressons nos livrables<\/p><\/div> <\/div><\/div> <\/div><\/div><div  data-label=\"Pricing\" data-id=\"pricing--1\" data-export-id=\"pricing-3\" data-category=\"pricing\" data-featured-class=\"pricing-featured\" class=\"pricing-3 content-section content-section-spacing\" id=\"pricing-1\" style=\"background-color: rgb(255, 255, 255);\"><div  class=\"gridContainer\"> <div  class=\"row middle-sm\"><div  class=\"col-xs-12 col-sm-4 col-padding-xs\" data-type=\"column\"> <h2  class=\"\"><span  style=\"color: rgb(255, 152, 0);\">Choisissez la formule la plus adapt\u00e9e \u00e0 vos besoins<\/span>&nbsp;<\/h2> <p  class=\"lead\"><span  style=\"color: rgb(3, 169, 244); font-weight: 700;\">Formule de base<\/span>: un diagnostic flash visant \u00e0 reconstituer la valeur locative de votre local \u00e0 partir des \u00e9l\u00e9ments disponibles et \u00e0 la confronter \u00e0 votre avis de TF \/ CFE<br >\r\n<br ><br ><span  style=\"color: rgb(3, 169, 244); font-weight: 700;\">Formule approfondie<\/span>: un audit approfondi incluant une analyse de la cat\u00e9gorie dont rel\u00e8ve votre local en fonction de sa destination<\/p><\/div> <div  class=\"col-xs-12 col-sm-8\"><div  class=\"row middle-sm spaced-cols\" data-type=\"row\"> <div  data-default=\"no-class\" data-featured=\"shadow-large\" class=\"col-xs-12 col-sm-6 card-replacer text-center pos-rel shadow-large pricing-featured\"><div  class=\"top-right-triangle color2\" data-fixed=\"true\"><\/div> <h5  class=\"upper\">CONTROLE DES BASES<\/h5> <i  class=\"fa icon fa-plane big color2 round round-background reverse\"><\/i> <h3  class=\"h1\"><span  style=\"font-weight: 600;\">A partir de 750 \u20ac HT<\/span><\/h3> <p  data-default=\"color1\" data-featured=\"color2\" class=\"small color2\">par local<\/p> <ul  class=\"unstyled stared decoration-color1 text-center black\"><li >Reconstitution de la valeur locative<\/li><li >Coefficient de localisation \/ tarif  \/ surface <\/li><li >Correcte application des dispositifs d\u2019att\u00e9nuation<\/li><\/ul> <a data-default=\"color1\" data-featured=\"color2\" class=\"button upper y-move color2\" href=\"https:\/\/clementresta-avocat.com\/index.php\/creez-votre-compte\" target=\"_self\" data-cp-link=\"1\" data-icon=\"\" rel=\"noopener noreferrer\">J\u2019y vais<\/a><\/div> <div  data-default=\"no-class\" data-featured=\"shadow-large\" class=\"col-xs-12 col-sm-6 card-replacer text-center pos-rel\"><div  class=\"top-right-triangle color2\" data-fixed=\"true\"><\/div> <h5  class=\"upper\">DIAGNOSTIC APPROFONDI<\/h5> <i  class=\"fa icon fa-rocket big color2 round round-background reverse\"><\/i> <h3  class=\"h1\">A partir de 1500 \u20ac HT<\/h3> <p  data-default=\"color1\" data-featured=\"color2\" class=\"small color1\">par local<\/p> <ul  class=\"unstyled stared decoration-color1 text-center black\"><li >Diagnostic \u201ccontr\u00f4le des bases\u201d<\/li><li >  + Analyse de la cat\u00e9gorie du local<\/li><\/ul> <a data-default=\"color1\" data-featured=\"color2\" class=\"button upper y-move color1\" href=\"https:\/\/clementresta-avocat.com\/index.php\/creez-votre-compte\" target=\"_self\" data-cp-link=\"1\" data-icon=\"\" rel=\"noopener noreferrer\">J\u2019y vais<\/a><\/div> <\/div><\/div> <\/div><\/div> <\/div>","protected":false},"excerpt":{"rendered":"<p>Pourquoi v\u00e9rifier votre valeur locative ? L\u2019assiette des taxes locales (taxe fonci\u00e8re pour les propri\u00e9taires \/ CFE pour les exploitants) est d\u00e9termin\u00e9e \u00e0 partir d\u2019une notion commune: la valeur locative. Depuis le 1er janvier 2017, pour les locaux professionnels, la valeur locative r\u00e9vis\u00e9e qui est \u00e9gale au produit de la surface pond\u00e9r\u00e9e du local concern\u00e9&hellip; <br \/> <a class=\"read-more\" href=\"https:\/\/clementresta-avocat.com\/index.php\/locaux-professionnels-verifiez-facilement-vos-cotisations-de-taxes-locales\/\">Lire la suite<\/a><\/p>\n","protected":false},"author":1,"featured_media":1126,"parent":0,"menu_order":0,"comment_status":"closed","ping_status":"closed","template":"pro\/page-templates\/full-width-page.php","meta":{"footnotes":""},"class_list":["post-1119","page","type-page","status-publish","has-post-thumbnail","hentry"],"aioseo_notices":[],"jetpack_sharing_enabled":true,"_links":{"self":[{"href":"https:\/\/clementresta-avocat.com\/index.php\/wp-json\/wp\/v2\/pages\/1119","targetHints":{"allow":["GET"]}}],"collection":[{"href":"https:\/\/clementresta-avocat.com\/index.php\/wp-json\/wp\/v2\/pages"}],"about":[{"href":"https:\/\/clementresta-avocat.com\/index.php\/wp-json\/wp\/v2\/types\/page"}],"author":[{"embeddable":true,"href":"https:\/\/clementresta-avocat.com\/index.php\/wp-json\/wp\/v2\/users\/1"}],"replies":[{"embeddable":true,"href":"https:\/\/clementresta-avocat.com\/index.php\/wp-json\/wp\/v2\/comments?post=1119"}],"version-history":[{"count":28,"href":"https:\/\/clementresta-avocat.com\/index.php\/wp-json\/wp\/v2\/pages\/1119\/revisions"}],"predecessor-version":[{"id":1266,"href":"https:\/\/clementresta-avocat.com\/index.php\/wp-json\/wp\/v2\/pages\/1119\/revisions\/1266"}],"wp:featuredmedia":[{"embeddable":true,"href":"https:\/\/clementresta-avocat.com\/index.php\/wp-json\/wp\/v2\/media\/1126"}],"wp:attachment":[{"href":"https:\/\/clementresta-avocat.com\/index.php\/wp-json\/wp\/v2\/media?parent=1119"}],"curies":[{"name":"wp","href":"https:\/\/api.w.org\/{rel}","templated":true}]}}