{"id":1210,"date":"2020-02-23T08:11:38","date_gmt":"2020-02-23T07:11:38","guid":{"rendered":"https:\/\/clementresta-avocat.com\/?page_id=1210"},"modified":"2020-02-25T18:12:26","modified_gmt":"2020-02-25T17:12:26","slug":"demander-la-fiche-devaluation-de-votre-local-commercial","status":"publish","type":"page","link":"https:\/\/clementresta-avocat.com\/index.php\/demander-la-fiche-devaluation-de-votre-local-commercial\/","title":{"rendered":"Demander la fiche d&#39;\u00e9valuation de votre local commercial"},"content":{"rendered":"\n<h1 class=\"wp-block-heading\">T\u00e9l\u00e9chargez notre mod\u00e8le de demande de fiche d&rsquo;\u00e9valuation de votre local commercial<\/h1>\n\n\n\n<p>La <strong>valeur locative cadastrale<\/strong> des locaux commerciaux constitue la base sur laquelle calcul\u00e9s les cotisations fonci\u00e8res (taxe fonci\u00e8re ou de CFE).<\/p>\n\n\n\n<p>Pour v\u00e9rifier que ces cotisations sont correctement calcul\u00e9es, il est indispensable de solliciter de la part de l&rsquo;administration fiscale la fiche d&rsquo;\u00e9valuation ou de calcul de votre local commercial.<\/p>\n\n\n\n<p>Il s&rsquo;agit tout simplement de la fiche d&rsquo;identit\u00e9 de votre local, laquelle renseigne sa superficie,&nbsp; l&rsquo;allocation des surfaces, la nature de l&rsquo;activit\u00e9 et la classification retenue parmi les 39 cat\u00e9gories fonci\u00e8res.<\/p>\n\n\n\n<p>Gr\u00e2ce \u00e0 ces informations, vous serez alors en mesure de v\u00e9rifier votre base d&rsquo;imposition \u00e0 la taxe fonci\u00e8re ou \u00e0 la CFE.<\/p>\n\n\n\n<p>Pour vous assister, nous mettons \u00e0 votre disposition un outil en ligne vous permettant de v\u00e9rifier la coh\u00e9rence des bases retenues par l&rsquo;administration fiscale. Cet outil est accessible depuis cette <a href=\"https:\/\/clementresta-avocat.com\/index.php\/locaux-professionnels-verifiez-facilement-vos-cotisations-de-taxes-locales\/\">page<\/a>. <\/p>\n\n\n\n<figure class=\"wp-block-video\"><video controls src=\"https:\/\/clementresta-avocat.com\/wp-content\/uploads\/2020\/02\/V\u00e9rifiez-vos-cotisations-de-taxes-locales-cut-1.mp4\"><\/video><\/figure>\n\n\n\n<h2 class=\"wp-block-heading\">Comment obtenir la fiche d&rsquo;\u00e9valuation de votre local commercial?<\/h2>\n\n\n\n<p>Ce document doit \u00eatre demand\u00e9 au <strong>Centre des Imp\u00f4ts Fonciers<\/strong> (CIF) dont d\u00e9pend votre bien, par courrier, qui vous le d\u00e9livre gratuitement.<\/p>\n\n\n\n<p>Vous pouvez le demander par courrier ou par courriel \u00e0 l&rsquo;administration fiscale.<\/p>\n\n\n\n<p>Pour cela vous pouvez utiliser notre mod\u00e8le \u00e0 t\u00e9l\u00e9charger ci-dessous.<\/p>\n\n\n\n<p>Notre mod\u00e8le, t\u00e9l\u00e9chargeable au format word, comprend:<\/p>\n\n\n\n<ul class=\"wp-block-list\"><li>le courrier de demande de communication de la fiche d&rsquo;\u00e9valuation ou de calcul<\/li><li>une notice pour identifier le Centre des Imp\u00f4ts Fonciers \u00e0 qui adresser votre demande<\/li><\/ul>\n\n\n           \r\n            <div class=\"onp-locker-call\" style=\"display: none;\" data-lock-id=\"onpLock778735\">\r\n                <p><\/p>\n<h3 style=\"text-align: center;\"><a style=\"font-size: 16px;\" class=\"button color1\" href=\"https:\/\/clementresta-avocat.com\/wp-content\/uploads\/2020\/02\/Impots-fonciers-Communication-Fiche-de-calcul-de-la-valeur-locative-1.doc\">CIF &#8211; demande fiche de calcul<\/a><\/h3>\n<h3 style=\"text-align: center;\"><a class=\"button color1\" style=\"font-size: 16px;\" href=\"https:\/\/clementresta-avocat.com\/wp-content\/uploads\/2019\/03\/Notice_Trouver-votre-SIE-ou-SIP.pdf\">Notice_Trouver votre CIF<\/a><\/h3>\n<p><\/p>\r\n            <\/div>\r\n         \r\n\r\n        \n","protected":false},"excerpt":{"rendered":"<p>T\u00e9l\u00e9chargez notre mod\u00e8le de demande de fiche d&rsquo;\u00e9valuation de votre local commercial La valeur locative cadastrale des locaux commerciaux constitue la base sur laquelle calcul\u00e9s les cotisations fonci\u00e8res (taxe fonci\u00e8re ou de CFE). Pour v\u00e9rifier que ces cotisations sont correctement calcul\u00e9es, il est indispensable de solliciter de la part de l&rsquo;administration fiscale la fiche d&rsquo;\u00e9valuation&hellip; <br \/> <a class=\"read-more\" href=\"https:\/\/clementresta-avocat.com\/index.php\/demander-la-fiche-devaluation-de-votre-local-commercial\/\">Lire la suite<\/a><\/p>\n","protected":false},"author":1,"featured_media":1049,"parent":0,"menu_order":0,"comment_status":"closed","ping_status":"closed","template":"","meta":{"footnotes":""},"class_list":["post-1210","page","type-page","status-publish","has-post-thumbnail","hentry"],"aioseo_notices":[],"jetpack_sharing_enabled":true,"_links":{"self":[{"href":"https:\/\/clementresta-avocat.com\/index.php\/wp-json\/wp\/v2\/pages\/1210","targetHints":{"allow":["GET"]}}],"collection":[{"href":"https:\/\/clementresta-avocat.com\/index.php\/wp-json\/wp\/v2\/pages"}],"about":[{"href":"https:\/\/clementresta-avocat.com\/index.php\/wp-json\/wp\/v2\/types\/page"}],"author":[{"embeddable":true,"href":"https:\/\/clementresta-avocat.com\/index.php\/wp-json\/wp\/v2\/users\/1"}],"replies":[{"embeddable":true,"href":"https:\/\/clementresta-avocat.com\/index.php\/wp-json\/wp\/v2\/comments?post=1210"}],"version-history":[{"count":19,"href":"https:\/\/clementresta-avocat.com\/index.php\/wp-json\/wp\/v2\/pages\/1210\/revisions"}],"predecessor-version":[{"id":1287,"href":"https:\/\/clementresta-avocat.com\/index.php\/wp-json\/wp\/v2\/pages\/1210\/revisions\/1287"}],"wp:featuredmedia":[{"embeddable":true,"href":"https:\/\/clementresta-avocat.com\/index.php\/wp-json\/wp\/v2\/media\/1049"}],"wp:attachment":[{"href":"https:\/\/clementresta-avocat.com\/index.php\/wp-json\/wp\/v2\/media?parent=1210"}],"curies":[{"name":"wp","href":"https:\/\/api.w.org\/{rel}","templated":true}]}}