{"id":1317,"date":"2020-04-09T13:20:34","date_gmt":"2020-04-09T11:20:34","guid":{"rendered":"https:\/\/clementresta-avocat.com\/?page_id=1317"},"modified":"2024-12-11T18:26:28","modified_gmt":"2024-12-11T17:26:28","slug":"about-me","status":"publish","type":"page","link":"https:\/\/clementresta-avocat.com\/index.php\/about-me\/","title":{"rendered":"About me"},"content":{"rendered":"\n\n<h2>About me<\/h2>\n<p>I specialize in tax law to offer my clients a wide range of tax services.\u00a0 After 8 years practising international tax advice at Deloitte and EY, I have established an expertise within international tax matters.<\/p>\n<br \/>\nIf you are an individual or a company lost in the French tax system, I can help you find your way out!\n<h2>French tax system for new joiners<\/h2>\n<h3>You come to live in France and you are wondering about your tax obligations.<\/h3>\n<p>Find out all about the French tax system for new joiners!<\/p>\n<p><a href=\"https:\/\/clementresta-avocat.com\/index.php\/2020\/04\/14\/french-tax-system-for-new-joiners\" target=\"_blank\" rel=\"noopener noreferrer\" data-cp-link=\"1\" data-icon=\"\">READ OUR ARTICLE<\/a><\/p>\n<h5>Am I a French tax resident as soon as I come to France?<\/h5>\n<p>Your situation and your obligations in France for tax purposes will depend on the place of your tax residence.<\/p>\n<h5>What is taxed in France?<\/h5>\n<p>Two criteria must be observed in order to determine what is your taxable income in France: the origin of the income and your place of tax residence.<\/p>\n<h5>How to file a tax return in France?<\/h5>\n<p>Your tax compliance obligation will depend on the place of your tax residence upon your arrival in France.<\/p>\n<h5>Do I need to declare my bank accounts held abroad?<\/h5>\n<p>Yes, all bank accounts and life insurance policies held abroad opened, used or closed during the year subject to tax filing.<\/p>\n<h5>Can I benefit from the French expatriate tax regime?<\/h5>\n<p>A favorable regime applies to individuals who were not residents of France for tax purposes before their arrival<\/p>\n<h2>A few things we&rsquo;re great at<\/h2>\n<p>Business, private person or non-profit organization, if you are facing a tax issue &#8211; I am here for you<\/p>\n<h5>FLASH AUDIT<\/h5>\n<p>We perform a tailored tax review of your operations with the aim of drawing up a cartography of the tax risks run by your company but also in order to identify possible tax saving opportunities (preferential regime, VAT exemptions etc.).<\/p>\n<h5>TAX RULING REQUEST<\/h5>\n<p>You identified an area of \u200b\u200buncertainty on a tax rule and you wish to secure your situation? No worries, we support you in preparing and filing a request for a tax ruling with the tax authorities.<\/p>\n<h5>TAX LITIGATION<\/h5>\n<p>In the event of a tax re-assessment, we design a relevant tax strategy and implement it at each stage of the litigation.<\/p>\n<p>We represent you before the competent courts.<\/p>\n<h5>TAX RETURN<\/h5>\n<p>We provide a tax compliance assistance: review of corporate income tax return, personal income tax return,\u00a0 Net Wealth Tax return,\u00a0 Transfer Price documentation, VAT refund claim, tax options, various formalities, etc.<\/p>\n<h2>Contact us<\/h2>\n<div class=\"forminator-ui forminator-custom-form forminator-custom-form-1824 forminator-design--bold  forminator_ajax\" data-forminator-render=\"0\" data-form=\"forminator-module-1824\" data-uid=\"69d979d23d2a2\"><br\/><\/div><form\n\t\t\t\tid=\"forminator-module-1824\"\n\t\t\t\tclass=\"forminator-ui forminator-custom-form forminator-custom-form-1824 forminator-design--bold  forminator_ajax\"\n\t\t\t\tmethod=\"post\"\n\t\t\t\tdata-forminator-render=\"0\"\n\t\t\t\tdata-form-id=\"1824\"\n\t\t\t\t\n\t\t\t\tdata-design=\"bold\"\n\t\t\t\t\n\t\t\t\t\n\t\t\t\t\n\t\t\t\tdata-grid=\"open\"\n\t\t\t\t\n\t\t\t\t\n\t\t\t\tstyle=\"display: none;\"\n\t\t\t\t\n\t\t\t\tdata-uid=\"69d979d23d2a2\"\n\t\t\t><div role=\"alert\" aria-live=\"polite\" class=\"forminator-response-message forminator-error\" aria-hidden=\"true\"><\/div><div class=\"forminator-row\"><div id=\"name-1\" class=\"forminator-field-name forminator-col forminator-col-12 \"><div class=\"forminator-field\"><label for=\"forminator-field-name-1_69d979d23d2a2\" id=\"forminator-field-name-1_69d979d23d2a2-label\" class=\"forminator-label\">Pr\u00e9nom <span class=\"forminator-required\">*<\/span><\/label><input type=\"text\" name=\"name-1\" value=\"\" placeholder=\"Par exemple\u00a0: Jean\" id=\"forminator-field-name-1_69d979d23d2a2\" class=\"forminator-input forminator-name--field\" aria-required=\"true\" \/><\/div><\/div><\/div><div class=\"forminator-row\"><div id=\"email-1\" class=\"forminator-field-email forminator-col forminator-col-12 \"><div class=\"forminator-field\"><label for=\"forminator-field-email-1_69d979d23d2a2\" id=\"forminator-field-email-1_69d979d23d2a2-label\" class=\"forminator-label\">Adresse de messagerie <span class=\"forminator-required\">*<\/span><\/label><input type=\"email\" name=\"email-1\" value=\"\" placeholder=\"Par exemple\u00a0: jacques@martin.com\" id=\"forminator-field-email-1_69d979d23d2a2\" class=\"forminator-input forminator-email--field\" data-required=\"true\" aria-required=\"true\" \/><\/div><\/div><\/div><div class=\"forminator-row\"><div id=\"phone-1\" class=\"forminator-field-phone forminator-col forminator-col-12 \"><div class=\"forminator-field\"><label for=\"forminator-field-phone-1_69d979d23d2a2\" id=\"forminator-field-phone-1_69d979d23d2a2-label\" class=\"forminator-label\">Num\u00e9ro de t\u00e9l\u00e9phone<\/label><input type=\"text\" name=\"phone-1\" value=\"\" placeholder=\"Par exemple\u00a0: +1 02 03 04 05\" id=\"forminator-field-phone-1_69d979d23d2a2\" class=\"forminator-input forminator-field--phone\" data-required=\"\" aria-required=\"false\" autocomplete=\"off\" \/><\/div><\/div><\/div><div class=\"forminator-row\"><div id=\"textarea-1\" class=\"forminator-field-textarea forminator-col forminator-col-12 \"><div class=\"forminator-field\"><label for=\"forminator-field-textarea-1_69d979d23d2a2\" id=\"forminator-field-textarea-1_69d979d23d2a2-label\" class=\"forminator-label\">Message<\/label><textarea name=\"textarea-1\" placeholder=\"Saisissez votre message\u2026\" id=\"forminator-field-textarea-1_69d979d23d2a2\" class=\"forminator-textarea\" rows=\"6\" style=\"min-height:140px;\" maxlength=\"180\" ><\/textarea><span id=\"forminator-field-textarea-1_69d979d23d2a2-description\" class=\"forminator-description\"><span data-limit=\"180\" data-type=\"characters\" data-editor=\"\">0 \/ 180<\/span><\/span><\/div><\/div><\/div><div class=\"forminator-row\"><div id=\"captcha-1\" class=\"forminator-field-captcha forminator-col forminator-col-12 \"><div class=\"forminator-captcha-left forminator-g-recaptcha\" data-theme=\"light\"  data-sitekey=\"6LdvNZMUAAAAAOX9MHNFjg3fyHS3VVh8kFgyFLI7\" data-size=\"normal\"><\/div> <\/div><\/div><input type=\"hidden\" name=\"referer_url\" value=\"\" \/><div class=\"forminator-row forminator-row-last\"><div class=\"forminator-col\"><div class=\"forminator-field\"><button class=\"forminator-button forminator-button-submit\">Envoyer le message<\/button><\/div><\/div><\/div><input type=\"hidden\" id=\"forminator_nonce\" name=\"forminator_nonce\" value=\"368919083b\" \/><input type=\"hidden\" name=\"_wp_http_referer\" value=\"\/index.php\/wp-json\/wp\/v2\/pages\/1317\" \/><input type=\"hidden\" name=\"form_id\" value=\"1824\"><input type=\"hidden\" name=\"page_id\" value=\"1317\"><input type=\"hidden\" name=\"form_type\" value=\"default\"><input type=\"hidden\" name=\"current_url\" value=\"https:\/\/clementresta-avocat.com\/index.php\/about-me\/\"><input type=\"hidden\" name=\"render_id\" value=\"0\"><input type=\"hidden\" name=\"action\" value=\"forminator_submit_form_custom-forms\"><\/form>\n[mesmerize_maps address=\u00a0\u00bb12 rue de la navigation 69009 Lyon France\u00a0\u00bb]\n\n","protected":false},"excerpt":{"rendered":"<p>About me I specialize in tax law to offer my clients a wide range of tax services.\u00a0 After 8 years practising international tax advice at Deloitte and EY, I have established an expertise within international tax matters. If you are an individual or a company lost in the French tax system, I can help you&hellip; <br \/> <a class=\"read-more\" href=\"https:\/\/clementresta-avocat.com\/index.php\/about-me\/\">Lire la suite<\/a><\/p>\n","protected":false},"author":1,"featured_media":0,"parent":0,"menu_order":0,"comment_status":"closed","ping_status":"closed","template":"pro\/page-templates\/boxed-page-with-small-header.php","meta":{"footnotes":""},"class_list":["post-1317","page","type-page","status-publish","hentry"],"aioseo_notices":[],"jetpack_sharing_enabled":true,"_links":{"self":[{"href":"https:\/\/clementresta-avocat.com\/index.php\/wp-json\/wp\/v2\/pages\/1317","targetHints":{"allow":["GET"]}}],"collection":[{"href":"https:\/\/clementresta-avocat.com\/index.php\/wp-json\/wp\/v2\/pages"}],"about":[{"href":"https:\/\/clementresta-avocat.com\/index.php\/wp-json\/wp\/v2\/types\/page"}],"author":[{"embeddable":true,"href":"https:\/\/clementresta-avocat.com\/index.php\/wp-json\/wp\/v2\/users\/1"}],"replies":[{"embeddable":true,"href":"https:\/\/clementresta-avocat.com\/index.php\/wp-json\/wp\/v2\/comments?post=1317"}],"version-history":[{"count":20,"href":"https:\/\/clementresta-avocat.com\/index.php\/wp-json\/wp\/v2\/pages\/1317\/revisions"}],"predecessor-version":[{"id":1826,"href":"https:\/\/clementresta-avocat.com\/index.php\/wp-json\/wp\/v2\/pages\/1317\/revisions\/1826"}],"wp:attachment":[{"href":"https:\/\/clementresta-avocat.com\/index.php\/wp-json\/wp\/v2\/media?parent=1317"}],"curies":[{"name":"wp","href":"https:\/\/api.w.org\/{rel}","templated":true}]}}