{"id":304,"date":"2019-02-22T12:19:38","date_gmt":"2019-02-22T11:19:38","guid":{"rendered":"https:\/\/cravocat-fiscal.com\/?page_id=304"},"modified":"2021-07-11T09:41:44","modified_gmt":"2021-07-11T07:41:44","slug":"sitemap","status":"publish","type":"page","link":"https:\/\/clementresta-avocat.com\/index.php\/sitemap\/","title":{"rendered":"Le site en quelques mots"},"content":{"rendered":"\n<h1>Choisir son avocat fiscaliste \u00e0 Lyon : pourquoi nous ?<\/h1>\n<p>Si vous \u00eates sur ce site, c\u2019est que vous vous int\u00e9ressez \u00e0 la fiscalit\u00e9 et que, peut-\u00eatre, vous avez besoin des services d\u2019un avocat fiscaliste.<\/p>\n<p>Mais vous vous posez de nombreuses questions&nbsp;: ai-je vraiment besoin d\u2019un <strong>avocat fiscaliste<\/strong>&nbsp;? en quoi peut-il m\u2019aider&nbsp;? combien cela co\u00fbte-t-il&nbsp;?<\/p>\n<p>Cela tombe bien, nous sommes l\u00e0 pour vous guider.<\/p>\n<h2>Avocat fiscaliste, c\u2019est quoi ?<\/h2>\n<p>Il s&rsquo;agit d&rsquo;un professionnel du droit, sp\u00e9cialis\u00e9 en mati\u00e8re de fiscalit\u00e9, exer\u00e7ant au sein d&rsquo;un&nbsp;<strong>cabinet d&rsquo;avocats<\/strong> et qui intervient tant aupr\u00e8s&nbsp;des entreprises que des particuliers.<\/p>\n<p>L&rsquo;<a href=\"https:\/\/clementresta-avocat.com\/index.php\/avocat-fiscaliste-c-est-quoi\/#t1\">avocat fiscaliste<\/a> est avant tout un sp\u00e9cialiste de sa mati\u00e8re.<\/p>\n<p>Il doit disposer de solides connaissances techniques acquises \u00e0 l&rsquo;issue d&rsquo;une formation universitaire sp\u00e9cialis\u00e9e.<\/p>\n<p>Comme tout <a href=\"https:\/\/clementresta-avocat.com\/index.php\/avocat-fiscaliste-qu-est-ce-que-c-est\/\">avocat<\/a>, il est le mandataire naturel de son client, tant en mati\u00e8re de conseil qu&rsquo;en mati\u00e8re de contr\u00f4le fiscal, o\u00f9 son r\u00f4le de protecteur des droits et garanties du contribuable est essentiel.<\/p>\n<h2>A quoi sert un avocat fiscaliste?<\/h2>\n<p>Le r\u00f4le de l&rsquo;<a href=\"https:\/\/clementresta-avocat.com\/index.php\/a-quoi-sert-un-avocat-fiscaliste\/\">avocat fiscaliste<\/a> est d&rsquo;accompagner les entreprises ou les particuliers en mati\u00e8re de fiscalit\u00e9.<\/p>\n<p>Il est d\u00e9sign\u00e9 sous le nom de fiscaliste, de conseiller fiscal, de conseiller en gestion de patrimoine.<\/p>\n<p>Il a \u00e0 la fois un r\u00f4le de conseil mais \u00e9galement de protecteur de garanties des contribuables. C&rsquo;est un maillon essentiel dans les relations entre le citoyen et l&rsquo;administration fiscale.<\/p>\n<h2>L&rsquo;avocat et vos imp\u00f4ts<\/h2>\n<p>C&rsquo;est bien souvent lors de la campagne de d\u00e9claration des revenus que l&rsquo;avocat <a href=\"https:\/\/clementresta-avocat.com\/index.php\/avocat-et-impots\/\">fiscaliste<\/a> devient un professionnel recherch\u00e9.<\/p>\n<p>On cherchera son avis pour s&rsquo;assurer qu&rsquo;on oublie aucune charge d\u00e9ductible, que le rattachement de nos enfants majeurs est pertinent&#8230;.<\/p>\n<h2>Le r\u00f4le de l\u2019avocat dans le contr\u00f4le fiscal<\/h2>\n<p>Face \u00e0 une administration fiscale de plus en plus agressive, il est souvent vital pour une entreprise ou un particulier de se faire aider par un professionnel du droit en cas de v\u00e9rification de comptabilit\u00e9 ou d\u2019examen de la situation fiscale personnelle.<\/p>\n<p>L&rsquo;avocat fiscaliste veillera au respect des droits de son client faisant l&rsquo;objet du <a href=\"https:\/\/clementresta-avocat.com\/index.php\/avocat-controle-fiscal\/#t2\">contr\u00f4le fiscal<\/a> et s&rsquo;assurera en particulier que le principe du d\u00e9bat oral et contradictoire est bien respect\u00e9.<\/p>\n<p>Au-del\u00e0 de son r\u00f4le de protecteur des droits et garanties du contribuable, l&rsquo;avocat doit avant tout s&rsquo;assurer du bien-fond\u00e9 du redressement fiscal envisag\u00e9 ou notifi\u00e9 par l&rsquo;administration fiscale.<\/p>\n<h2>Quand prendre un avocat fiscaliste ?<\/h2>\n<p>Cela d\u00e9pend de vos besoins.<\/p>\n<p>Ainsi en mati\u00e8re de conseil, il pourra s&rsquo;av\u00e9rer n\u00e9cessaire de solliciter l\u2019avis \u00e9clair\u00e9 d\u2019un avocat fiscaliste afin de mesurer les enjeux fiscaux de tout projet, qu&rsquo;il soit professionnel ou patrimonial.<\/p>\n<p>En fonction de l\u2019ampleur des enjeux financiers de votre projet ou de la complexit\u00e9 de la probl\u00e9matique rencontr\u00e9e, il est en effet recommand\u00e9 de recourir \u00e0 l\u2019expertise d\u2019<a href=\"https:\/\/clementresta-avocat.com\/index.php\/quand-prendre-un-avocat-fiscaliste\/#t2\">avocats fiscalistes<\/a>, au travers d\u2019une consultation fiscale.<\/p>\n<p>En mati\u00e8re de contr\u00f4le fiscal, l\u2019avocat peut \u00eatre saisi d\u00e8s le d\u00e9but de la proc\u00e9dure ou ult\u00e9rieurement lors que les chefs de redressement sont connus. Il assistera le contribuable \u00e0 v\u00e9rifier \u00e0 d\u00e9finir une strat\u00e9gie de contestation des rappels notifi\u00e9s.<\/p>\n<h2>Le cabinet en quelques mots<\/h2>\n<p>Titulaire d&rsquo;un magist\u00e8re juriste d&rsquo;affaires et d&rsquo;un DJCE d\u00e9livr\u00e9 par l&rsquo;universit\u00e9 Lyon III, je suis avocat fiscaliste membre du barreau de Lyon (Toque n\u00b02343) et <a href=\"https:\/\/clementresta-avocat.com\/index.php\/avocat-fiscaliste-lyon\/#t1\">mon cabinet<\/a> se situe au 12 rue de la Navigation, 69009 Lyon.<\/p>\n<p>J&rsquo;ai d\u00e9but\u00e9 ma carri\u00e8re dans les d\u00e9partements tax de cabinets d&rsquo;audit et conseil internationaux (Deloitte, EY soci\u00e9t\u00e9 d&rsquo;avocats) puis ai rejoint le cabinet lyonnais Yd\u00e8s avocats.<\/p>\n<p>En qualit\u00e9 d&rsquo;avocat fiscaliste, j&rsquo;interviens tant en mati\u00e8re de&nbsp;conseil qu&rsquo;en phase contentieuse, dans tous les champs de la fiscalit\u00e9 (fiscalit\u00e9 patrimoniale, fiscalit\u00e9 des entreprises etc.).<\/p>\n<h2>Le travail dans un cabinet d&rsquo;avocat sp\u00e9cialis\u00e9 en fiscalit\u00e9<\/h2>\n<p>L&rsquo;avocat fiscaliste occupe ses journ\u00e9es \u00e0 r\u00e9diger des consultations en mati\u00e8re fiscale, \u00e9tablir ou r\u00e9viser des contrats ou actes ayant trait \u00e0 tout type d&rsquo;imp\u00f4t.<\/p>\n<p><a href=\"https:\/\/clementresta-avocat.com\/index.php\/travailler-dans-un-cabinet-d-avocats\/\">L&rsquo;avocat<\/a> se d\u00e9place r\u00e9guli\u00e8rement, soit chez ses clients, soit dans les locaux de l&rsquo;administration fiscale, par exemple dans le cadre de recours hi\u00e9rarchiques ou d&rsquo;entretiens avec l&rsquo;inspecteur des imp\u00f4ts.<\/p>\n<p>L&rsquo;avocat fiscaliste doit consacrer une partie de son temps \u00e0 l&rsquo;actualit\u00e9 fiscale, et de fa\u00e7on plus intense au moment de la loi de finances.<\/p>\n<h2>Cabinet d&rsquo;avocat versus cabinet d&rsquo;avocats<\/h2>\n<p>La profession d&rsquo;avocat est lib\u00e9rale et ind\u00e9pendante par essence.<\/p>\n<p>Aussi, il est naturel pour un <a href=\"https:\/\/clementresta-avocat.com\/index.php\/cabinet-d-avocats\/\">avocat<\/a> d&rsquo;exercer \u00e0 titre individuel.<\/p>\n<p>Pourtant, le regroupement de comp\u00e9tences au sein d&rsquo;une structure d&rsquo;exercice en commun est un vecteur fort de d\u00e9veloppement.<\/p>\n<p>&nbsp;<\/p>\n<p>&nbsp;<\/p>\n","protected":false},"excerpt":{"rendered":"<p>Choisir son avocat fiscaliste \u00e0 Lyon : pourquoi nous ? Si vous \u00eates sur ce site, c\u2019est que vous vous int\u00e9ressez \u00e0 la fiscalit\u00e9 et que, peut-\u00eatre, vous avez besoin des services d\u2019un avocat fiscaliste. Mais vous vous posez de nombreuses questions&nbsp;: ai-je vraiment besoin d\u2019un avocat fiscaliste&nbsp;? en quoi peut-il m\u2019aider&nbsp;? combien cela co\u00fbte-t-il&nbsp;?&hellip; <br \/> <a class=\"read-more\" href=\"https:\/\/clementresta-avocat.com\/index.php\/sitemap\/\">Lire la suite<\/a><\/p>\n","protected":false},"author":1,"featured_media":311,"parent":0,"menu_order":0,"comment_status":"closed","ping_status":"closed","template":"","meta":{"footnotes":""},"class_list":["post-304","page","type-page","status-publish","has-post-thumbnail","hentry"],"aioseo_notices":[],"jetpack_sharing_enabled":true,"_links":{"self":[{"href":"https:\/\/clementresta-avocat.com\/index.php\/wp-json\/wp\/v2\/pages\/304","targetHints":{"allow":["GET"]}}],"collection":[{"href":"https:\/\/clementresta-avocat.com\/index.php\/wp-json\/wp\/v2\/pages"}],"about":[{"href":"https:\/\/clementresta-avocat.com\/index.php\/wp-json\/wp\/v2\/types\/page"}],"author":[{"embeddable":true,"href":"https:\/\/clementresta-avocat.com\/index.php\/wp-json\/wp\/v2\/users\/1"}],"replies":[{"embeddable":true,"href":"https:\/\/clementresta-avocat.com\/index.php\/wp-json\/wp\/v2\/comments?post=304"}],"version-history":[{"count":14,"href":"https:\/\/clementresta-avocat.com\/index.php\/wp-json\/wp\/v2\/pages\/304\/revisions"}],"predecessor-version":[{"id":1598,"href":"https:\/\/clementresta-avocat.com\/index.php\/wp-json\/wp\/v2\/pages\/304\/revisions\/1598"}],"wp:featuredmedia":[{"embeddable":true,"href":"https:\/\/clementresta-avocat.com\/index.php\/wp-json\/wp\/v2\/media\/311"}],"wp:attachment":[{"href":"https:\/\/clementresta-avocat.com\/index.php\/wp-json\/wp\/v2\/media?parent=304"}],"curies":[{"name":"wp","href":"https:\/\/api.w.org\/{rel}","templated":true}]}}