{"id":325,"date":"2019-02-22T17:11:51","date_gmt":"2019-02-22T16:11:51","guid":{"rendered":"https:\/\/cravocat-fiscal.com\/?page_id=325"},"modified":"2021-01-22T17:40:37","modified_gmt":"2021-01-22T16:40:37","slug":"avocat-fiscaliste-c-est-quoi","status":"publish","type":"page","link":"https:\/\/clementresta-avocat.com\/index.php\/avocat-fiscaliste-c-est-quoi\/","title":{"rendered":"Avocat fiscaliste, c&rsquo;est quoi?"},"content":{"rendered":"\n\t <a href=\"https:\/\/clementresta-avocat.com\/\" rel=\"nofollow\" itemprop=\"url\"><img data-recalc-dims=\"1\" loading=\"lazy\" decoding=\"async\" width=\"378\" height=\"79\" src=\"https:\/\/i0.wp.com\/clementresta-avocat.com\/wp-content\/uploads\/2019\/02\/cropped-LogoCR.png?resize=378%2C79&#038;ssl=1\" alt=\"\" itemprop=\"logo\" srcset=\"https:\/\/clementresta-avocat.com\/wp-content\/uploads\/2019\/02\/cropped-LogoCR.png 378w, https:\/\/clementresta-avocat.com\/wp-content\/uploads\/2019\/02\/cropped-LogoCR-300x63.png 300w\" sizes=\"auto, (max-width: 378px) 100vw, 378px\"><\/a><ul id=\"main_menu\"><li id=\"menu-item-18\"><a href=\"https:\/\/clementresta-avocat.com\/\" rel=\"nofollow\" aria-current=\"page\">Accueil<\/a><\/li><li id=\"menu-item-21\"><a href=\"https:\/\/clementresta-avocat.com\/index.php\/contact\/\" rel=\"nofollow\">Contact<\/a><\/li><li id=\"menu-item-359\"><a href=\"https:\/\/clementresta-avocat.com\/index.php\/rdv-en-ligne\/\" rel=\"nofollow\">RDV en ligne<\/a><\/li><li id=\"menu-item-20\"><a href=\"https:\/\/clementresta-avocat.com\/index.php\/blog\/\" rel=\"nofollow\">Blog<\/a><\/li><li id=\"menu-item-19\"><a href=\"https:\/\/clementresta-avocat.com\/index.php\/cgu\/\" rel=\"nofollow\">CGU<\/a><\/li><li id=\"menu-item-668\"><a href=\"https:\/\/clementresta-avocat.com\/index.php\/nos-modeles-documents-fiscaux\/\" rel=\"nofollow\">Nos mod\u00e8les fiscaux<\/a><\/li><\/ul> <a href=\"#\" rel=\"nofollow\" data-component=\"offcanvas\" data-target=\"#offcanvas-wrapper\" data-direction=\"right\" data-width=\"300px\" data-push=\"false\" data-loaded=\"true\">  <\/a>\n\t<h1><strong>Avocat fiscaliste c&rsquo;est quoi?<\/strong><\/h1>\n<p>Comme bien d&rsquo;autres professions, les avocats g\u00e9n\u00e9ralistes sont de moins en moins nombreux tant la n\u00e9cessit\u00e9 de recourir \u00e0 de v\u00e9ritables sp\u00e9cialistes dans leur mati\u00e8re s&rsquo;accrue au fil des ann\u00e9es.<\/p>\n<p>Alors un <strong>avocat fiscaliste<\/strong> c&rsquo;est quoi au juste?<\/p>\n<p>Il s&rsquo;agit d&rsquo;un professionnel du droit, sp\u00e9cialis\u00e9 en mati\u00e8re de fiscalit\u00e9, exer\u00e7ant au sein d&rsquo;un <strong>cabinet d&rsquo;avocats<\/strong> qui intervient tant aupr\u00e8s des entreprises que des particuliers.<\/p>\n<p>L&rsquo;<strong>avocat<\/strong> est le mandataire naturel de son client, tant en mati\u00e8re de conseil qu&rsquo;en mati\u00e8re de contr\u00f4le fiscal, o\u00f9 son r\u00f4le de protecteur des droits et garanties du contribuable est essentiel.<\/p>\n<p>L&rsquo;<strong><a href=\"https:\/\/clementresta-avocat.com\/index.php\/avocat-fiscaliste-lyon\/#t2\">avocat en droit fiscal<\/a><\/strong> est avant tout un sp\u00e9cialiste de sa mati\u00e8re et doit disposer de solides connaissances techniques acquises \u00e0 l&rsquo;issue d&rsquo;une formation universitaire sp\u00e9cialis\u00e9e (ex. Master 2 en <strong>fiscalit\u00e9 internationale<\/strong> ou <strong>fiscalit\u00e9 patrimoniale<\/strong>).<\/p>\n<div id=\"attachment_1126\" style=\"width: 310px\" class=\"wp-caption alignnone\"><img data-recalc-dims=\"1\" loading=\"lazy\" decoding=\"async\" aria-describedby=\"caption-attachment-1126\" src=\"https:\/\/i0.wp.com\/clementresta-avocat.com\/wp-content\/uploads\/2020\/02\/office-620822_1920.jpg?resize=300%2C199&#038;ssl=1\" alt=\"avocat fiscaliste c'est quoi?\" width=\"300\" height=\"199\" \/><p id=\"caption-attachment-1126\" class=\"wp-caption-text\">avocat fiscaliste c&rsquo;est quoi?<\/p><\/div>\n<ol>\n<li><a href=\"#t1\">R\u00f4le et mission<\/a><\/li>\n<li><a href=\"#t2\">Comment devenir avocat fiscaliste\u00a0?<\/a><\/li>\n<li><a href=\"#t3\">Quel profil et quel salaire pour l&rsquo;avocat fiscaliste?<\/a><\/li>\n<\/ol>\n<h2 id=\"t1\">R\u00f4le et mission de l&rsquo;avocat fiscaliste<\/h2>\n<p>En tant qu&rsquo;avocat, il apporte sa comp\u00e9tence dans tous les champs de la fiscalit\u00e9 et accompagne ses clients sur toute probl\u00e9matique d&rsquo;ordre fiscal.<\/p>\n<p>Il est sollicit\u00e9 pour apporter son expertise dans tous les domaines concernant les imp\u00f4ts: <strong>fiscalit\u00e9 des entreprises<\/strong>, fiscalit\u00e9 du patrimoine, imp\u00f4ts des particuliers, TVA et droits d&rsquo;enregistrement etc.<\/p>\n<p>En mati\u00e8re de droit fiscal international, il \u00e9tudie et mesure les impacts fiscaux d&rsquo;une situation particuli\u00e8re lorsque les l\u00e9gislations fiscales de plusieurs pays ont vocation \u00e0 s&rsquo;appliquer.<\/p>\n<p>Sa connaissance pointue des m\u00e9canismes r\u00e9gissant les conventions internationales visant \u00e0 \u00e9viter les doubles impositions est alors indispensable.<\/p>\n<p>Souvent d\u00e9cri\u00e9 pour \u00eatre \u00e0 l&rsquo;origine de sch\u00e9mas d&rsquo;<strong>optimisation fiscale<\/strong>, le <strong>m\u00e9tier de fiscaliste<\/strong> est fortement \u00e9volu\u00e9 compte tenu du mouvement de convergence des normes fiscales (action BEPS notamment) et du renforcement\u00a0des outils l\u00e9gislatifs de lutte contre l&rsquo;\u00e9vasion fiscale.<\/p>\n<p>On recherche d\u00e9sormais son <strong>conseil juridique<\/strong> autant pour s&rsquo;assurer de la bonne conformit\u00e9 au plan fiscal d&rsquo;une op\u00e9ration donn\u00e9e que pour tenter d&rsquo;att\u00e9nuer la charge fiscale en r\u00e9sultant (r\u00e9gimes de faveur, b\u00e9n\u00e9fice d&rsquo;exon\u00e9ration etc.).<\/p>\n<p>L&rsquo;avocat est bien entendu le d\u00e9fenseur naturel de ses clients soumis \u00e0 un contr\u00f4le fiscal (v\u00e9rification de comptabilit\u00e9, examen de situation fiscale et personnelle, contr\u00f4le sur pi\u00e8ces\u00a0etc.).<\/p>\n<p>L&rsquo;avocat s&rsquo;assure du respect de leurs droits et garanties (d\u00e9bat oral et contradictoire, recours hi\u00e9rarchique etc.) et met en \u0153uvre une strat\u00e9gie de d\u00e9fense fiscale pertinente.<\/p>\n<p>En tant qu&rsquo;avocat, il est soumis aux r\u00e8gles et principes d\u00e9ontologiques de la profession d&rsquo;avocat (secret professionnel, devoir de comp\u00e9tence etc.).<\/p>\n<h2 id=\"t2\"><strong>Comment devenir avocat fiscaliste ?<\/strong><\/h2>\n<p>Pour exercer la profession d&rsquo;<strong>avocat sp\u00e9cialis\u00e9<\/strong> en droit fiscal, il est n\u00e9cessaire de disposer d&rsquo;une formation g\u00e9n\u00e9raliste dans les principales branches du droit: droit administratif, droit des affaires et des soci\u00e9t\u00e9s, droit civil.<\/p>\n<p>Le parcours classique consiste \u00e0 pr\u00e9senter, apr\u00e8s obtention d&rsquo;un master sp\u00e9cialis\u00e9 en droit fiscal et droit des affaires, l\u2019examen d\u2019entrer au CRFPA.<\/p>\n<p>A l&rsquo;issue de 18 mois de formation, le titre d&rsquo;avocat est obtenu par la validation du <strong>Certificat d&rsquo;Aptitude<\/strong> \u00e0 la Profession d&rsquo;Avocat (CAPA).<\/p>\n<p>Le titulaire du CAPA peut alors ouvrir un <strong>cabinet d&rsquo;avocat<\/strong> ou exercer en tant que collaborateur lib\u00e9ral ou salari\u00e9 pour un autre cabinet.<\/p>\n<p>Il existe une sp\u00e9cialisation en droit fiscal pour les <a href=\"https:\/\/clementresta-avocat.com\/index.php\/travailler-dans-un-cabinet-d-avocats\/\">avocats<\/a>, valid\u00e9e par un jury sp\u00e9cialis\u00e9.<\/p>\n<p>D&rsquo;autres voies d&rsquo;acc\u00e8s parall\u00e8les au <strong>m\u00e9tier d&rsquo;avocat<\/strong> sont ouvertes, apr\u00e8s un certain nombre d&rsquo;ann\u00e9es de pratique professionnelle.<\/p>\n<p>Article soumis au droit de la <strong>propri\u00e9t\u00e9 intellectuelle<\/strong>.<\/p>\n<h2 id=\"t3\">Quel profil et quel salaire pour l&rsquo;avocat fiscaliste?<\/h2>\n<h3>Les comp\u00e9tences requises<\/h3>\n<p>Avant tout, un solide parcours universitaire est n\u00e9cessaire avec des connaissances approfondies dans certains domaines sp\u00e9cifiques (finances, comptabilit\u00e9) mais aussi une culture g\u00e9n\u00e9rale transversale en droit des affaires (droit des contrats, droit des soci\u00e9t\u00e9s).<\/p>\n<p>L&rsquo;avocat fiscaliste doit faire preuve d&rsquo;une grande rigueur intellectuelle, et \u00eatre \u00e0 l&rsquo;aise avec les chiffres.<\/p>\n<p>Dot\u00e9 d&rsquo;une grande capacit\u00e9 d&rsquo;adaptation et d&rsquo;un sens de l&rsquo;organisation, l&rsquo;avocat en droit fiscal doit \u00e9galement \u00eatre parfaitement bilingue en anglais, tant \u00e0 l&rsquo;\u00e9crit qu&rsquo;\u00e0 l&rsquo;oral.<\/p>\n<h3>Le salaire de l&rsquo;avocat fiscaliste<\/h3>\n<p>Un avocat fiscaliste d\u00e9butant gagnera environ 30 \u00e0 35 000 \u20ac la premi\u00e8re ann\u00e9e. S&rsquo;il parvient \u00e0 d\u00e9velopper sa propre client\u00e8le et \u00e0 devenir associ\u00e9 d&rsquo;une structure, ses revenus pourront d\u00e9passer 200 000 \u20ac apr\u00e8s une dizaine d&rsquo;ann\u00e9e d&rsquo;exp\u00e9rience.<\/p>\n<p>Certains associ\u00e9s de gros cabinets anglo-saxons d\u00e9passent largement le million d&rsquo;euros de revenus annuels.<\/p>\n<h3><strong>Nous contacter<\/strong><\/h3>\n<p>Ma\u00eetre RESTA Cl\u00e9ment, membre du barreau des avocats de lyon &#8211; visitez notre site \u00e0 l&rsquo;adresse www.clementresta-avocat.com<\/p>\n<p>Vous pouvez \u00e9galement utiliser le formulaire de contact ci-dessous:<\/p>\n\t<footer><a href=\"https:\/\/clementresta-avocat.com\/index.php\/sitemap\/\">Le site en quelques mots<\/a><\/footer>\n","protected":false},"excerpt":{"rendered":"<p>Accueil Contact RDV en ligne Blog CGU Nos mod\u00e8les fiscaux Avocat fiscaliste c&rsquo;est quoi? Comme bien d&rsquo;autres professions, les avocats g\u00e9n\u00e9ralistes sont de moins en moins nombreux tant la n\u00e9cessit\u00e9 de recourir \u00e0 de v\u00e9ritables sp\u00e9cialistes dans leur mati\u00e8re s&rsquo;accrue au fil des ann\u00e9es. Alors un avocat fiscaliste c&rsquo;est quoi au juste? Il s&rsquo;agit d&rsquo;un&hellip; <br \/> <a class=\"read-more\" href=\"https:\/\/clementresta-avocat.com\/index.php\/avocat-fiscaliste-c-est-quoi\/\">Lire la suite<\/a><\/p>\n","protected":false},"author":1,"featured_media":0,"parent":0,"menu_order":0,"comment_status":"closed","ping_status":"closed","template":"blank-slate-template.php","meta":{"footnotes":""},"class_list":["post-325","page","type-page","status-publish","hentry"],"aioseo_notices":[],"jetpack_sharing_enabled":true,"_links":{"self":[{"href":"https:\/\/clementresta-avocat.com\/index.php\/wp-json\/wp\/v2\/pages\/325","targetHints":{"allow":["GET"]}}],"collection":[{"href":"https:\/\/clementresta-avocat.com\/index.php\/wp-json\/wp\/v2\/pages"}],"about":[{"href":"https:\/\/clementresta-avocat.com\/index.php\/wp-json\/wp\/v2\/types\/page"}],"author":[{"embeddable":true,"href":"https:\/\/clementresta-avocat.com\/index.php\/wp-json\/wp\/v2\/users\/1"}],"replies":[{"embeddable":true,"href":"https:\/\/clementresta-avocat.com\/index.php\/wp-json\/wp\/v2\/comments?post=325"}],"version-history":[{"count":24,"href":"https:\/\/clementresta-avocat.com\/index.php\/wp-json\/wp\/v2\/pages\/325\/revisions"}],"predecessor-version":[{"id":1549,"href":"https:\/\/clementresta-avocat.com\/index.php\/wp-json\/wp\/v2\/pages\/325\/revisions\/1549"}],"wp:attachment":[{"href":"https:\/\/clementresta-avocat.com\/index.php\/wp-json\/wp\/v2\/media?parent=325"}],"curies":[{"name":"wp","href":"https:\/\/api.w.org\/{rel}","templated":true}]}}