{"id":371,"date":"2019-02-24T15:04:54","date_gmt":"2019-02-24T14:04:54","guid":{"rendered":"https:\/\/cravocat-fiscal.com\/?page_id=371"},"modified":"2020-09-17T16:38:31","modified_gmt":"2020-09-17T14:38:31","slug":"avis-de-mise-en-recouvrement-comment-contester-sa-regularite","status":"publish","type":"page","link":"https:\/\/clementresta-avocat.com\/index.php\/avis-de-mise-en-recouvrement-comment-contester-sa-regularite\/","title":{"rendered":"Avis de mise en recouvrement: comment contester sa r\u00e9gularit\u00e9 et \u00e0 quel moment?"},"content":{"rendered":"\n\t[print_link]\n\t<div class=\"addtoany_shortcode\"><div class=\"a2a_kit a2a_kit_size_32 addtoany_list\" data-a2a-url=\"https:\/\/clementresta-avocat.com\/index.php\/avis-de-mise-en-recouvrement-comment-contester-sa-regularite\/\" data-a2a-title=\"Avis de mise en recouvrement: comment contester sa r\u00e9gularit\u00e9 et \u00e0 quel moment?\"><a class=\"a2a_button_facebook\" href=\"https:\/\/www.addtoany.com\/add_to\/facebook?linkurl=https%3A%2F%2Fclementresta-avocat.com%2Findex.php%2Favis-de-mise-en-recouvrement-comment-contester-sa-regularite%2F&amp;linkname=Avis%20de%20mise%20en%20recouvrement%3A%20comment%20contester%20sa%20r%C3%A9gularit%C3%A9%20et%20%C3%A0%20quel%20moment%3F\" title=\"Facebook\" rel=\"nofollow noopener\" target=\"_blank\"><\/a><a class=\"a2a_button_twitter\" href=\"https:\/\/www.addtoany.com\/add_to\/twitter?linkurl=https%3A%2F%2Fclementresta-avocat.com%2Findex.php%2Favis-de-mise-en-recouvrement-comment-contester-sa-regularite%2F&amp;linkname=Avis%20de%20mise%20en%20recouvrement%3A%20comment%20contester%20sa%20r%C3%A9gularit%C3%A9%20et%20%C3%A0%20quel%20moment%3F\" title=\"Twitter\" rel=\"nofollow noopener\" target=\"_blank\"><\/a><a class=\"a2a_button_email\" href=\"https:\/\/www.addtoany.com\/add_to\/email?linkurl=https%3A%2F%2Fclementresta-avocat.com%2Findex.php%2Favis-de-mise-en-recouvrement-comment-contester-sa-regularite%2F&amp;linkname=Avis%20de%20mise%20en%20recouvrement%3A%20comment%20contester%20sa%20r%C3%A9gularit%C3%A9%20et%20%C3%A0%20quel%20moment%3F\" title=\"Email\" rel=\"nofollow noopener\" target=\"_blank\"><\/a><a class=\"a2a_button_linkedin\" href=\"https:\/\/www.addtoany.com\/add_to\/linkedin?linkurl=https%3A%2F%2Fclementresta-avocat.com%2Findex.php%2Favis-de-mise-en-recouvrement-comment-contester-sa-regularite%2F&amp;linkname=Avis%20de%20mise%20en%20recouvrement%3A%20comment%20contester%20sa%20r%C3%A9gularit%C3%A9%20et%20%C3%A0%20quel%20moment%3F\" title=\"LinkedIn\" rel=\"nofollow noopener\" target=\"_blank\"><\/a><a class=\"a2a_button_copy_link\" href=\"https:\/\/www.addtoany.com\/add_to\/copy_link?linkurl=https%3A%2F%2Fclementresta-avocat.com%2Findex.php%2Favis-de-mise-en-recouvrement-comment-contester-sa-regularite%2F&amp;linkname=Avis%20de%20mise%20en%20recouvrement%3A%20comment%20contester%20sa%20r%C3%A9gularit%C3%A9%20et%20%C3%A0%20quel%20moment%3F\" title=\"Copy Link\" rel=\"nofollow noopener\" target=\"_blank\"><\/a><a class=\"a2a_dd addtoany_share_save addtoany_share\" href=\"https:\/\/www.addtoany.com\/share\"><\/a><\/div><\/div>\n\t<p>Vous avez re\u00e7u un <strong>avis de mise en recouvrement<\/strong> (AMR) et vous souhaitez le contester?<\/p>\n<p>Bien souvent, une telle situation r\u00e9sulte d&rsquo;un simple contr\u00f4le sur pi\u00e8ces, c&rsquo;est \u00e0 dire lorsqu&rsquo;un agent des imp\u00f4ts constate une ou plusieurs erreurs en votre faveur en consultant votre dossier fiscal et les d\u00e9clarations qu&rsquo;il contient (ex. d\u00e9ficit d\u00e9duit deux fois, abattement ou exon\u00e9ration appliqu\u00e9s \u00e0 tort etc.).<\/p>\n<p>Les rappels d&rsquo;imp\u00f4ts peuvent \u00e9galement proc\u00e9der d&rsquo;un <strong>contr\u00f4le fiscal<\/strong> dit \u00ab\u00a0externe\u00a0\u00bb, c&rsquo;est \u00e0 dire dans le cadre d&rsquo;une proc\u00e9dure beaucoup plus lourde pour le contribuable concern\u00e9: une <strong>v\u00e9rification de comptabilit\u00e9<\/strong> pour une activit\u00e9 professionnelle ou un <strong>examen de situation fiscale et personnelle<\/strong> (ESFP) lorsqu&rsquo;il s&rsquo;agit d&rsquo;impositions personnelles.<\/p>\n<p>Dans ces deux cas, le Service d&rsquo;assiette comp\u00e9tent adresse une proposition de rectifications afin d&rsquo;arr\u00eater les nouvelles bases, puis, apr\u00e8s \u00e9puisement des voies de recours pr\u00e9-contentieuses, les impositions suppl\u00e9mentaires.<\/p>\n<p>Bien souvent, ces rappels d&rsquo;imp\u00f4t sont notifi\u00e9s par voie d&rsquo;avis de mise en recouvrement, document distinct des <strong>avis d&rsquo;imposition<\/strong> (voir ci-apr\u00e8s).<\/p>\n<p>Si ces rappels sont fond\u00e9s, le contribuable n&rsquo;est pas pour autant d\u00e9muni de tout moyen de contestation.<\/p>\n<p>Encore faut-il en effet que l&rsquo;avis de mise en recouvrement notifi\u00e9 soit \u00e9tabli en bonne et due forme.<\/p>\n<ol>\n<li><a href=\"#t1\">Avis d&rsquo;imposition ou avis de mise en recouvrement<\/a><\/li>\n<li><a href=\"#t2\">Mentions obligatoires de l&rsquo;AMR<\/a><\/li>\n<li><a href=\"#t3\">Quand contester un AMR?<\/a><\/li>\n<li><a href=\"#t4\">Comment contester un AMR?<\/a><\/li>\n<\/ol>\n<h2 id=\"t1\">Avis de mise en recouvrement versus avis d&rsquo;imposition<\/h2>\n<p>Un avis de mise en recouvrement (ou AMR) ne doit pas \u00eatre confondu avec un avis d&rsquo;imposition.<\/p>\n<p>L&rsquo;imp\u00f4t sur le revenu et les imp\u00f4ts directs locaux (taxe d&rsquo;habitation, taxe fonci\u00e8re, CFE etc.) sont recouvr\u00e9s par voie de r\u00f4le, c&rsquo;est \u00e0 dire par un document \u00e9mis par le comptable public. Les r\u00f4les n&rsquo;\u00e9tant pas destin\u00e9s au contribuable, seuls sont adress\u00e9s \u00e0 ces derniers des extraits de r\u00f4le.<\/p>\n<p>Tel est notamment le cas de l&rsquo;avis d&rsquo;imposition en mati\u00e8re d&rsquo;IR qui est adress\u00e9 chaque ann\u00e9e aux contribuables en septembre. L&rsquo;avis d&rsquo;imposition est donc un extrait du r\u00f4le de l&rsquo;imp\u00f4t sur le revenu.<\/p>\n<p>Les autres imp\u00f4ts ne donnent pas lieu \u00e0 \u00e9mission d&rsquo;un titre, l&rsquo;imp\u00f4t ou la taxe, calcul\u00e9 par le contribuable (ex. l&rsquo;IFI, la TVA, l&rsquo;IS), doit \u00eatre acquitt\u00e9 spontan\u00e9ment.<\/p>\n<p>Ce n&rsquo;est qu&rsquo;en cas de d\u00e9faut de paiement \u00e0 l&rsquo;\u00e9ch\u00e9ance qu&rsquo;un titre valant <strong>cr\u00e9ance du Tr\u00e9sor<\/strong> sur le contribuable est \u00e9mis: c&rsquo;est l&rsquo;avis de mise en recouvrement.<\/p>\n<p>Mais l&rsquo;AMR peut \u00e9galement \u00eatre utilis\u00e9 pour le <strong>recouvrement des imp\u00f4ts<\/strong> directs, en particulier suite \u00e0 un rehaussement notifi\u00e9 par l&rsquo;administration fiscale.<\/p>\n<p>Il n&rsquo;est donc pas rare en pratique de recevoir des rappels d&rsquo;imp\u00f4ts en mati\u00e8re d&rsquo;IR, de taxe d&rsquo;habitation ou de taxe fonci\u00e8re par voie d&rsquo;avis de mise en recouvrement, plut\u00f4t que par voie d&rsquo;avis d&rsquo;imposition.<\/p>\n<p>Il est assez ais\u00e9 d&rsquo;identifier les AMR: la mention \u00ab\u00a0Avis de mise en recouvrement\u00a0\u00bb appara\u00eet distinctement, il contient des mentions obligatoires et doit \u00eatre sign\u00e9 par le comptable public comp\u00e9tent (au contraire des avis d&rsquo;imposition) &#8211; voir ci-dessous pour un exemple:<\/p>\n<p><img loading=\"lazy\" decoding=\"async\" src=\"..\/..\/wp-content\/uploads\/2019\/02\/AMR-contestation-regularite.png\" alt=\"\" width=\"432\" height=\"527\" \/><\/p>\n<h2 id=\"t2\">Les mentions obligatoires de l&rsquo;avis de mise en recouvrement<\/h2>\n<p>Dans la mesure o\u00f9 l&rsquo;AMR authentifie la cr\u00e9ance du Tr\u00e9sor \u00e0 l&rsquo;encontre du contribuable, il doit comporter, pour \u00eatre valable, l&rsquo;ensemble des <strong>mentions obligatoires<\/strong> pr\u00e9vues \u00e0 l&rsquo;article R.*256-1 du <strong>Livre des Proc\u00e9dures Fiscales<\/strong>.<\/p>\n<p>Ces mentions sont les suivantes:<\/p>\n<ol>\n<li>Identification du redevable (nom, pr\u00e9nom et adresse \/ pour les personnes morales: d\u00e9nomination sociale, forme et si\u00e8ge social)<\/li>\n<li>Indication, pour chaque imp\u00f4t ou taxe, du montant global des droits, des p\u00e9nalit\u00e9s et des int\u00e9r\u00eats de retard qui font l&rsquo;objet de cet avis<\/li>\n<li>Mention que d&rsquo;autres int\u00e9r\u00eats de retard pourront \u00eatre liquid\u00e9s apr\u00e8s le paiement int\u00e9gral des droits<\/li>\n<li>Lorsque l&rsquo;avis de mise en recouvrement est cons\u00e9cutif \u00e0 une proc\u00e9dure de rectification, il fait r\u00e9f\u00e9rence \u00e0 la proposition de rectifications et, le cas \u00e9ch\u00e9ant, au document adress\u00e9 au contribuable l&rsquo;informant d&rsquo;une modification des droits, taxes et p\u00e9nalit\u00e9s r\u00e9sultant des rectifications (ex. en cas de correction suite aux \u00e9l\u00e9ments apport\u00e9s en r\u00e9ponse \u00e0 la proposition de rectifications).<\/li>\n<\/ol>\n<p>L&rsquo;AMR doit en outre \u00eatre dat\u00e9 et rev\u00eatu du visa du <strong>comptable public<\/strong> comp\u00e9tent charg\u00e9 du recouvrement (indiquant son nom et pr\u00e9nom ainsi que sa qualit\u00e9).<\/p>\n<p>Toute omission de ces mentions est sanctionn\u00e9e par la <strong>nullit\u00e9 de l&rsquo;AMR<\/strong> et peut donc constituer un moyen efficace d&rsquo;obtenir le d\u00e9gr\u00e8vement des impositions suppl\u00e9mentaires mises \u00e0 la charge du contribuable.<\/p>\n<p>A condition toutefois de soulever le caract\u00e8re irr\u00e9gulier de l&rsquo;avis de mise en recouvrement au moment opportun.<\/p>\n<h2 id=\"t3\">A quel moment contester la r\u00e9gularit\u00e9 de l&rsquo;AMR?<\/h2>\n<p>Si vous constatez qu&rsquo;une des mentions obligatoires est manquante sur l&rsquo;AMR dont vous avez \u00e9t\u00e9 destinataire, prenez garde \u00e0 ne pas soulever trop t\u00f4t ce vice de forme dans votre lettre de contestation.<\/p>\n<p>En effet, les AMR peuvent \u00eatre r\u00e9gularis\u00e9s tant que le d\u00e9lai de r\u00e9p\u00e9tition n&rsquo;est pas expir\u00e9.<\/p>\n<p>Par exemple, si l&rsquo;administration vous a adress\u00e9 fin 2017 une proposition de rectifications relative \u00e0 votre imp\u00f4t sur le revenu 2014, le d\u00e9lai de r\u00e9p\u00e9tition expirera le 31 d\u00e9cembre 2020.<\/p>\n<p>L&rsquo;administration peut donc \u00e9mettre un nouvel AMR avant cette date afin de r\u00e9gulariser la proc\u00e9dure d&rsquo;imposition.<\/p>\n<p>Si elle ne le fait pas, la proc\u00e9dure de recouvrement est nulle et la d\u00e9charge des impositions suppl\u00e9mentaires notifi\u00e9es par voie d&rsquo;AMR irr\u00e9gulier s&rsquo;impose.<\/p>\n<p>Il faut donc s&rsquo;armer de patience et soulever uniquement le vice apr\u00e8s l&rsquo;expiration du d\u00e9lai de r\u00e9p\u00e9tition.<\/p>\n<h2 id=\"t4\">Contestation de la validit\u00e9 de l&rsquo;AMR: comment faire en pratique?<\/h2>\n<p>Une fois r\u00e9ceptionn\u00e9 l&rsquo;avis de mise en recouvrement, le seul moyen de contester les impositions suppl\u00e9mentaires notifi\u00e9es est de formuler une <strong>r\u00e9clamation contentieuse<\/strong>.<\/p>\n<p>A cette fin, vous pouvez utiliser notre <a href=\"..\/modele-de-reclamation-avec-sursis-de-paiement\/\">mod\u00e8le de r\u00e9clamation contentieuse<\/a> disponible en t\u00e9l\u00e9chargement libre.<\/p>\n<p>Mais attention, il ne s&rsquo;agit pas de soulever le <strong>vice de forme<\/strong> de l&rsquo;AMR imm\u00e9diatement mais plut\u00f4t de gagner du temps en faisant valoir d&rsquo;autres motifs de contestation des rappels notifi\u00e9s, m\u00eame si ces motifs n&rsquo;ont aucune chance de prosp\u00e9rer.<\/p>\n<p>Il restera alors \u00e0 contester la d\u00e9cision de rejet de la r\u00e9clamation devant le Tribunal administratif.<\/p>\n<p>Ce n&rsquo;est que lorsque le d\u00e9lai de r\u00e9p\u00e9tition sera expir\u00e9 qu&rsquo;il conviendra de faire \u00e9tat, devant le Tribunal, de l&rsquo;irr\u00e9gularit\u00e9 de l&rsquo;AMR par le biais d&rsquo;un m\u00e9moire compl\u00e9mentaire.<\/p>\n<p>L&rsquo;irr\u00e9gularit\u00e9 formelle commise par les services du recouvrement ne pourra alors plus \u00eatre r\u00e9gularis\u00e9e par l&rsquo;\u00e9mission d&rsquo;un nouvel AMR.<\/p>\n<p>Le cas pratique suivant montre comment une bonne gestion du calendrier de la proc\u00e9dure permet d&rsquo;aboutir \u00e0 la d\u00e9charge des impositions notifi\u00e9es par voie d&rsquo;AMR irr\u00e9gulier:<\/p>\n<ul>\n<li>R\u00e9ception d&rsquo;une proposition de rectifications en d\u00e9cembre 2017 au titre de l&rsquo;ann\u00e9e 2014: le d\u00e9lai de r\u00e9p\u00e9tition expire au 31 d\u00e9cembre 2020. Au-del\u00e0 de cette date, aucune r\u00e9gularisation d&rsquo;un AMR irr\u00e9gulier n&rsquo;est possible<\/li>\n<li>Janvier &#8211; septembre 2018: phase de pr\u00e9-contentieux (observations du contribuable, recours hi\u00e9rarchiques \u00e9ventuels etc.)<\/li>\n<li>d\u00e9cembre 2018: r\u00e9ception d&rsquo;un avis de mise en recouvrement ne comportant pas toutes les mentions obligatoires (ex. aucune r\u00e9f\u00e9rence \u00e0 la proposition de rectifications \u00e0 l&rsquo;origine des impositions suppl\u00e9mentaires)<\/li>\n<li>Mars 2019: d\u00e9p\u00f4t d&rsquo;une r\u00e9clamation contentieuse contre l&rsquo;AMR<\/li>\n<li>Juin 2019: d\u00e9cision de rejet de la r\u00e9clamation contentieuse<\/li>\n<li>Ao\u00fbt 2019: saisine dans le d\u00e9lai de 2 mois du Tribunal Administratif (l&rsquo;instruction du dossier dure en g\u00e9n\u00e9ral entre 18 et 24 mois<\/li>\n<li>Janvier 2021: d\u00e9p\u00f4t d&rsquo;un m\u00e9moire compl\u00e9mentaire faisant valoir le vice de forme de l&rsquo;AMR<\/li>\n<\/ul>\n<p>&nbsp;<\/p>\n\t<p><strong>Voir le r\u00e9sum\u00e9 de l&rsquo;article en vid\u00e9o<\/strong><\/p>\n\t<meta itemprop=\"name\" content=\"Contester un AMR\" \/><meta itemprop=\"uploadDate\" content=\"2019-01-01\" \/><meta itemprop=\"thumbnailUrl\" content=\"https:\/\/clementresta-avocat.com\/wp-content\/uploads\/2020\/09\/audit-3737447_1920.jpg\" \/><meta itemprop=\"description\" content=\"Contester un AMR\" \/><meta itemprop=\"url\" content=\"https:\/\/clementresta-avocat.com\/wp-content\/uploads\/2019\/03\/Avis_de_mise_en_recouvrement_comment_con.mp4\" \/><div style=\"width: 100px;\" class=\"wp-video\"><!--[if lt IE 9]><script>document.createElement('video');<\/script><![endif]-->\n<video class=\"wp-video-shortcode\" id=\"video-371-1\" width=\"100\" height=\"100\" preload=\"none\" controls=\"controls\"><source type=\"video\/mp4\" src=\"https:\/\/clementresta-avocat.com\/wp-content\/uploads\/2019\/03\/Avis_de_mise_en_recouvrement_comment_con.mp4?_=1\" \/><a href=\"https:\/\/clementresta-avocat.com\/wp-content\/uploads\/2019\/03\/Avis_de_mise_en_recouvrement_comment_con.mp4\">https:\/\/clementresta-avocat.com\/wp-content\/uploads\/2019\/03\/Avis_de_mise_en_recouvrement_comment_con.mp4<\/a><\/video><\/div>\n","protected":false},"excerpt":{"rendered":"<p>[print_link] Vous avez re\u00e7u un avis de mise en recouvrement (AMR) et vous souhaitez le contester? Bien souvent, une telle situation r\u00e9sulte d&rsquo;un simple contr\u00f4le sur pi\u00e8ces, c&rsquo;est \u00e0 dire lorsqu&rsquo;un agent des imp\u00f4ts constate une ou plusieurs erreurs en votre faveur en consultant votre dossier fiscal et les d\u00e9clarations qu&rsquo;il contient (ex. d\u00e9ficit d\u00e9duit&hellip; <br \/> <a class=\"read-more\" href=\"https:\/\/clementresta-avocat.com\/index.php\/avis-de-mise-en-recouvrement-comment-contester-sa-regularite\/\">Lire la suite<\/a><\/p>\n","protected":false},"author":1,"featured_media":369,"parent":0,"menu_order":0,"comment_status":"closed","ping_status":"closed","template":"","meta":{"footnotes":""},"class_list":["post-371","page","type-page","status-publish","has-post-thumbnail","hentry"],"aioseo_notices":[],"jetpack_sharing_enabled":true,"_links":{"self":[{"href":"https:\/\/clementresta-avocat.com\/index.php\/wp-json\/wp\/v2\/pages\/371","targetHints":{"allow":["GET"]}}],"collection":[{"href":"https:\/\/clementresta-avocat.com\/index.php\/wp-json\/wp\/v2\/pages"}],"about":[{"href":"https:\/\/clementresta-avocat.com\/index.php\/wp-json\/wp\/v2\/types\/page"}],"author":[{"embeddable":true,"href":"https:\/\/clementresta-avocat.com\/index.php\/wp-json\/wp\/v2\/users\/1"}],"replies":[{"embeddable":true,"href":"https:\/\/clementresta-avocat.com\/index.php\/wp-json\/wp\/v2\/comments?post=371"}],"version-history":[{"count":20,"href":"https:\/\/clementresta-avocat.com\/index.php\/wp-json\/wp\/v2\/pages\/371\/revisions"}],"predecessor-version":[{"id":1503,"href":"https:\/\/clementresta-avocat.com\/index.php\/wp-json\/wp\/v2\/pages\/371\/revisions\/1503"}],"wp:featuredmedia":[{"embeddable":true,"href":"https:\/\/clementresta-avocat.com\/index.php\/wp-json\/wp\/v2\/media\/369"}],"wp:attachment":[{"href":"https:\/\/clementresta-avocat.com\/index.php\/wp-json\/wp\/v2\/media?parent=371"}],"curies":[{"name":"wp","href":"https:\/\/api.w.org\/{rel}","templated":true}]}}