{"id":384,"date":"2019-02-24T15:22:11","date_gmt":"2019-02-24T14:22:11","guid":{"rendered":"https:\/\/cravocat-fiscal.com\/?page_id=384"},"modified":"2020-09-17T16:39:36","modified_gmt":"2020-09-17T14:39:36","slug":"taxe-habitation-et-taxe-fonciere-comment-contester-la-valeur-locative-cadastrale","status":"publish","type":"page","link":"https:\/\/clementresta-avocat.com\/index.php\/taxe-habitation-et-taxe-fonciere-comment-contester-la-valeur-locative-cadastrale\/","title":{"rendered":"Contester la valeur locative cadastrale de votre bien: un bon moyen pour r\u00e9duire votre taxe d&rsquo;habitation \/ taxe fonci\u00e8re"},"content":{"rendered":"\n\t[print_link]\n\t<div class=\"addtoany_shortcode\"><div class=\"a2a_kit a2a_kit_size_32 addtoany_list\" data-a2a-url=\"https:\/\/clementresta-avocat.com\/index.php\/taxe-habitation-et-taxe-fonciere-comment-contester-la-valeur-locative-cadastrale\/\" data-a2a-title=\"Contester la valeur locative cadastrale de votre bien: un bon moyen pour r\u00e9duire votre taxe d\u2019habitation \/ taxe fonci\u00e8re\"><a class=\"a2a_button_facebook\" href=\"https:\/\/www.addtoany.com\/add_to\/facebook?linkurl=https%3A%2F%2Fclementresta-avocat.com%2Findex.php%2Ftaxe-habitation-et-taxe-fonciere-comment-contester-la-valeur-locative-cadastrale%2F&amp;linkname=Contester%20la%20valeur%20locative%20cadastrale%20de%20votre%20bien%3A%20un%20bon%20moyen%20pour%20r%C3%A9duire%20votre%20taxe%20d%E2%80%99habitation%20%2F%20taxe%20fonci%C3%A8re\" title=\"Facebook\" rel=\"nofollow noopener\" target=\"_blank\"><\/a><a class=\"a2a_button_twitter\" href=\"https:\/\/www.addtoany.com\/add_to\/twitter?linkurl=https%3A%2F%2Fclementresta-avocat.com%2Findex.php%2Ftaxe-habitation-et-taxe-fonciere-comment-contester-la-valeur-locative-cadastrale%2F&amp;linkname=Contester%20la%20valeur%20locative%20cadastrale%20de%20votre%20bien%3A%20un%20bon%20moyen%20pour%20r%C3%A9duire%20votre%20taxe%20d%E2%80%99habitation%20%2F%20taxe%20fonci%C3%A8re\" title=\"Twitter\" rel=\"nofollow noopener\" target=\"_blank\"><\/a><a class=\"a2a_button_email\" href=\"https:\/\/www.addtoany.com\/add_to\/email?linkurl=https%3A%2F%2Fclementresta-avocat.com%2Findex.php%2Ftaxe-habitation-et-taxe-fonciere-comment-contester-la-valeur-locative-cadastrale%2F&amp;linkname=Contester%20la%20valeur%20locative%20cadastrale%20de%20votre%20bien%3A%20un%20bon%20moyen%20pour%20r%C3%A9duire%20votre%20taxe%20d%E2%80%99habitation%20%2F%20taxe%20fonci%C3%A8re\" title=\"Email\" rel=\"nofollow noopener\" target=\"_blank\"><\/a><a class=\"a2a_button_linkedin\" href=\"https:\/\/www.addtoany.com\/add_to\/linkedin?linkurl=https%3A%2F%2Fclementresta-avocat.com%2Findex.php%2Ftaxe-habitation-et-taxe-fonciere-comment-contester-la-valeur-locative-cadastrale%2F&amp;linkname=Contester%20la%20valeur%20locative%20cadastrale%20de%20votre%20bien%3A%20un%20bon%20moyen%20pour%20r%C3%A9duire%20votre%20taxe%20d%E2%80%99habitation%20%2F%20taxe%20fonci%C3%A8re\" title=\"LinkedIn\" rel=\"nofollow noopener\" target=\"_blank\"><\/a><a class=\"a2a_button_copy_link\" href=\"https:\/\/www.addtoany.com\/add_to\/copy_link?linkurl=https%3A%2F%2Fclementresta-avocat.com%2Findex.php%2Ftaxe-habitation-et-taxe-fonciere-comment-contester-la-valeur-locative-cadastrale%2F&amp;linkname=Contester%20la%20valeur%20locative%20cadastrale%20de%20votre%20bien%3A%20un%20bon%20moyen%20pour%20r%C3%A9duire%20votre%20taxe%20d%E2%80%99habitation%20%2F%20taxe%20fonci%C3%A8re\" title=\"Copy Link\" rel=\"nofollow noopener\" target=\"_blank\"><\/a><a class=\"a2a_dd addtoany_share_save addtoany_share\" href=\"https:\/\/www.addtoany.com\/share\"><\/a><\/div><\/div>\n\t<p>La pression fiscale en mati\u00e8re de\u00a0<strong>taxes locales<\/strong>\u00a0(taxe d&rsquo;habitation et taxe fonci\u00e8re) se fait de plus en plus forte sur les contribuables, qu&rsquo;ils soient propri\u00e9taires ou simples locataires, \u00e0 mesure que l&rsquo;Etat se d\u00e9sengage du financement des collectivit\u00e9s locales. La large exon\u00e9ration accord\u00e9e \u00e0 partir de 2018 aux m\u00e9nages fran\u00e7ais en mati\u00e8re de taxe d&rsquo;habitation risque \u00e9galement de contraindre les collectivit\u00e9s locales, soucieuses de leurs autonomies financi\u00e8res, \u00e0 augmenter les taux d&rsquo;imposition des imp\u00f4ts locaux.<\/p>\n<p>Si vous \u00eates un professionnel occupant un local commercial, vos cotisations de taxe fonci\u00e8re et\/ou de CFE ont peut-\u00eatre augment\u00e9 depuis l&rsquo;entr\u00e9e en vigueur de la r\u00e9forme des valeurs locatives des locaux professionnels (<strong>RVLLP<\/strong> &#8211; voir notre article <a href=\"https:\/\/clementresta-avocat.com\/index.php\/2019\/06\/27\/revision-valeur-locative-des-locaux-professionnels\/\">ici<\/a>).<\/p>\n<p>Dans ce marasme fiscal, le meilleur levier d&rsquo;\u00e9conomies en mati\u00e8re de taxes locales pour tout contribuable consiste \u00e0 agir sur sa base d&rsquo;imposition, c&rsquo;est \u00e0 dire en contestant la\u00a0<strong>valeur cadastrale locative<\/strong>\u00a0de son bien.<\/p>\n<p>Pour les <strong>locaux commerciaux<\/strong>, nous mettons \u00e0 votre disposition un outil de diagnostic en ligne de vos bases d&rsquo;imposition, accessible \u00e0 partir du menu <a href=\"https:\/\/clementresta-avocat.com\/index.php\/locaux-professionnels-verifiez-facilement-vos-cotisations-de-taxes-locales\/\"><strong>E-taxes Locales<\/strong><\/a>.<\/p>\n<p>Pour les locaux d&rsquo;habitation, c&rsquo;est en dessous que \u00e7a se passe. Bonne lecture!<\/p>\n<ol>\n<li><a href=\"#t1\">Notion de valeur locative cadastrale<\/a><\/li>\n<li><a href=\"#t2\">Contester le coefficient d&rsquo;entretien du local plut\u00f4t que sa cat\u00e9gorie<\/a><\/li>\n<li><a href=\"#t3\">Conditions de la contestation de la valeur locative cadastrale de votre bien<\/a><\/li>\n<\/ol>\n<p>Retour sur cette notion complexe et sur les\u00a0<strong>opportunit\u00e9s de contestation<\/strong> qu&rsquo;elle offre au contribuable avis\u00e9.<\/p>\n<h2 id=\"t1\">La valeur locative cadastrale: assiette des imp\u00f4ts locaux<\/h2>\n<p>La valeur locative cadastrale (appel\u00e9e aussi\u00a0<strong>revenu cadastral<\/strong>) des locaux \u00e0 usage d&rsquo;habitation correspond au loyer annuel th\u00e9orique d\u00e9fini par l&rsquo;administration fiscale sur la base des informations et donn\u00e9es fournies par le contribuable.<\/p>\n<p>Cette donn\u00e9e, la valeur locative cadastrale, est essentielle puisqu&rsquo;elle d\u00e9termine le montant de vos impots locaux, obtenu apr\u00e8s application du taux fix\u00e9 par la collectivit\u00e9 locale concern\u00e9e (commune, d\u00e9partement, r\u00e9gion).<\/p>\n<p>Il faut toutefois garder \u00e0 l&rsquo;esprit qu&rsquo;il ne s&rsquo;agit pas du loyer annuel qu&rsquo;est cens\u00e9 procurer votre bien mais d&rsquo;un loyer th\u00e9orique obtenu par comparaison.<\/p>\n<p>En effet, ce loyer est fix\u00e9 \u00e0 partir d&rsquo;un tarif au m\u00e8tre carr\u00e9 d\u00e9termin\u00e9 pour le\u00a0<strong>local de r\u00e9f\u00e9rence<\/strong>\u00a0de la commune qui a \u00e9t\u00e9 s\u00e9lectionn\u00e9 par l&rsquo;administration fiscale, compte tenu de caract\u00e9ristiques similaires \u00e0 celles de votre bien, pour en d\u00e9terminer la valeur locative cadastrale.<\/p>\n<p>Il s&rsquo;agit donc d&rsquo;une \u00e9valuation par comparaison.<\/p>\n<p>Les locaux de comparaison sont d\u00e9termin\u00e9s par chaque commune ou collectivit\u00e9 et r\u00e9partis entre immeubles collectifs et maisons individuelles.<\/p>\n<p>Les locaux de r\u00e9f\u00e9rence sont ensuite classifi\u00e9s en huit cat\u00e9gories, selon leur architecture, la qualit\u00e9 de leur construction, leur distribution et leurs \u00e9quipements (de \u00ab\u00a0grand luxe\u00a0\u00bb \u00e0 \u00ab\u00a0tr\u00e8s m\u00e9diocre\u00a0\u00bb).<\/p>\n<p>Il est donc indispensable de conna\u00eetre la cat\u00e9gorie dont rel\u00e8ve votre bien, ainsi que le local de r\u00e9f\u00e9rence (dont d\u00e9pend le tarif au m2) qui a \u00e9t\u00e9 s\u00e9lectionn\u00e9 par l&rsquo;administration fiscale pour \u00e9valuer la valeur locative cadastrale de votre bien.<\/p>\n<p>Ces \u00e9l\u00e9ments (cat\u00e9gorie du bien, local de r\u00e9f\u00e9rence, tarif au m2) figurent sur la <strong>fiche d&rsquo;\u00e9valuation<\/strong> de votre bien, et non sur votre avis de taxe fonci\u00e8re ou d&rsquo;habitation.<\/p>\n<p>Vous pouvez obtenir communication de cette fiche d&rsquo;\u00e9valuation ou fiche de calcul (formulaire 6675) au <strong>Centre des Imp\u00f4ts Fonciers<\/strong> (CIF) dont vous relevez (pour les modalit\u00e9s d&rsquo;obention de ce document et plus g\u00e9n\u00e9ralement de contestation de votre valeur locative cadastrale, voir plus bas).<\/p>\n<p>La valeur locative cadastrale est ensuite le r\u00e9sultat des deux composantes suivantes:<\/p>\n<ol>\n<li>La <strong>surface pond\u00e9r\u00e9e<\/strong>;<\/li>\n<li>multipli\u00e9e par le tarif au m2 du local de r\u00e9f\u00e9rence s\u00e9lectionn\u00e9 pour l&rsquo;\u00e9valuation de votre bien.<\/li>\n<\/ol>\n<p>La contestation de la valeur locative cadastrale peut donc porter sur ces deux composantes: le calcul de la surface pond\u00e9r\u00e9e d&rsquo;une part, et, d&rsquo;autre part, le choix du local de r\u00e9f\u00e9rence.<\/p>\n<h3>La surface pond\u00e9r\u00e9e du local d&rsquo;habitation<\/h3>\n<p>La notion de surface pond\u00e9r\u00e9e est relativement complexe dans la mesure o\u00f9 elle est obtenue apr\u00e8s application de nombreux correctifs et coefficients relativement difficiles \u00e0 appr\u00e9hender.<\/p>\n<p>Pour autant, nous verrons que, parmi tous ces \u00e9l\u00e9ments, seul le <strong>coefficient d&rsquo;entretien<\/strong> pr\u00e9sente un v\u00e9ritable int\u00e9r\u00eat lorsqu&rsquo;il s&rsquo;agira de contester efficacement la valeur locative cadastrale de votre bien.<\/p>\n<p>Quoi qu&rsquo;il en soit, les \u00e9tapes successives suivantes permettent de d\u00e9terminer la surface pond\u00e9r\u00e9e de votre local d&rsquo;habitation:<\/p>\n<ol>\n<li>Mesurer la surface r\u00e9elle des pi\u00e8ces de votre habitation<\/li>\n<li>Appliquer un coefficient d&rsquo;importance qui d\u00e9pend de la surface et de la cat\u00e9gorie du local<\/li>\n<li>Appliquer un <strong>correctif d&rsquo;ensemble<\/strong> qui se d\u00e9compose lui-m\u00eame en 4 sous cat\u00e9gories: le (fameux) correctif d&rsquo;entretien, deux correctifs de situation et un correctif d&rsquo;ascenseur<\/li>\n<li>Evaluer les \u00e9quivalences superficielles c&rsquo;est \u00e0 dire ajouter des m2 th\u00e9oriques en fonction des \u00e9l\u00e9ments de confort<\/li>\n<li>Faire le total des surfaces r\u00e9elles ainsi corrig\u00e9es pour obtenir la surface pond\u00e9r\u00e9e nette \u00e0 laquelle s&rsquo;appliquera le tarif au m2 du local de r\u00e9f\u00e9rence<\/li>\n<\/ol>\n<p>Ainsi, l&rsquo;un des premiers correctif appliqu\u00e9 aux surfaces r\u00e9elles du local est le correctif d&rsquo;ensemble.<\/p>\n<p>Or ce correctif est fonction de la cat\u00e9gorie du local \u00e0 \u00e9valuer.<\/p>\n<p>De prime abord, il pourrait d\u00e8s lors \u00eatre tentant, apr\u00e8s avoir d\u00e9termin\u00e9 la cat\u00e9gorie de votre bien sur la base de sa fiche de calcul, de chercher \u00e0 faire basculer votre local d&rsquo;habitation dans une cat\u00e9gorie inf\u00e9rieure, par exemple en demandant \u00e0 relever de la cat\u00e9gorie 4 (confortable) plut\u00f4t que de la cat\u00e9gorie 3 (tr\u00e8s confortable), au regard des (nombreux) crit\u00e8res list\u00e9s par l&rsquo;article 324 H de l&rsquo;annexe III au CGI.<\/p>\n<p>Pourtant, outre le fastidieux travail auquel vous devrez vous livrer (analyse de chaque crit\u00e8re du correctif d&rsquo;ensemble), le changement de cat\u00e9gorie, vers une cat\u00e9gorie inf\u00e9rieure, de votre logement aura en g\u00e9n\u00e9ral un impact tr\u00e8s limit\u00e9 sur le montant de votre <strong>taxe d&rsquo;habitation<\/strong> ou <strong>taxe fonci\u00e8re<\/strong>, le correctif \u00e9tant calcul\u00e9 par dixi\u00e8me.<\/p>\n<p>En d&rsquo;autres termes, vous ne pourrez gu\u00e8re esp\u00e9rer qu&rsquo;une diminution de 10% de vos imp\u00f4ts locaux, et ce, au prix d&rsquo;un effort d&rsquo;analyse important.<\/p>\n<p>Par ailleurs, il arrive, dans certaines communes, que des cat\u00e9gories inf\u00e9rieures se voient appliquer des tarifs au m2 plus \u00e9lev\u00e9s que les cat\u00e9gories sup\u00e9rieures!<\/p>\n<p>Demander \u00e0 changer de cat\u00e9gorie de local n&rsquo;est donc pas toujours une strat\u00e9gie payante pour contester la valeur locative cadastrale de votre bien et, partant, pour obtenir une diminution de vos imp\u00f4ts locaux.<\/p>\n<h2 id=\"t2\">Valeur locative cadastrale: l&rsquo;int\u00e9r\u00eat de contester le coefficient d&rsquo;entretien du local d&rsquo;habitation plut\u00f4t que sa cat\u00e9gorie<\/h2>\n<p>Parmi les multiples correctifs appliqu\u00e9s pour d\u00e9terminer la valeur locative cadastrale d&rsquo;un local d&rsquo;habitation, le coefficient d&rsquo;entretien pr\u00e9sente un grand int\u00e9r\u00eat.<\/p>\n<p>Ce coefficient ou correctif d&rsquo;\u00e9tat d&rsquo;entretien est fix\u00e9 selon le bar\u00e8me de l&rsquo;<a href=\"https:\/\/www.legifrance.gouv.fr\/affichCodeArticle.do?cidTexte=LEGITEXT000006069574&amp;idArticle=LEGIARTI000006299379\">article 324 Q de l&rsquo;annexe III au CGI:<\/a><\/p>\n<ol>\n<li>Bon &#8211; Construction n&rsquo;ayant besoin d&rsquo;aucune r\u00e9paration: coeff. de 1,20<\/li>\n<li>Assez bon &#8211; Construction n&rsquo;ayant besoin que de petites r\u00e9parations: coeff. de 1,10<\/li>\n<li>Passable &#8211; Construction pr\u00e9sentant, malgr\u00e9 un entretien r\u00e9gulier, des d\u00e9fauts permanents dus \u00e0 la v\u00e9tust\u00e9, sans que ceux-ci compromettent les conditions \u00e9l\u00e9mentaires d&rsquo;habitabilit\u00e9: coeff. de 1<\/li>\n<li>M\u00e9diocre &#8211; Construction ayant besoin de r\u00e9parations d&rsquo;une certaine importance, encore que localis\u00e9es: coeff. de 0,90<\/li>\n<li>Mauvais &#8211; Construction ayant besoin de grosses r\u00e9parations dans toutes ses parties: coeff. de 0,80<\/li>\n<\/ol>\n<p>Or le coefficient d&rsquo;entretien est fix\u00e9 \u00e0 l&rsquo;origine par le premier propri\u00e9taire du local d&rsquo;habitation neuf, \u00e0 l&rsquo;ach\u00e8vement de la construction.<\/p>\n<p>Cette d\u00e9claration d&rsquo;ach\u00e8vement (souscrite au moyen d&rsquo;un formulaire H1 ou H2) est alors prise en compte par l&rsquo;administration fiscale, cette derni\u00e8re affectant au local ainsi achev\u00e9 le coefficient maximum, soit 1,20, c&rsquo;est \u00e0 dire une construction n&rsquo;ayant besoin d&rsquo;aucune r\u00e9paration.<\/p>\n<p>Par la suite, l&rsquo;administration est cens\u00e9e r\u00e9viser annuellement ce coefficient, ce qui n&rsquo;est jamais r\u00e9alis\u00e9 en pratique.<\/p>\n<p>Ainsi, un bien construit en 1990 ne m\u00e9rite g\u00e9n\u00e9ralement plus de se voir appliquer un coefficient d&rsquo;entretien de 1,20. Il pourra alors \u00eatre justifi\u00e9, en fonction de son \u00e9tat actuel, de demander la correction \u00e0 la baisse de son coefficient d&rsquo;entretien, par exemple en retenant un bar\u00e8me de 0,90 (\u00e9tat m\u00e9diocre) si le b\u00e2timent s&rsquo;est d\u00e9grad\u00e9 avec le temps en l&rsquo;absence de travaux d&rsquo;entretien ou de remise en \u00e9tat.<\/p>\n<p>Bien entendu, chaque situation est particuli\u00e8re et votre bien doit faire l&rsquo;objet d&rsquo;une appr\u00e9ciation en fonction de sa situation concr\u00e8te.<\/p>\n<p>Pour les besoins d&rsquo;une telle appr\u00e9ciation, les pr\u00e9cisions du BOFiP\u00a0<a href=\"http:\/\/bofip.impots.gouv.fr\/bofip\/2373-PGP.html\">BOI-IF-TFB-20-10-20-50<\/a>, qui fixent les crit\u00e8res d&rsquo;\u00e9valuation de l&rsquo;\u00e9tat du local en fonction de ses diff\u00e9rentes composantes (gros oeuvre, huisseries etc.), pourront s&rsquo;av\u00e9rer particuli\u00e8rement utiles afin de solliciter la correction de l&rsquo;\u00e9tat d&rsquo;entretien de votre local d&rsquo;habitation.<\/p>\n<p>Mais rien n&rsquo;interdit \u00e9galement de contester, outre le coefficient d&rsquo;entretien appliqu\u00e9 \u00e0 votre bien, le choix du local de r\u00e9f\u00e9rence effectu\u00e9 par l&rsquo;administration si ce choix semble inadapt\u00e9 au regard des diff\u00e9rences objectives significatives existant entre ce local de comparaison et votre bien (ex. sa taille, son emplacement, ses am\u00e9nagements etc.).<\/p>\n<p>Assurez-vous toutefois de pouvoir proposer un local de r\u00e9f\u00e9rence de substitution qui soit pertinent au regard des caract\u00e9ristiques de votre local et, bien s\u00fbr, dont le tarif au m2 s&rsquo;av\u00e8re moins \u00e9lev\u00e9 qui celui du local de r\u00e9f\u00e9rence s\u00e9lectionn\u00e9 par l&rsquo;administration fiscale. Une connaissance approfondie du march\u00e9 immobilier de votre commune est donc requise.<\/p>\n<h2 id=\"t3\">Comment contester votre valeur locative cadastrale et dans quels d\u00e9lais? Utilisez notre mod\u00e8le de r\u00e9clamation<\/h2>\n<p>&nbsp;<\/p>\n<h3>D\u00e9marches pr\u00e9alables: obtenez la communication de la fiche d&rsquo;\u00e9valuation de votre local d&rsquo;habitation<\/h3>\n<p>Avant toute demande de r\u00e9examen de la situation de votre local d&rsquo;habitation, il convient d&rsquo;obtenir de la part du Centre des Imp\u00f4ts Fonciers (CIF) dont d\u00e9pend votre bien la fiche d&rsquo;\u00e9valuation de votre habitation.<\/p>\n<p>Sur ce document figurent les \u00e9l\u00e9ments indispensables \u00e0 toute contestation: cat\u00e9gorie affect\u00e9e \u00e0 votre bien, local de r\u00e9f\u00e9rence, surface pond\u00e9r\u00e9e retenue et tarif au m2 appliqu\u00e9.<\/p>\nExemple de fiche d&rsquo;\u00e9valuation:\n<img data-recalc-dims=\"1\" loading=\"lazy\" decoding=\"async\" src=\"https:\/\/i0.wp.com\/clementresta-avocat.com\/wp-content\/uploads\/2019\/02\/Contestation-valeur-locative-cadastrale.png?resize=1024%2C665&#038;ssl=1\" alt=\"\" width=\"1024\" height=\"665\" \/>\n<p>Si vous souhaitez contester le local de r\u00e9f\u00e9rence, il vous faudra \u00e9galement obtenir, toujours aupr\u00e8s du CIF, le proc\u00e8s-verbal des locaux de r\u00e9f\u00e9rence de la commune lequel d\u00e9taille les caract\u00e9ristiques du local de comparaison de votre bien, identifi\u00e9 pr\u00e9alablement \u00e0 partir de sa fiche d&rsquo;\u00e9valuation.<\/p>\n<h3>Dans quels d\u00e9lais et comment contester la valeur locative de votre habitation?<\/h3>\n<p>Le d\u00e9lai de r\u00e9clamation pr\u00e9vu en mati\u00e8re de taxe d&rsquo;habitation et de taxe fonci\u00e8re est fix\u00e9 au 31 d\u00e9cembre de l&rsquo;ann\u00e9e suivant celle de la mise en recouvrement.<\/p>\n<p>Ainsi, la taxe d&rsquo;habitation 2018, dont le paiement par voie d&rsquo;avis de mise en recouvrement interviendra en principe en octobre 2018, pourra \u00eatre contest\u00e9e jusqu&rsquo;au 31 d\u00e9cembre 2019 mais pas au-del\u00e0.<\/p>\n<p>Vous pouvez utiliser notre <a href=\"https:\/\/clementresta-avocat.com\/index.php\/contestation-valeur-locative-cadastrale\/\">mod\u00e8le de courrier<\/a> visant \u00e0 contester la valeur locative cadastrale de votre bien, disponible en t\u00e9l\u00e9chargement libre.<\/p>\n<p>Les courriers de demande de communication des fiches d&rsquo;\u00e9valuation sont inclus dans notre mod\u00e8le.<\/p>\n<p>&nbsp;<\/p>\n\t<p><strong>Voir un r\u00e9sum\u00e9 de l&rsquo;article en vid\u00e9o<\/strong><\/p>\n\t<meta itemprop=\"name\" content=\"Contestation VLC\" \/><meta itemprop=\"uploadDate\" content=\"2019-01-01\" \/><meta itemprop=\"thumbnailUrl\" content=\"https:\/\/clementresta-avocat.com\/wp-content\/uploads\/2020\/02\/office-620822_1920.jpg\" \/><meta itemprop=\"description\" content=\"Contestation VLC\" \/><meta itemprop=\"url\" content=\"https:\/\/clementresta-avocat.com\/wp-content\/uploads\/2019\/03\/Contester_la_valeur_locative_cadastrale_.mp4\" \/><div style=\"width: 100px;\" class=\"wp-video\"><!--[if lt IE 9]><script>document.createElement('video');<\/script><![endif]-->\n<video class=\"wp-video-shortcode\" id=\"video-384-1\" width=\"100\" height=\"100\" preload=\"none\" controls=\"controls\"><source type=\"video\/mp4\" src=\"https:\/\/clementresta-avocat.com\/wp-content\/uploads\/2019\/03\/Contester_la_valeur_locative_cadastrale_.mp4?_=1\" \/><a href=\"https:\/\/clementresta-avocat.com\/wp-content\/uploads\/2019\/03\/Contester_la_valeur_locative_cadastrale_.mp4\">https:\/\/clementresta-avocat.com\/wp-content\/uploads\/2019\/03\/Contester_la_valeur_locative_cadastrale_.mp4<\/a><\/video><\/div>\n","protected":false},"excerpt":{"rendered":"<p>[print_link] La pression fiscale en mati\u00e8re de\u00a0taxes locales\u00a0(taxe d&rsquo;habitation et taxe fonci\u00e8re) se fait de plus en plus forte sur les contribuables, qu&rsquo;ils soient propri\u00e9taires ou simples locataires, \u00e0 mesure que l&rsquo;Etat se d\u00e9sengage du financement des collectivit\u00e9s locales. La large exon\u00e9ration accord\u00e9e \u00e0 partir de 2018 aux m\u00e9nages fran\u00e7ais en mati\u00e8re de taxe d&rsquo;habitation&hellip; <br \/> <a class=\"read-more\" href=\"https:\/\/clementresta-avocat.com\/index.php\/taxe-habitation-et-taxe-fonciere-comment-contester-la-valeur-locative-cadastrale\/\">Lire la suite<\/a><\/p>\n","protected":false},"author":1,"featured_media":795,"parent":0,"menu_order":0,"comment_status":"closed","ping_status":"closed","template":"","meta":{"footnotes":""},"class_list":["post-384","page","type-page","status-publish","has-post-thumbnail","hentry"],"aioseo_notices":[],"jetpack_sharing_enabled":true,"_links":{"self":[{"href":"https:\/\/clementresta-avocat.com\/index.php\/wp-json\/wp\/v2\/pages\/384","targetHints":{"allow":["GET"]}}],"collection":[{"href":"https:\/\/clementresta-avocat.com\/index.php\/wp-json\/wp\/v2\/pages"}],"about":[{"href":"https:\/\/clementresta-avocat.com\/index.php\/wp-json\/wp\/v2\/types\/page"}],"author":[{"embeddable":true,"href":"https:\/\/clementresta-avocat.com\/index.php\/wp-json\/wp\/v2\/users\/1"}],"replies":[{"embeddable":true,"href":"https:\/\/clementresta-avocat.com\/index.php\/wp-json\/wp\/v2\/comments?post=384"}],"version-history":[{"count":13,"href":"https:\/\/clementresta-avocat.com\/index.php\/wp-json\/wp\/v2\/pages\/384\/revisions"}],"predecessor-version":[{"id":1505,"href":"https:\/\/clementresta-avocat.com\/index.php\/wp-json\/wp\/v2\/pages\/384\/revisions\/1505"}],"wp:featuredmedia":[{"embeddable":true,"href":"https:\/\/clementresta-avocat.com\/index.php\/wp-json\/wp\/v2\/media\/795"}],"wp:attachment":[{"href":"https:\/\/clementresta-avocat.com\/index.php\/wp-json\/wp\/v2\/media?parent=384"}],"curies":[{"name":"wp","href":"https:\/\/api.w.org\/{rel}","templated":true}]}}