{"id":490,"date":"2019-03-20T17:55:02","date_gmt":"2019-03-20T16:55:02","guid":{"rendered":"https:\/\/cravocat-fiscal.com\/?page_id=490"},"modified":"2019-05-04T16:58:45","modified_gmt":"2019-05-04T14:58:45","slug":"cabinet-d-avocats","status":"publish","type":"page","link":"https:\/\/clementresta-avocat.com\/index.php\/cabinet-d-avocats\/","title":{"rendered":"Cabinet d&rsquo;avocats ou cabinet d&rsquo;avocat: travailler seul ou en \u00e9quipes"},"content":{"rendered":"\n\t <a href=\"https:\/\/clementresta-avocat.com\/\" rel=\"nofollow\" itemprop=\"url\"><img data-recalc-dims=\"1\" loading=\"lazy\" decoding=\"async\" width=\"378\" height=\"79\" src=\"https:\/\/i0.wp.com\/clementresta-avocat.com\/wp-content\/uploads\/2019\/02\/cropped-LogoCR.png?resize=378%2C79&#038;ssl=1\" alt=\"\" itemprop=\"logo\" srcset=\"https:\/\/clementresta-avocat.com\/wp-content\/uploads\/2019\/02\/cropped-LogoCR.png 378w, https:\/\/clementresta-avocat.com\/wp-content\/uploads\/2019\/02\/cropped-LogoCR-300x63.png 300w\" sizes=\"auto, (max-width: 378px) 100vw, 378px\"><\/a><ul id=\"main_menu\"><li id=\"menu-item-18\"><a href=\"https:\/\/clementresta-avocat.com\/\" rel=\"nofollow\" aria-current=\"page\">Accueil<\/a><\/li><li id=\"menu-item-21\"><a href=\"https:\/\/clementresta-avocat.com\/index.php\/contact\/\" rel=\"nofollow\">Contact<\/a><\/li><li id=\"menu-item-359\"><a href=\"https:\/\/clementresta-avocat.com\/index.php\/rdv-en-ligne\/\" rel=\"nofollow\">RDV en ligne<\/a><\/li><li id=\"menu-item-20\"><a href=\"https:\/\/clementresta-avocat.com\/index.php\/blog\/\" rel=\"nofollow\">Blog<\/a><\/li><li id=\"menu-item-19\"><a href=\"https:\/\/clementresta-avocat.com\/index.php\/cgu\/\" rel=\"nofollow\">CGU<\/a><\/li><li id=\"menu-item-668\"><a href=\"https:\/\/clementresta-avocat.com\/index.php\/nos-modeles-documents-fiscaux\/\" rel=\"nofollow\">Nos mod\u00e8les fiscaux<\/a><\/li><\/ul> <a href=\"#\" rel=\"nofollow noopener noreferrer\" data-component=\"offcanvas\" data-target=\"#offcanvas-wrapper\" data-direction=\"right\" data-width=\"300px\" data-push=\"false\" data-loaded=\"true\">  <\/a>\n\t<h1>Cabinet d&rsquo;avocats ou cabinet d&rsquo;avocat: travailler seul ou en \u00e9quipe<\/h1>\n<p>Le choix du mode d&rsquo;exercice des <a href=\"https:\/\/clementresta-avocat.com\/index.php\/avocat-fiscaliste-lyon\/#t1\">avocats <\/a>en complexe.<\/p>\n<p>Bien souvent, l&rsquo;avocat d\u00e9marre en qualit\u00e9 de collaborateur lib\u00e9ral ou individuel, puis vient le temps de l&rsquo;ind\u00e9pendance.<\/p>\n<p>Se pose alors la question de regrouper ou non les comp\u00e9tences.<\/p>\n<ol>\n<li><a href=\"#t1\">Travailler en cabinet d&rsquo;avocat individuel<\/a><\/li>\n<li><a href=\"#t2\">Travailler \u00e0 plusieurs en cabinets d&rsquo;avocats<\/a><\/li>\n<\/ol>\n<h2 id=\"t1\">Travailler en cabinet d&rsquo;avocat individuel<\/h2>\n<p>La profession d&rsquo;avocat est lib\u00e9rale et ind\u00e9pendante par essence.<\/p>\n<p>Aussi, le choix d&rsquo;un exercice individuel est de loin le mode le plus r\u00e9pandu au sein de la profession d&rsquo;avocat.<\/p>\n<p>Cela permet en effet l&rsquo;avocat individuel de conserver vis-\u00e0-vis d&rsquo;autrui\u00a0une ind\u00e9pendance totale: intellectuelle, morale, \u00e9conomique.<\/p>\n<p>Cela \u00e9tant, son caract\u00e8re ind\u00e9pendant ne signifie pas pour autant que l&rsquo;avocat doive n\u00e9cessairement exercer dans son coin.<\/p>\n<p>Rien n&rsquo;interdit en effet \u00e0 l&rsquo;avocat individuel de collaborer en <strong>\u00e9quipes<\/strong> avec d&rsquo;autres <strong>cabinets d&rsquo;avocats<\/strong> ou m\u00eame de fa\u00e7on interprofessionnelle avec des notaires ou experts comptables.<\/p>\n<h2 id=\"t2\">Travailler \u00e0 plusieurs en cabinet d&rsquo;avocats<\/h2>\n<p>L&rsquo;avocat exer\u00e7ant \u00e0 titre individuel se heurte assez rapidement \u00e0 certaines limites.<\/p>\n<p>Mais pour favoriser le <strong>d\u00e9veloppement<\/strong> d&rsquo;un <strong>cabinet d&rsquo;avocat<\/strong> individuel, notamment \u00e0\u00a0international, il deviendra parfois n\u00e9cessaire de constituer une structure d&rsquo;exercice pour le cabinet d&rsquo;avocats.<\/p>\n<p>Certains cabinets d&rsquo;avocats renomm\u00e9s sont d&rsquo;ailleurs issus de regroupement au sein d&rsquo;une structure commune, de plusieurs cabinets d&rsquo;avocats soit pour regroupe un panel plus \u00e9largi de comp\u00e9tences, soit pour cibler de nouveaux march\u00e9s et\/ou client\u00e8les.<\/p>\n<p>Bien entendu, le choix de la forme sociale rev\u00eat une importance cruciale et doit \u00e9tudi\u00e9e en amont.<\/p>\n<p>Par ailleurs, il faut garder \u00e0\u00a0 l&rsquo;esprit que dans tout <a href=\"https:\/\/clementresta-avocat.com\/index.php\/avocat-fiscaliste-c-est-quoi\/\">cabinet d&rsquo;avocats<\/a>, l&rsquo;intuitu personae est extr\u00eamement fort.<\/p>\n<p>Les statuts devront donc\u00a0d\u00e9terminer avec pr\u00e9cision les r\u00e8gles de fonctionnement de la structure, organiser le droit de vote, les modalit\u00e9s de sortie ou d&rsquo;<strong>expulsion<\/strong> des associ\u00e9s.<\/p>\n\t<footer><a href=\"https:\/\/clementresta-avocat.com\/index.php\/sitemap\/\">Le site en quelques mots<\/a><\/footer>\n","protected":false},"excerpt":{"rendered":"<p>Accueil Contact RDV en ligne Blog CGU Nos mod\u00e8les fiscaux Cabinet d&rsquo;avocats ou cabinet d&rsquo;avocat: travailler seul ou en \u00e9quipe Le choix du mode d&rsquo;exercice des avocats en complexe. Bien souvent, l&rsquo;avocat d\u00e9marre en qualit\u00e9 de collaborateur lib\u00e9ral ou individuel, puis vient le temps de l&rsquo;ind\u00e9pendance. Se pose alors la question de regrouper ou non&hellip; <br \/> <a class=\"read-more\" href=\"https:\/\/clementresta-avocat.com\/index.php\/cabinet-d-avocats\/\">Lire la suite<\/a><\/p>\n","protected":false},"author":1,"featured_media":0,"parent":0,"menu_order":0,"comment_status":"closed","ping_status":"closed","template":"blank-slate-template.php","meta":{"footnotes":""},"class_list":["post-490","page","type-page","status-publish","hentry"],"aioseo_notices":[],"jetpack_sharing_enabled":true,"_links":{"self":[{"href":"https:\/\/clementresta-avocat.com\/index.php\/wp-json\/wp\/v2\/pages\/490","targetHints":{"allow":["GET"]}}],"collection":[{"href":"https:\/\/clementresta-avocat.com\/index.php\/wp-json\/wp\/v2\/pages"}],"about":[{"href":"https:\/\/clementresta-avocat.com\/index.php\/wp-json\/wp\/v2\/types\/page"}],"author":[{"embeddable":true,"href":"https:\/\/clementresta-avocat.com\/index.php\/wp-json\/wp\/v2\/users\/1"}],"replies":[{"embeddable":true,"href":"https:\/\/clementresta-avocat.com\/index.php\/wp-json\/wp\/v2\/comments?post=490"}],"version-history":[{"count":10,"href":"https:\/\/clementresta-avocat.com\/index.php\/wp-json\/wp\/v2\/pages\/490\/revisions"}],"predecessor-version":[{"id":823,"href":"https:\/\/clementresta-avocat.com\/index.php\/wp-json\/wp\/v2\/pages\/490\/revisions\/823"}],"wp:attachment":[{"href":"https:\/\/clementresta-avocat.com\/index.php\/wp-json\/wp\/v2\/media?parent=490"}],"curies":[{"name":"wp","href":"https:\/\/api.w.org\/{rel}","templated":true}]}}