{"id":493,"date":"2019-03-20T17:54:34","date_gmt":"2019-03-20T16:54:34","guid":{"rendered":"https:\/\/cravocat-fiscal.com\/?page_id=493"},"modified":"2019-05-04T16:55:47","modified_gmt":"2019-05-04T14:55:47","slug":"a-quoi-sert-un-avocat-fiscaliste","status":"publish","type":"page","link":"https:\/\/clementresta-avocat.com\/index.php\/a-quoi-sert-un-avocat-fiscaliste\/","title":{"rendered":"A quoi sert un avocat fiscaliste"},"content":{"rendered":"\n\t <a href=\"https:\/\/clementresta-avocat.com\/\" rel=\"nofollow\" itemprop=\"url\"><img data-recalc-dims=\"1\" loading=\"lazy\" decoding=\"async\" width=\"378\" height=\"79\" src=\"https:\/\/i0.wp.com\/clementresta-avocat.com\/wp-content\/uploads\/2019\/02\/cropped-LogoCR.png?resize=378%2C79&#038;ssl=1\" alt=\"\" itemprop=\"logo\" srcset=\"https:\/\/clementresta-avocat.com\/wp-content\/uploads\/2019\/02\/cropped-LogoCR.png 378w, https:\/\/clementresta-avocat.com\/wp-content\/uploads\/2019\/02\/cropped-LogoCR-300x63.png 300w\" sizes=\"auto, (max-width: 378px) 100vw, 378px\"><\/a><ul id=\"main_menu\"><li id=\"menu-item-18\"><a href=\"https:\/\/clementresta-avocat.com\/\" rel=\"nofollow\" aria-current=\"page\">Accueil<\/a><\/li><li id=\"menu-item-21\"><a href=\"https:\/\/clementresta-avocat.com\/index.php\/contact\/\" rel=\"nofollow\">Contact<\/a><\/li><li id=\"menu-item-359\"><a href=\"https:\/\/clementresta-avocat.com\/index.php\/rdv-en-ligne\/\" rel=\"nofollow\">RDV en ligne<\/a><\/li><li id=\"menu-item-20\"><a href=\"https:\/\/clementresta-avocat.com\/index.php\/blog\/\" rel=\"nofollow\">Blog<\/a><\/li><li id=\"menu-item-19\"><a href=\"https:\/\/clementresta-avocat.com\/index.php\/cgu\/\" rel=\"nofollow\">CGU<\/a><\/li><li id=\"menu-item-668\"><a href=\"https:\/\/clementresta-avocat.com\/index.php\/nos-modeles-documents-fiscaux\/\" rel=\"nofollow\">Nos mod\u00e8les fiscaux<\/a><\/li><\/ul> <a href=\"#\" rel=\"nofollow noopener noreferrer\" data-component=\"offcanvas\" data-target=\"#offcanvas-wrapper\" data-direction=\"right\" data-width=\"300px\" data-push=\"false\" data-loaded=\"true\">  <\/a>\n\t<h1>A quoi sert un avocat fiscaliste?<\/h1>\n<p>Pendant longtemps, les avocats fiscalistes ont, \u00e0 juste titre,\u00a0v\u00e9hicul\u00e9 une image sulfureuse aupr\u00e8s du public.<\/p>\n<p>Suite aux r\u00e9v\u00e9lations du Panama Papers, ces derniers ont notamment\u00a0\u00e9t\u00e9 accus\u00e9s d&rsquo;organiser, pour le compte de grands groupes,\u00a0une planification agressive visant \u00e0 l&rsquo;optimisation fiscale.<\/p>\n<p>La r\u00e9alit\u00e9 est toutefois plus complexe et, plus que jamais, <a href=\"https:\/\/clementresta-avocat.com\/index.php\/avocat-fiscaliste-lyon\/#t1\">l&rsquo;avocat<\/a> sp\u00e9cialis\u00e9 en fiscalit\u00e9 a un r\u00f4le \u00e0 jouer dans notre soci\u00e9t\u00e9, en particulier dans le d\u00e9bat public.<\/p>\n<p>Le consentement \u00e0 l&rsquo;i<strong>mp\u00f4t sur le revenu<\/strong> est en effet un sujet d&rsquo;actualit\u00e9, mis en avant lors des consultations port\u00e9es par le mouvement des <strong>gilets jaunes<\/strong>.<\/p>\n<p>Mais au-del\u00e0 de ces consid\u00e9rations de principe, cet article propose une d\u00e9finition de l&rsquo;<strong>avocat en droit fiscal<\/strong> et de son r\u00f4le concret.<\/p>\n<ol>\n<li><a href=\"#t1\">D\u00e9finition<\/a><\/li>\n<li><a href=\"#t2\">R\u00f4le\u00a0aupr\u00e8s des entreprises<\/a><\/li>\n<li><a href=\"#t3\">R\u00f4le aupr\u00e8s des particuliers<\/a><\/li>\n<\/ol>\n<h2 id=\"t1\">D\u00e9finition de l&rsquo;avocat fiscaliste<\/h2>\n<p>Un <strong>avocat fiscaliste<\/strong> est un professionnel du droit, membre d&rsquo;une profession r\u00e9glement\u00e9e, dont le r\u00f4le est d&rsquo;accompagner les entreprises ou les particuliers <strong>en mati\u00e8re de fiscalit\u00e9<\/strong>.<\/p>\n<p>Il est d\u00e9sign\u00e9 sous le nom de fiscaliste, de conseiller fiscal, de conseiller en <strong>gestion de patrimoine<\/strong>.<\/p>\n<p>L&rsquo;avocat fiscaliste est avant tout un sp\u00e9cialiste de sa mati\u00e8re.<\/p>\n<p>Il doit disposer de solides connaissances techniques acquises \u00e0 l&rsquo;issue d&rsquo;une formation universitaire sp\u00e9cialis\u00e9e sanctionn\u00e9e par le CAPA (certificat d&rsquo;aptitude \u00e0 la profession d&rsquo;avocat).<\/p>\n<p>Un <strong>ancien inspecteur des imp\u00f4ts<\/strong> peut \u00e9galement devenir avocat sous certaines conditions.<\/p>\n<p>Il doit ma\u00eetriser l&rsquo;ensemble des imp\u00f4ts (directs, indirects) mais \u00e9galement les principes de la comptabilit\u00e9, du droit des soci\u00e9t\u00e9s et du droit civil.<\/p>\n<p>L&rsquo;\u00e9conomie s&rsquo;\u00e9tant internationalis\u00e9e, il ma\u00eetrise une ou plusieurs langues ainsi que les outils modernes de communication <strong>graphique et les logiciels<\/strong> informatiques d&rsquo;assistance \u00e0 d\u00e9claration fiscale.<\/p>\n<h2 id=\"t2\">Le r\u00f4le d\u2019un avocat fiscaliste aupr\u00e8s des particuliers<\/h2>\n<p>Il agit tant que conseiller \u00e0 la fois juridique et fiscal d\u2019un particulier.<\/p>\n<p>En mati\u00e8re de conseil fiscal, il intervient en mati\u00e8re <strong>de s\u00e9curisation et de protection<\/strong> des int\u00e9r\u00eats fiscaux de son client.<\/p>\n<p>Il pourra mener le contentieux devant les tribunaux comp\u00e9tents, jusqu&rsquo;au Conseil d&rsquo;Etat ou la <strong>Cour de cassation<\/strong> selon les imp\u00f4ts concern\u00e9s.<\/p>\n<p>Il accompagne ses clients pour remplir toutes <strong>d\u00e9clarations d&rsquo;imp\u00f4t<\/strong>\u00a0ou, par exemple, pour calculer les droits de donation ou succession en cas de transmission.<\/p>\n<p>En mati\u00e8re de contr\u00f4le fiscal, il s&rsquo;assure que les droits et garanties du contribuable sont respect\u00e9s par l&rsquo;<strong>inspecteur des imp\u00f4ts<\/strong> en charge du contr\u00f4le.<\/p>\n<p>Par exemple, l&rsquo;<a href=\"https:\/\/clementresta-avocat.com\/index.php\/quand-prendre-un-avocat-fiscaliste\/#t2\">avocat fiscaliste<\/a> s&rsquo;assure que les\u00a0droits de communication de l&rsquo;administration fiscale, dont la mise en oeuvre\u00a0aupr\u00e8s de <strong>tiers ont pour finalit\u00e9<\/strong> de croiser certaines informations du dossier fiscal du contribuable, ont \u00e9t\u00e9 exerc\u00e9s de fa\u00e7on r\u00e9guli\u00e8re.<\/p>\n<h2 id=\"t3\">Le r\u00f4le d\u2019un avocat fiscaliste au niveau d\u2019une entreprise<\/h2>\n<p>La complexit\u00e9 des probl\u00e9matiques fiscales rencontr\u00e9es par les entreprise\u00a0exige une haute technicit\u00e9.<\/p>\n<p>C&rsquo;est principalement en mati\u00e8re d&rsquo;imp\u00f4t sur les soci\u00e9t\u00e9s que la comp\u00e9tence du professionnel fiscaliste sera recherch\u00e9e.<\/p>\n<p>L&rsquo;<strong>intervention d&rsquo;un avocat<\/strong> portera, par exemple, sur le r\u00e9gime fiscal d&rsquo;une fusion, sur la mise en conformit\u00e9 de la documentation prix de transfert pour un groupe multinational etc.<\/p>\n\t<p><a href=\"https:\/\/clementresta-avocat.com\/index.php\/sitemap\/\">Le site en quelques mots<\/a><\/p>\n","protected":false},"excerpt":{"rendered":"<p>Accueil Contact RDV en ligne Blog CGU Nos mod\u00e8les fiscaux A quoi sert un avocat fiscaliste? Pendant longtemps, les avocats fiscalistes ont, \u00e0 juste titre,\u00a0v\u00e9hicul\u00e9 une image sulfureuse aupr\u00e8s du public. Suite aux r\u00e9v\u00e9lations du Panama Papers, ces derniers ont notamment\u00a0\u00e9t\u00e9 accus\u00e9s d&rsquo;organiser, pour le compte de grands groupes,\u00a0une planification agressive visant \u00e0 l&rsquo;optimisation fiscale.&hellip; <br \/> <a class=\"read-more\" href=\"https:\/\/clementresta-avocat.com\/index.php\/a-quoi-sert-un-avocat-fiscaliste\/\">Lire la suite<\/a><\/p>\n","protected":false},"author":1,"featured_media":0,"parent":0,"menu_order":0,"comment_status":"closed","ping_status":"closed","template":"blank-slate-template.php","meta":{"footnotes":""},"class_list":["post-493","page","type-page","status-publish","hentry"],"aioseo_notices":[],"jetpack_sharing_enabled":true,"_links":{"self":[{"href":"https:\/\/clementresta-avocat.com\/index.php\/wp-json\/wp\/v2\/pages\/493","targetHints":{"allow":["GET"]}}],"collection":[{"href":"https:\/\/clementresta-avocat.com\/index.php\/wp-json\/wp\/v2\/pages"}],"about":[{"href":"https:\/\/clementresta-avocat.com\/index.php\/wp-json\/wp\/v2\/types\/page"}],"author":[{"embeddable":true,"href":"https:\/\/clementresta-avocat.com\/index.php\/wp-json\/wp\/v2\/users\/1"}],"replies":[{"embeddable":true,"href":"https:\/\/clementresta-avocat.com\/index.php\/wp-json\/wp\/v2\/comments?post=493"}],"version-history":[{"count":9,"href":"https:\/\/clementresta-avocat.com\/index.php\/wp-json\/wp\/v2\/pages\/493\/revisions"}],"predecessor-version":[{"id":817,"href":"https:\/\/clementresta-avocat.com\/index.php\/wp-json\/wp\/v2\/pages\/493\/revisions\/817"}],"wp:attachment":[{"href":"https:\/\/clementresta-avocat.com\/index.php\/wp-json\/wp\/v2\/media?parent=493"}],"curies":[{"name":"wp","href":"https:\/\/api.w.org\/{rel}","templated":true}]}}