{"id":496,"date":"2019-03-20T17:55:17","date_gmt":"2019-03-20T16:55:17","guid":{"rendered":"https:\/\/cravocat-fiscal.com\/?page_id=496"},"modified":"2020-08-14T11:21:12","modified_gmt":"2020-08-14T09:21:12","slug":"travailler-dans-un-cabinet-d-avocats","status":"publish","type":"page","link":"https:\/\/clementresta-avocat.com\/index.php\/travailler-dans-un-cabinet-d-avocats\/","title":{"rendered":"Travailler dans un cabinet d&rsquo;avocats"},"content":{"rendered":"\n\t <a href=\"https:\/\/clementresta-avocat.com\/\" rel=\"nofollow\" itemprop=\"url\"><img data-recalc-dims=\"1\" loading=\"lazy\" decoding=\"async\" width=\"378\" height=\"79\" src=\"https:\/\/i0.wp.com\/clementresta-avocat.com\/wp-content\/uploads\/2019\/02\/cropped-LogoCR.png?resize=378%2C79&#038;ssl=1\" alt=\"\" itemprop=\"logo\" srcset=\"https:\/\/clementresta-avocat.com\/wp-content\/uploads\/2019\/02\/cropped-LogoCR.png 378w, https:\/\/clementresta-avocat.com\/wp-content\/uploads\/2019\/02\/cropped-LogoCR-300x63.png 300w\" sizes=\"auto, (max-width: 378px) 100vw, 378px\"><\/a><ul id=\"main_menu\"><li id=\"menu-item-18\"><a href=\"https:\/\/clementresta-avocat.com\/\" rel=\"nofollow\" aria-current=\"page\">Accueil<\/a><\/li><li id=\"menu-item-21\"><a href=\"https:\/\/clementresta-avocat.com\/index.php\/contact\/\" rel=\"nofollow\">Contact<\/a><\/li><li id=\"menu-item-359\"><a href=\"https:\/\/clementresta-avocat.com\/index.php\/rdv-en-ligne\/\" rel=\"nofollow\">RDV en ligne<\/a><\/li><li id=\"menu-item-20\"><a href=\"https:\/\/clementresta-avocat.com\/index.php\/blog\/\" rel=\"nofollow\">Blog<\/a><\/li><li id=\"menu-item-19\"><a href=\"https:\/\/clementresta-avocat.com\/index.php\/cgu\/\" rel=\"nofollow\">CGU<\/a><\/li><li id=\"menu-item-668\"><a href=\"https:\/\/clementresta-avocat.com\/index.php\/nos-modeles-documents-fiscaux\/\" rel=\"nofollow\">Nos mod\u00e8les fiscaux<\/a><\/li><\/ul> <a href=\"#\" rel=\"nofollow\" data-component=\"offcanvas\" data-target=\"#offcanvas-wrapper\" data-direction=\"right\" data-width=\"300px\" data-push=\"false\" data-loaded=\"true\">  <\/a>\n\t\t\t\t<img data-recalc-dims=\"1\" loading=\"lazy\" decoding=\"async\" src=\"https:\/\/i0.wp.com\/clementresta-avocat.com\/wp-content\/uploads\/2020\/08\/Travailler-dans-un-cabinet-davocats.jpg?resize=1280%2C853&#038;ssl=1\" alt=\"Travailler dans un cabinet d'avocats\" itemprop=\"image\" height=\"853\" width=\"1280\" title=\"Travailler dans un cabinet d'avocats\" onerror=\"this.style.display='none'\"  \/>\n\t<h1>Travailler dans un cabinet d&rsquo;avocats<\/h1>\n<p>Tenter de d\u00e9finir le travail en cabinet d&rsquo;avocat n&rsquo;est pas chose ais\u00e9e tant les modes d&rsquo;exercices sont vari\u00e9s, les disciplines diverses et les profils multiples.<\/p>\n<p>En bref, il existe autant de cabinets d&rsquo;avocats que d&rsquo;avocats. Aussi, le pr\u00e9sent article a pour simple objet de donner des informations g\u00e9n\u00e9rales sur les principaux m\u00e9tiers et types de poste que l&rsquo;on peut rencontrer en cabinet d&rsquo;avocats.<\/p>\n<p>L&rsquo;avocat peut exercer seul ou \u00e0 plusieurs. En cas d&rsquo;exercice en commun, on distingue g\u00e9n\u00e9ralement les associ\u00e9s et les collaborateurs, lib\u00e9raux ou salari\u00e9s.<\/p>\n<p>S&rsquo;agissant de ces derniers, plusieurs fonctions peuvent exister.<\/p>\n<a href=\"#t1\">1. Les profils de salari\u00e9s en cabinet d&rsquo;avocats<\/a><br \/>\n<a href=\"#t2\">2.L&rsquo;organisation du travail en cabinet d&rsquo;avocats<\/a>\n<h2 id=\"t1\">Les profils de salari\u00e9s en cabinet d&rsquo;avocat<\/h2>\n<p>Il existe plusieurs profils de poste pour un poste salari\u00e9 en <strong><a href=\"https:\/\/clementresta-avocat.com\/index.php\/avocat-fiscaliste-lyon\/#t1\">cabinet d&rsquo;avocat<\/a><\/strong>.<\/p>\n<p>Avocat bien s\u00fbr, mais \u00e9galement juriste d&rsquo;entreprise ou assistant(e) juridique.<\/p>\n<p>Le juriste a des fonctions similaires \u00e0 celles d&rsquo;un avocat sur un plan op\u00e9rationnel, avec toutefois l&rsquo;impossibilit\u00e9 de repr\u00e9senter en justice les clients du cabinet. Il r\u00e9dige les consultations et pr\u00e9pare les actes juridiques ou de proc\u00e9dure pour le compte de l&rsquo;avocat associ\u00e9 en charge du dossier.<\/p>\n<p>Il a g\u00e9n\u00e9ralement un dipl\u00f4me universitaire en droit (Master I ou II) et dispose ainsi d&rsquo;une comp\u00e9tence technique \u00e9tendue.<\/p>\n<p>L&rsquo;assistant(e) juridique \u00e9tablit l&rsquo;ensemble des actes juridiques et formalit\u00e9s l\u00e9gales de la vie courante des soci\u00e9t\u00e9s (immatriculation, secr\u00e9tariat juridique annuelle, fusion, scission, dissolution etc.). Cette fonction est tr\u00e8s importante dans les cabinets d&rsquo;affaires. Il est \u00e9galement possible de recourir \u00e0 un formaliste, en charge des formalit\u00e9s de publicit\u00e9 l\u00e9gales.<\/p>\n<p>Les <strong>cabinets d&rsquo;avocats<\/strong> plus importants peuvent \u00e9galement int\u00e9grer des fonctions support: informaticien, secr\u00e9taire g\u00e9n\u00e9ral, directeur administratif et financier (DAF).<\/p>\n<p>De plus en plus de cabinets se dotent en interne d&rsquo;un service de communication, charg\u00e9 de valoriser l&rsquo;image du cabinet et d&rsquo;animer sa politique marketing.<\/p>\n<p>Un ou plusieurs salari\u00e9s seront charg\u00e9s de la gestion du site internet, de r\u00e9aliser des  actions de communication, des \u00e9v\u00e9nements clients ou d&rsquo;organiser des team buidings etc.<\/p>\n<p>Enfin, dans les cabinets comptant plus d&rsquo;une centaine de personnes, il est courant de se doter d&rsquo;une \u00ab\u00a0knowledge center\u00a0\u00bb c&rsquo;est \u00e0 dire un d\u00e9partement d\u00e9di\u00e9 \u00e0 la documentation interne et \u00e0 la mise \u00e0 jour des connaissances techniques (formation du personnel, supports divers, mod\u00e8les etc.).<\/p>\n<h2 id=\"t2\">L&rsquo;<strong>organisation du travail<\/strong> au sein d&rsquo;un cabinet d&rsquo;avocats<\/h2>\n<h3>Statut des juristes et avocats salari\u00e9s de cabinet d&rsquo;avocat<\/h3>\n<p>Pour les salari\u00e9s des <strong>cabinet d&rsquo;avocats<\/strong>, le code du <strong>travail<\/strong> s&rsquo;applique pleinement au <strong>travail des salari\u00e9s<\/strong>.<\/p>\n<p>La <strong>r\u00e9partition des horaires<\/strong> est fix\u00e9e par le cabinet, sous r\u00e9serve des contraintes l\u00e9gislatives relative \u00e0 la dur\u00e9e <strong>l\u00e9gale du travail<\/strong>.<\/p>\n<p>En cas de d\u00e9passement de cette dur\u00e9e, les salari\u00e9s ont droit \u00e0 une <strong>majoration de salaire<\/strong> et, dans certains cas, \u00e0\u00a0un <strong>repos de remplacement<\/strong>.<\/p>\n<p>Comme pr\u00e9cis\u00e9 ci-avant, le <strong>travail du salari\u00e9<\/strong> en cabinet, qu&rsquo;il soit avocat ou juriste, consiste principalement en\u00a0la r\u00e9daction de tout acte juridique (consultations, document, contrats etc.).<\/p>\n<p>Le <strong>salaire moyen mensuel<\/strong> des juristes en cabinet d&rsquo;avocats et avocat salari\u00e9s d\u00e9butants (0 \u00e0 2 ans d&rsquo;exp\u00e9rience) se situe dans une fourchette allant de 2 500 \u20ac \u00e0 3 000 \u20ac bruts mensuels.<\/p>\n<p>L&rsquo;avocat salari\u00e9 ne peut pas avoir de client\u00e8le propre. Il dispose toutefois d&rsquo;une certaine ind\u00e9pendance dans la pratique de son m\u00e9tier, conform\u00e9ment aux principes essentiels de la profession d&rsquo;avocat.<\/p>\n<h3>Statut des avocats collaborateurs lib\u00e9raux<\/h3>\n<p>Les avocats travaillant en collaboration lib\u00e9rale sont soumis aux r\u00e8gles du R\u00e8glement Int\u00e9rieur National (RIN) qui organise la relation de collaboration lib\u00e9rale.<\/p>\n<p>Il n&rsquo;y pas de r\u00e8gles encadrant les <strong>horaires de travail<\/strong> mais l&rsquo;avocat collaborateur lib\u00e9ral a droit \u00e0 5 semaines de <strong>jours de repos<\/strong>.<\/p>\n<p>Par ailleurs, des r\u00e8gles sp\u00e9cifiques s&rsquo;appliquent au titre du <strong>cong\u00e9 de maternit\u00e9<\/strong> et de paternit\u00e9 (indemnisation, dur\u00e9e etc.).<\/p>\n<p>L&rsquo;avocat collaborateur peut disposer d&rsquo;une client\u00e8le propre.<\/p>\n\t<footer><a href=\"https:\/\/clementresta-avocat.com\/index.php\/sitemap\/\">Le site en quelques mots<\/a><\/footer>\n","protected":false},"excerpt":{"rendered":"<p>Accueil Contact RDV en ligne Blog CGU Nos mod\u00e8les fiscaux Travailler dans un cabinet d&rsquo;avocats Tenter de d\u00e9finir le travail en cabinet d&rsquo;avocat n&rsquo;est pas chose ais\u00e9e tant les modes d&rsquo;exercices sont vari\u00e9s, les disciplines diverses et les profils multiples. En bref, il existe autant de cabinets d&rsquo;avocats que d&rsquo;avocats. Aussi, le pr\u00e9sent article a&hellip; <br \/> <a class=\"read-more\" href=\"https:\/\/clementresta-avocat.com\/index.php\/travailler-dans-un-cabinet-d-avocats\/\">Lire la suite<\/a><\/p>\n","protected":false},"author":1,"featured_media":0,"parent":0,"menu_order":0,"comment_status":"closed","ping_status":"closed","template":"blank-slate-template.php","meta":{"footnotes":""},"class_list":["post-496","page","type-page","status-publish","hentry"],"aioseo_notices":[],"jetpack_sharing_enabled":true,"_links":{"self":[{"href":"https:\/\/clementresta-avocat.com\/index.php\/wp-json\/wp\/v2\/pages\/496","targetHints":{"allow":["GET"]}}],"collection":[{"href":"https:\/\/clementresta-avocat.com\/index.php\/wp-json\/wp\/v2\/pages"}],"about":[{"href":"https:\/\/clementresta-avocat.com\/index.php\/wp-json\/wp\/v2\/types\/page"}],"author":[{"embeddable":true,"href":"https:\/\/clementresta-avocat.com\/index.php\/wp-json\/wp\/v2\/users\/1"}],"replies":[{"embeddable":true,"href":"https:\/\/clementresta-avocat.com\/index.php\/wp-json\/wp\/v2\/comments?post=496"}],"version-history":[{"count":14,"href":"https:\/\/clementresta-avocat.com\/index.php\/wp-json\/wp\/v2\/pages\/496\/revisions"}],"predecessor-version":[{"id":1475,"href":"https:\/\/clementresta-avocat.com\/index.php\/wp-json\/wp\/v2\/pages\/496\/revisions\/1475"}],"wp:attachment":[{"href":"https:\/\/clementresta-avocat.com\/index.php\/wp-json\/wp\/v2\/media?parent=496"}],"curies":[{"name":"wp","href":"https:\/\/api.w.org\/{rel}","templated":true}]}}