{"id":541,"date":"2019-03-22T17:50:23","date_gmt":"2019-03-22T16:50:23","guid":{"rendered":"https:\/\/cravocat-fiscal.com\/?page_id=541"},"modified":"2020-02-23T08:24:54","modified_gmt":"2020-02-23T07:24:54","slug":"nos-modeles-documents-fiscaux","status":"publish","type":"page","link":"https:\/\/clementresta-avocat.com\/index.php\/nos-modeles-documents-fiscaux\/","title":{"rendered":"Nos mod\u00e8les de documents fiscaux"},"content":{"rendered":"\n<h5>OPTION POUR L\u2019INT\u00c9GRATION FISCALE<\/h5>\n<p>T\u00e9l\u00e9chargez notre mod\u00e8le d&rsquo;option pour constituer un groupe d&rsquo;int\u00e9gration<\/p>\n<p>Nombre de mots: 978<\/p>\n<p>#R\u00e9gime d&rsquo;imposition<\/p>\n<h3><a href=\"https:\/\/clementresta-avocat.com\/index.php\/modele-option-integration-fiscale\/\">T\u00e9l\u00e9chargement du mod\u00e8le<\/a><\/h3>\n<h5>R\u00c9PONSE A PROPOSITION DE RECTIFICATIONS<\/h5>\n<p>T\u00e9l\u00e9chargez notre mod\u00e8le de courrier de r\u00e9ponse \u00e0 proposition de rectifications<\/p>\n<p>Nombre de mots: 598<\/p>\n<p>#Contr\u00f4le fiscal<\/p>\n<h3><a href=\"https:\/\/clementresta-avocat.com\/index.php\/courrier-reponse-proposition-rectifications\/\">T\u00e9l\u00e9chargement du mod\u00e8le<\/a><\/h3>\n<h5>PROROGATION DU D\u00c9LAI DE R\u00c9PONSE A PROPOSITION DE RECTIFICATIONS<\/h5>\n<p>T\u00e9l\u00e9chargez notre mod\u00e8le pour proroger de 30 jours le d\u00e9lai de r\u00e9ponse \u00e0 proposition de rectifications<\/p>\n<p>Nombre de mots: 225<\/p>\n<p>#Contr\u00f4le fiscal<\/p>\n<h3><a href=\"https:\/\/clementresta-avocat.com\/index.php\/modele-prorogation-delai-reponse-proposition-rectifications\/\">T\u00e9l\u00e9chargement du mod\u00e8le<\/a><\/h3>\n<h5>R\u00c9CLAMATION AVEC SURSIS<br \/>\nDE PAIEMENT<\/h5>\n<p>T\u00e9l\u00e9chargez notre mod\u00e8le de r\u00e9clamation avec sursis de paiement<\/p>\n<p>Nombre de mots: 831<\/p>\n<p>#Contentieux fiscal<\/p>\n<h3><a href=\"https:\/\/clementresta-avocat.com\/index.php\/modele-de-reclamation-avec-sursis-de-paiement\/\">T\u00e9l\u00e9chargement du mod\u00e8le<\/a><\/h3>\n<h5>PROROGATION DU D\u00c9LAI DE 4 ANS D&rsquo;UN ENGAGEMENT DE CONSTRUIRE<\/h5>\n<p>T\u00e9l\u00e9chargez notre mod\u00e8le pour proroger le d\u00e9lai d&rsquo;un engagement de construire portant sur un immeuble<\/p>\n<p>Nombre de mots: 629<\/p>\n<p>#Droits d&rsquo;enregistrement<\/p>\n<h3><a href=\"https:\/\/clementresta-avocat.com\/index.php\/modele-prorogation-engagement-construire\/\">T\u00e9l\u00e9chargement du mod\u00e8le<\/a><\/h3>\n<h5>CONTESTATION DE LA VALEUR<br \/>\nLOCATIVE DE VOTRE BIEN<\/h5>\n<p>T\u00e9l\u00e9chargez notre mod\u00e8le de r\u00e9clamation visant \u00e0 contester la valeur locative de votre immeuble<\/p>\n<p>Nombre de mots: 815<\/p>\n<p>#Imp\u00f4ts locaux<\/p>\n<h3><a href=\"https:\/\/clementresta-avocat.com\/index.php\/contestation-valeur-locative-cadastrale\/\">T\u00e9l\u00e9chargement du mod\u00e8le<\/a><\/h3>\n<h5>SUBSTITUTION D&rsquo;UN ENGAGEMENT DE REVENDRE A UN ENGAGEMENT DE CONSTRUIRE<\/h5>\n<p>T\u00e9l\u00e9chargez notre mod\u00e8le de substitution d&rsquo;un engagement de revendre \u00e0 un engagement de construire avec son annexe<\/p>\n<p>Nombre de mots: 1427<\/p>\n<p>#Droits d&rsquo;enregistrement<\/p>\n<h3><a href=\"https:\/\/clementresta-avocat.com\/index.php\/modele-substitution-engagement-revendre\/\">T\u00e9l\u00e9chargement du mod\u00e8le<\/a><\/h3>\n<h5>SUBSTITUTION D&rsquo;UN ENGAGEMENT DE CONSTRUIRE A UN ENGAGEMENT DE REVENDRE<\/h5>\n<p>T\u00e9l\u00e9chargez notre mod\u00e8le de substitution d&rsquo;un engagement de construire \u00e0 un engagement de revendre<\/p>\n<p>Nombre de mots: 406<\/p>\n<p>#Droits d&rsquo;enregistrement<\/p>\n<h3><a href=\"https:\/\/clementresta-avocat.com\/index.php\/modele-substitution-engagement-construire\/\">T\u00e9l\u00e9chargement du mod\u00e8le<\/a><\/h3>\n<h5>DEMANDE DE COMMUNICATION DE LA FICHE D&rsquo;EVALUATION DE VOTRE LOCAL COMMERCIAL<\/h5>\n<p>T\u00e9l\u00e9chargez notre mod\u00e8le de demande de communication de la fiche d&rsquo;\u00e9valuation ou de calcul de votre local commercial<\/p>\n<p>Nombre de mots: 161<\/p>\n<p>#Imp\u00f4ts locaux<\/p>\n<h3><a href=\"https:\/\/clementresta-avocat.com\/index.php\/demander-la-fiche-devaluation-de-votre-local-commercial\/\">T\u00e9l\u00e9chargement du mod\u00e8le<\/a><\/h3>\n","protected":false},"excerpt":{"rendered":"<p>OPTION POUR L\u2019INT\u00c9GRATION FISCALE T\u00e9l\u00e9chargez notre mod\u00e8le d&rsquo;option pour constituer un groupe d&rsquo;int\u00e9gration Nombre de mots: 978 #R\u00e9gime d&rsquo;imposition T\u00e9l\u00e9chargement du mod\u00e8le R\u00c9PONSE A PROPOSITION DE RECTIFICATIONS T\u00e9l\u00e9chargez notre mod\u00e8le de courrier de r\u00e9ponse \u00e0 proposition de rectifications Nombre de mots: 598 #Contr\u00f4le fiscal T\u00e9l\u00e9chargement du mod\u00e8le PROROGATION DU D\u00c9LAI DE R\u00c9PONSE A PROPOSITION DE&hellip; <br \/> <a class=\"read-more\" href=\"https:\/\/clementresta-avocat.com\/index.php\/nos-modeles-documents-fiscaux\/\">Lire la suite<\/a><\/p>\n","protected":false},"author":1,"featured_media":552,"parent":0,"menu_order":0,"comment_status":"closed","ping_status":"closed","template":"","meta":{"footnotes":""},"class_list":["post-541","page","type-page","status-publish","has-post-thumbnail","hentry"],"aioseo_notices":[],"jetpack_sharing_enabled":true,"_links":{"self":[{"href":"https:\/\/clementresta-avocat.com\/index.php\/wp-json\/wp\/v2\/pages\/541","targetHints":{"allow":["GET"]}}],"collection":[{"href":"https:\/\/clementresta-avocat.com\/index.php\/wp-json\/wp\/v2\/pages"}],"about":[{"href":"https:\/\/clementresta-avocat.com\/index.php\/wp-json\/wp\/v2\/types\/page"}],"author":[{"embeddable":true,"href":"https:\/\/clementresta-avocat.com\/index.php\/wp-json\/wp\/v2\/users\/1"}],"replies":[{"embeddable":true,"href":"https:\/\/clementresta-avocat.com\/index.php\/wp-json\/wp\/v2\/comments?post=541"}],"version-history":[{"count":23,"href":"https:\/\/clementresta-avocat.com\/index.php\/wp-json\/wp\/v2\/pages\/541\/revisions"}],"predecessor-version":[{"id":1217,"href":"https:\/\/clementresta-avocat.com\/index.php\/wp-json\/wp\/v2\/pages\/541\/revisions\/1217"}],"wp:featuredmedia":[{"embeddable":true,"href":"https:\/\/clementresta-avocat.com\/index.php\/wp-json\/wp\/v2\/media\/552"}],"wp:attachment":[{"href":"https:\/\/clementresta-avocat.com\/index.php\/wp-json\/wp\/v2\/media?parent=541"}],"curies":[{"name":"wp","href":"https:\/\/api.w.org\/{rel}","templated":true}]}}