{"id":643,"date":"2019-04-06T15:52:21","date_gmt":"2019-04-06T13:52:21","guid":{"rendered":"https:\/\/cravocat-fiscal.com\/?page_id=643"},"modified":"2019-04-09T09:27:37","modified_gmt":"2019-04-09T07:27:37","slug":"modele-de-reclamation-avec-sursis-de-paiement","status":"publish","type":"page","link":"https:\/\/clementresta-avocat.com\/index.php\/modele-de-reclamation-avec-sursis-de-paiement\/","title":{"rendered":"Mod\u00e8le de r\u00e9clamation avec sursis de paiement"},"content":{"rendered":"\n\t<h1>T\u00e9l\u00e9chargez notre mod\u00e8le de r\u00e9clamation avec sursis de paiement<\/h1>\n<p>Pour contester un avis d&rsquo;imp\u00f4t ou un avis de mise en recouvrement, il est n\u00e9cessaire de d\u00e9poser une r\u00e9clamation contentieuse contre cet avis.<\/p>\n<p>A cette occasion, il est \u00e9galement possible, sous certaines conditions, de solliciter le sursis de paiement des impositions contest\u00e9es, dont l&rsquo;exigibilit\u00e9 sera alors suspendue.<\/p>\n<h2>R\u00e9clamation contentieuses: comment et \u00e0 quelles conditions?<\/h2>\n<p>L&rsquo;objet d&rsquo;une r\u00e9clamation est de contester le bien-fond\u00e9 d&rsquo;une imposition.<\/p>\n<p>L&rsquo;imp\u00f4t contest\u00e9 peut avoir pour origine une imposition primitive (par exemple un avis d&rsquo;imp\u00f4t sur le revenu suite au d\u00e9p\u00f4t d&rsquo;une d\u00e9claration annuelle de revenus) ou suppl\u00e9mentaire (\u00e0 l&rsquo;issue d&rsquo;un contr\u00f4le fiscal).<\/p>\n<p>La r\u00e9clamation contentieuse est une formalit\u00e9 pr\u00e9alable obligatoire \u00e0 la saisine du Tribunal.<\/p>\n<p>Selon les cas et la nature des imp\u00f4ts contest\u00e9s, le d\u00e9lai dans lequel doit \u00eatre introduite la r\u00e9clamation varie.<\/p>\n<h3>D\u00e9lai pour introduire une r\u00e9clamation contre une imposition primitive<\/h3>\n<p>En mati\u00e8re d&rsquo;imp\u00f4ts directs autres que locaux, le d\u00e9lai pour r\u00e9clamer expire le 31 d\u00e9cembre de l&rsquo;ann\u00e9e N+2 suivant la r\u00e9ception de l&rsquo;avis de mise en recouvrement ou du paiement de l&rsquo;imp\u00f4t.<\/p>\n<p>Ainsi, l&rsquo;avis d&rsquo;imposition relatif aux revenus de l&rsquo;ann\u00e9e 2018, re\u00e7u en septembre 2019, pourra \u00eatre contest\u00e9 jusqu&rsquo;au 31 d\u00e9cembre 2021.<\/p>\n<p>En mati\u00e8re d&rsquo;imp\u00f4ts locaux, le d\u00e9lai de r\u00e9clamation expire le 31 d\u00e9cembre de l&rsquo;ann\u00e9e N+1 de l&rsquo;ann\u00e9e suivant la r\u00e9ception de l&rsquo;avis de mise en recouvrement.<\/p>\n<p>Ainsi, l&rsquo;avis de taxe fonci\u00e8re 2019, re\u00e7u en octobre 2019, pourra \u00eatre contest\u00e9 jusqu&rsquo;au 31 d\u00e9cembre 2020.<\/p>\n<h3>D\u00e9lai pour introduire une r\u00e9clamation contre une imposition suppl\u00e9mentaire<\/h3>\n<p>Dans le cas o\u00f9 un contribuable fait l&rsquo;objet d&rsquo;une proc\u00e9dure de reprise ou de redressement de la part de l&rsquo;administration des imp\u00f4ts, il dispose d&rsquo;un d\u00e9lai \u00e9gal \u00e0 celui de l&rsquo;administration pour pr\u00e9senter ses propres r\u00e9clamations.<\/p>\n<p>Le d\u00e9lai de r\u00e9clamation du contribuable s&rsquo;exerce donc, hors cas sp\u00e9cifiques, suivant le cas:<\/p>\n<ul>\n<li>Pour l&rsquo;imp\u00f4t sur le revenu, l&rsquo;imp\u00f4t sur les soci\u00e9t\u00e9s, la CFE et la TVA, jusqu&rsquo;\u00e0 la fin de la troisi\u00e8me ann\u00e9e qui suit celle au titre de laquelle l&rsquo;imposition est due (N+3)<\/li>\n<li>Pour la taxe fonci\u00e8re, la taxe d&rsquo;habitation et les taxes annexes, jusqu&rsquo;\u00e0 la fin de l&rsquo;ann\u00e9e suivant celle au titre de laquelle l&rsquo;imposition est due (N+1)<\/li>\n<\/ul>\n<p>Ainsi, en fonction de votre situation et de la nature de l&rsquo;imp\u00f4t \u00e0 contester, il convient de vous assurer que vous \u00eates toujours dans les d\u00e9lais pour introduire une r\u00e9clamation<\/p>\n<h3>Forme de la r\u00e9clamation<\/h3>\nLa r\u00e9clamation est \u00e9tablie sous la forme d&rsquo;une simple lettre adress\u00e9e au service des imp\u00f4ts comp\u00e9tent pour la recevoir.\n<p>Il pourra s&rsquo;agir selon la nature de l&rsquo;imp\u00f4t contest\u00e9 du Service des imp\u00f4ts des particuliers ou du Service des imp\u00f4ts des entreprises.<\/p>\nIl n&rsquo;est pas n\u00e9cessaire la r\u00e9clamation soit adress\u00e9e par LRAR mais cela est fortement recommand\u00e9 eu \u00e9gard aux d\u00e9lais obligatoires d&rsquo;introduction des r\u00e9clamations.\nLe contribuable doit formuler explicitement dans la r\u00e9clamation qu&rsquo;il conteste la cr\u00e9ance fiscale que d\u00e9tient l&rsquo;administration fiscale contre lui.\nPar ailleurs, toute r\u00e9clamation doit, \u00e0 peine d&rsquo;irrecevabilit\u00e9 :\n<ul>\n<li id=\"482-PGP_-_mentionner_limposition_co_039\">mentionner l&rsquo;imposition contest\u00e9e ;<\/li>\n<li>comprendre un expos\u00e9 sommaire des moyens de contestation ;<\/li>\n<li>\u00eatre sign\u00e9e de fa\u00e7on manuscrite par son auteur (\u00e0 d\u00e9faut, l&rsquo;administration doit inviter le contribuable \u00e0 signer sa r\u00e9clamation dans un d\u00e9lai de trente jours (LPF, art. R*197-3, c.) ;<\/li>\n<li>\u00eatre accompagn\u00e9e soit de l&rsquo;avis d&rsquo;imposition, d&rsquo;une copie de cet avis ou d&rsquo;un extrait du r\u00f4le, soit de l&rsquo;avis de mise en recouvrement ou d&rsquo;une copie de cet avis, soit, dans le cas o\u00f9 l&rsquo;imp\u00f4t n&rsquo;a pas donn\u00e9 lieu \u00e0 l&rsquo;\u00e9tablissement d&rsquo;un r\u00f4le ou d&rsquo;un avis de mise en recouvrement, de toute pi\u00e8ce justifiant le montant de la retenue ou du versement (LPF, art. R*197-3, d).<\/li>\n<\/ul>\nLa r\u00e9clamation peut \u00eatre r\u00e9gularis\u00e9e \u00e0 tout moment par la production des pi\u00e8ces obligatoires devant \u00eatre annex\u00e9es.\nEnfin, en cas de rejet de la r\u00e9clamation motiv\u00e9e par un vice de forme, il est possible de r\u00e9gulariser ceux-ci dans la demande adress\u00e9e au tribunal administratif (LPF, art. R*200-2, avant dernier alin\u00e9a).\n<p>En d&rsquo;autres termes, une r\u00e9clamation ne respectant pas les conditions de forme pr\u00e9vues par la loi peut en r\u00e8gle g\u00e9n\u00e9rale produire ses effets \u00e0 condition de faire l&rsquo;objet d&rsquo;une r\u00e9gularisation.<\/p>\n<h2>La r\u00e9clamation assortie du sursis de paiement<\/h2>\n<p>Le contribuable qui conteste une imposition a la facult\u00e9 de ne pas l&rsquo;acquitter dans le d\u00e9lai l\u00e9gal de son exigibilit\u00e9.<\/p>\n<p>En effet, il peut demander express\u00e9ment \u00e0 surseoir au paiement de l&rsquo;imp\u00f4t, dans l&rsquo;attente d&rsquo;une d\u00e9cision statuant sur sa r\u00e9clamation.<\/p>\n<p>Lorsque le litige est sup\u00e9rieur \u00e0 4 500 \u20ac en principal, le contribuable doit constituer des garanties propres \u00e0 assurer le recouvrement des impositions contester (cautions bancaires, nantissement, hypoth\u00e8ques etc.).<\/p>\n<p>A d\u00e9faut ou si les garanties propos\u00e9es ne sont pas jug\u00e9es suffisantes, le service du recouvrement peut prendre des mesures conservatoires.<\/p>\n<p>Le sursis cesse \u00e0 la date du jugement du Tribunal confirmant le rejet de la r\u00e9clamation et les poursuites visant au recouvrement des impositions contest\u00e9es pourront reprendre.<\/p>\n<p>Si un appel est form\u00e9, le contribuable pourra demander la suspension du recouvrement sous certaines conditions.<\/p>\n<h2>Notre mod\u00e8le de r\u00e9clamation assortie du sursis de paiement<\/h2>\n<p>Notre mod\u00e8le, t\u00e9l\u00e9chargeable au format word, comprend:<\/p>\n<ul>\n<li>le courrier valant r\u00e9clamation contentieuse avec demande de sursis de paiement<\/li>\n<li>une notice vous permettant d&rsquo;identifier le service des imp\u00f4ts destinataire de votre envoi<\/li>\n<\/ul>\n           \r\n            <div class=\"onp-locker-call\" style=\"display: none;\" data-lock-id=\"onpLock216175\">\r\n                <p><\/p>\n<h3><a href=\"..\/..\/wp-content\/uploads\/2019\/04\/Reclamation-avec-sursis-de-paiement.doc\">Mod\u00e8le de r\u00e9clamation contentieuse<\/a><\/h3>\n<h3><a href=\"..\/..\/wp-content\/uploads\/2019\/03\/Notice_Trouver-votre-SIE-ou-SIP.pdf\">Notice_Trouver votre SIE ou SIP<\/a><\/h3>\n<p><\/p>\r\n            <\/div>\r\n         \r\n\r\n        \n","protected":false},"excerpt":{"rendered":"<p>T\u00e9l\u00e9chargez notre mod\u00e8le de r\u00e9clamation avec sursis de paiement Pour contester un avis d&rsquo;imp\u00f4t ou un avis de mise en recouvrement, il est n\u00e9cessaire de d\u00e9poser une r\u00e9clamation contentieuse contre cet avis. A cette occasion, il est \u00e9galement possible, sous certaines conditions, de solliciter le sursis de paiement des impositions contest\u00e9es, dont l&rsquo;exigibilit\u00e9 sera alors&hellip; <br \/> <a class=\"read-more\" href=\"https:\/\/clementresta-avocat.com\/index.php\/modele-de-reclamation-avec-sursis-de-paiement\/\">Lire la suite<\/a><\/p>\n","protected":false},"author":1,"featured_media":552,"parent":0,"menu_order":0,"comment_status":"closed","ping_status":"closed","template":"","meta":{"footnotes":""},"class_list":["post-643","page","type-page","status-publish","has-post-thumbnail","hentry"],"aioseo_notices":[],"jetpack_sharing_enabled":true,"_links":{"self":[{"href":"https:\/\/clementresta-avocat.com\/index.php\/wp-json\/wp\/v2\/pages\/643","targetHints":{"allow":["GET"]}}],"collection":[{"href":"https:\/\/clementresta-avocat.com\/index.php\/wp-json\/wp\/v2\/pages"}],"about":[{"href":"https:\/\/clementresta-avocat.com\/index.php\/wp-json\/wp\/v2\/types\/page"}],"author":[{"embeddable":true,"href":"https:\/\/clementresta-avocat.com\/index.php\/wp-json\/wp\/v2\/users\/1"}],"replies":[{"embeddable":true,"href":"https:\/\/clementresta-avocat.com\/index.php\/wp-json\/wp\/v2\/comments?post=643"}],"version-history":[{"count":5,"href":"https:\/\/clementresta-avocat.com\/index.php\/wp-json\/wp\/v2\/pages\/643\/revisions"}],"predecessor-version":[{"id":699,"href":"https:\/\/clementresta-avocat.com\/index.php\/wp-json\/wp\/v2\/pages\/643\/revisions\/699"}],"wp:featuredmedia":[{"embeddable":true,"href":"https:\/\/clementresta-avocat.com\/index.php\/wp-json\/wp\/v2\/media\/552"}],"wp:attachment":[{"href":"https:\/\/clementresta-avocat.com\/index.php\/wp-json\/wp\/v2\/media?parent=643"}],"curies":[{"name":"wp","href":"https:\/\/api.w.org\/{rel}","templated":true}]}}