{"id":672,"date":"2019-04-08T17:27:01","date_gmt":"2019-04-08T15:27:01","guid":{"rendered":"https:\/\/cravocat-fiscal.com\/?page_id=672"},"modified":"2019-04-09T14:27:15","modified_gmt":"2019-04-09T12:27:15","slug":"modele-substitution-engagement-construire","status":"publish","type":"page","link":"https:\/\/clementresta-avocat.com\/index.php\/modele-substitution-engagement-construire\/","title":{"rendered":"Mod\u00e8le de substitution d&rsquo;un engagement de construire"},"content":{"rendered":"\n\t<h1>T\u00e9l\u00e9chargez notre mod\u00e8le de substitution d&rsquo;un engagement de construire \u00e0 un engagement de revendre<\/h1>\n<p>Les engagements pris en mati\u00e8re de droits d&rsquo;enregistrement peuvent \u00eatre substitu\u00e9s l&rsquo;un \u00e0 l&rsquo;autre.<\/p>\n<p>Toutefois, un engagement de construire et un <a href=\"https:\/\/clementresta-avocat.com\/index.php\/modele-substitution-engagement-revendre\/\">engagement de revendre<\/a> ne b\u00e9n\u00e9ficient pas des m\u00eames taux.<\/p>\n<p>Leur substitution emporte donc des effets diff\u00e9rents.<\/p>\n<h2>Substitution d&rsquo;un engagement de construire \u00e0 un engagement de revendre<\/h2>\nL&rsquo;article 1594-0 G du CGI permet \u00e0 un assujetti ayant pris un engagement de revendre d&rsquo;y substituer un engagement de construire.\n<p>Cela peut viser le cas dans lequel l&rsquo;assujetti rencontre des difficult\u00e9s \u00e0 revendre en l&rsquo;\u00e9tat un bien qu&rsquo;il a pr\u00e9c\u00e9demment acquis et estime qu&rsquo;il lui sera plus facile de c\u00e9der le bien une fois remis \u00e0 neuf.<\/p>\n<p>La substitution d&rsquo;un engagement de construire \u00e0 un engagement de revendre doit intervenir dans le d\u00e9lai de r\u00e9alisation de l&rsquo;engagement de revendre, c&rsquo;est \u00e0 dire dans les 5 ans de l&rsquo;acquisition ayant donn\u00e9 lieu \u00e0 la souscription de l&rsquo;engagement de revendre.<\/p>\n<p>Cette substitution est effectu\u00e9e sans frais, par l&rsquo;envoi au Service des imp\u00f4ts d&rsquo;une d\u00e9claration en LRAR comportant les \u00e9l\u00e9ments suivants:<\/p>\n<ul>\n<li>Date et num\u00e9ro d&rsquo;enregistrement et de publication de l&rsquo;acte de mutation comportant l&rsquo;engagement de revendre<\/li>\n<li>Volont\u00e9 de substituer un engagement de construire<\/li>\n<li>Objet et <strong>consistance des travaux<\/strong> vis\u00e9s par l&rsquo;engagement de construire<\/li>\n<li>Montant des droits exon\u00e9r\u00e9s du fait de la substitution<\/li>\n<\/ul>\n<p>Le montant de l&rsquo;exon\u00e9ration suivant la substitution d\u00e9pend de l&rsquo;\u00e9tendue de celle-ci.<\/p>\n<p>En effet, cette substitution ne peut porter que sur une fraction de l&rsquo;immeuble plut\u00f4t que sa totalit\u00e9 de telle sorte que l&rsquo;engagement de revendre initialement pris continuera sur la fraction de l&rsquo;immeuble non concern\u00e9e par la substitution.<\/p>\n<p>La substitution a pour effet de purger l&rsquo;engagement initial de revendre.<\/p>\n<p>Ainsi, le b\u00e9n\u00e9fice du <strong>taux r\u00e9duit<\/strong> accord\u00e9 lors de l&rsquo;acquisition est d\u00e9finitivement acquis, sous r\u00e9serve de r\u00e9aliser l&rsquo;engagement de construire dans le d\u00e9lai l\u00e9gal pr\u00e9vu, soit 4 ans.<\/p>\n<p>Le d\u00e9lai de r\u00e9alisation de la construction prend effet au jour de la substitution.<\/p>\n<p>Ainsi, en cas de souscription d&rsquo;un engagement de revendre en N, la substitution doit intervenir en N+4 (<strong>d\u00e9lai de 5 ans<\/strong> d\u00e9compt\u00e9 de date \u00e0 date) et l&rsquo;engagement de construire doit \u00eatre r\u00e9alis\u00e9e au plus tard en N+8 (soit dans les 9 ans de l&rsquo;acquisition), sauf prorogations \u00e9ventuelles.<\/p>\n<h2>Notre mod\u00e8le de substitution d&rsquo;un engagement de construire \u00e0 un engagement de revendre<\/h2>\n<p>Notre mod\u00e8le, t\u00e9l\u00e9chargeable au format word, comprend:<\/p>\n<ul>\n<li>le courrier valant substitution de l&rsquo;engagement de revendre initial<\/li>\n<li>une notice vous permettant d&rsquo;identifier le service des imp\u00f4ts destinataire de votre envoi<\/li>\n<\/ul>\n           \r\n            <div class=\"onp-locker-call\" style=\"display: none;\" data-lock-id=\"onpLock798964\">\r\n                <p><\/p>\n<h3><a href=\"..\/..\/wp-content\/uploads\/2019\/04\/Substitution-engagement-de-construire.doc\">Substitution &#8211; engagement de construire<\/a><\/h3>\n<h3><a href=\"..\/..\/wp-content\/uploads\/2019\/03\/Notice_Trouver-votre-SIE-ou-SIP.pdf\">Notice_Trouver votre SIE ou SIP<\/a><\/h3>\n<p><\/p>\r\n            <\/div>\r\n         \r\n\r\n        \n","protected":false},"excerpt":{"rendered":"<p>T\u00e9l\u00e9chargez notre mod\u00e8le de substitution d&rsquo;un engagement de construire \u00e0 un engagement de revendre Les engagements pris en mati\u00e8re de droits d&rsquo;enregistrement peuvent \u00eatre substitu\u00e9s l&rsquo;un \u00e0 l&rsquo;autre. Toutefois, un engagement de construire et un engagement de revendre ne b\u00e9n\u00e9ficient pas des m\u00eames taux. Leur substitution emporte donc des effets diff\u00e9rents. Substitution d&rsquo;un engagement de&hellip; <br \/> <a class=\"read-more\" href=\"https:\/\/clementresta-avocat.com\/index.php\/modele-substitution-engagement-construire\/\">Lire la suite<\/a><\/p>\n","protected":false},"author":1,"featured_media":552,"parent":0,"menu_order":0,"comment_status":"closed","ping_status":"closed","template":"","meta":{"footnotes":""},"class_list":["post-672","page","type-page","status-publish","has-post-thumbnail","hentry"],"aioseo_notices":[],"jetpack_sharing_enabled":true,"_links":{"self":[{"href":"https:\/\/clementresta-avocat.com\/index.php\/wp-json\/wp\/v2\/pages\/672","targetHints":{"allow":["GET"]}}],"collection":[{"href":"https:\/\/clementresta-avocat.com\/index.php\/wp-json\/wp\/v2\/pages"}],"about":[{"href":"https:\/\/clementresta-avocat.com\/index.php\/wp-json\/wp\/v2\/types\/page"}],"author":[{"embeddable":true,"href":"https:\/\/clementresta-avocat.com\/index.php\/wp-json\/wp\/v2\/users\/1"}],"replies":[{"embeddable":true,"href":"https:\/\/clementresta-avocat.com\/index.php\/wp-json\/wp\/v2\/comments?post=672"}],"version-history":[{"count":8,"href":"https:\/\/clementresta-avocat.com\/index.php\/wp-json\/wp\/v2\/pages\/672\/revisions"}],"predecessor-version":[{"id":711,"href":"https:\/\/clementresta-avocat.com\/index.php\/wp-json\/wp\/v2\/pages\/672\/revisions\/711"}],"wp:featuredmedia":[{"embeddable":true,"href":"https:\/\/clementresta-avocat.com\/index.php\/wp-json\/wp\/v2\/media\/552"}],"wp:attachment":[{"href":"https:\/\/clementresta-avocat.com\/index.php\/wp-json\/wp\/v2\/media?parent=672"}],"curies":[{"name":"wp","href":"https:\/\/api.w.org\/{rel}","templated":true}]}}