{"id":680,"date":"2019-04-08T18:05:25","date_gmt":"2019-04-08T16:05:25","guid":{"rendered":"https:\/\/cravocat-fiscal.com\/?page_id=680"},"modified":"2019-04-09T14:26:09","modified_gmt":"2019-04-09T12:26:09","slug":"modele-substitution-engagement-revendre","status":"publish","type":"page","link":"https:\/\/clementresta-avocat.com\/index.php\/modele-substitution-engagement-revendre\/","title":{"rendered":"Mod\u00e8le de substitution d&rsquo;un engagement de revendre \u00e0 un engagement de construire"},"content":{"rendered":"\n\t<h1>T\u00e9l\u00e9chargez notre mod\u00e8le de substitution d&rsquo;un engagement de revendre \u00e0 un engagement de construire<\/h1>\n<p>Les engagements pris en mati\u00e8re de <strong>droits d&rsquo;enregistrement<\/strong> peuvent \u00eatre substitu\u00e9s l&rsquo;un \u00e0 l&rsquo;autre.<\/p>\n<p>Toutefois, un <a href=\"https:\/\/clementresta-avocat.com\/index.php\/modele-substitution-engagement-construire\/\">engagement de construire<\/a> et un engagement de revendre ne b\u00e9n\u00e9ficient pas des m\u00eames taux.<\/p>\n<p>Leur substitution emporte donc des effets diff\u00e9rents.<\/p>\n<h2>Substitution d&rsquo;un engagement de revendre \u00e0 un engagement de construire<\/h2>\nL&rsquo;article 1594-0 G du CGI permet \u00e0 un assujetti ayant pris un engagement de construire d&rsquo;y substituer un engagement de revendre.\n<p>Bien entendu, il ne convient d&rsquo;op\u00e9rer une telle substitution que si elle pr\u00e9sente un int\u00e9r\u00eat.<\/p>\n<p>Si l&rsquo;acquisition du bien relevait en tout \u00e9tat de cause du <strong>taux r\u00e9duit<\/strong>, il suffit \u00e0 l&rsquo;assujetti de constater l&rsquo;impossibilit\u00e9 de r\u00e9aliser l&rsquo;engagement de construire et de verser les droits compl\u00e9mentaires avec les int\u00e9r\u00eats de retard.<\/p>\n<p>A l&rsquo;inverse, lorsque le bien acquis relevait du <strong>taux normal<\/strong> (par ex. acquisition d&rsquo;un <strong>immeuble ancien<\/strong>), la substitution permettra de limiter le reversement \u00e0 la diff\u00e9rence entre les 125 \u20ac vers\u00e9s \u00e0 l&rsquo;acquisition sous couvert d&rsquo;un engagement de construire et le taux r\u00e9duit r\u00e9sultant de l&rsquo;engagement de revendre (soit 0,715%).<\/p>\n<p>La substitution doit \u00eatre effectu\u00e9e dans un <strong>d\u00e9lai de 5 ans<\/strong> suivant la souscription de l&rsquo;engagement de construire initial et est r\u00e9troactive, contrairement \u00e0 la substitution d&rsquo;un engagement de construire \u00e0 un engagement de revendre.<\/p>\n<p>En d&rsquo;autres termes, un assujetti ayant repris, en 2018, l&rsquo;engagement de construire pris en 2015 par un pr\u00e9c\u00e9dent acqu\u00e9reur ne pourra y substituer un engagement de revendre que jusqu&rsquo;en 2020.<\/p>\n<p>Compte tenu de son effet r\u00e9troactif, la substitution d&rsquo;un engagement de construire \u00e0 un engagement de revendre implique que l&rsquo;assujetti est r\u00e9put\u00e9 devoir les droits d&rsquo;enregistrement au taux r\u00e9duit depuis le jour de l&rsquo;acquisition ayant donn\u00e9 lieu \u00e0 l&rsquo;engagement de construire.<\/p>\n<p>La substitution prend la forme d&rsquo;un acte compl\u00e9mentaire \u00e0 l&rsquo;acte d&rsquo;acquisition et doit \u00eatre enregistr\u00e9 dans un d\u00e9lai d&rsquo;un mois.<\/p>\n<p>L&rsquo;acte comporte les \u00e9l\u00e9ments suivants:<\/p>\n<ul>\n<li>objet et <strong>consistance des travaux<\/strong> auxquels renonce l&rsquo;assujetti<\/li>\n<li>volont\u00e9 de substituer un engagement de revendre \u00e0 l&rsquo;engagement de construire<\/li>\n<li>valeur de l&rsquo;acquisition pour laquelle est sollicit\u00e9 le b\u00e9n\u00e9fice du taux r\u00e9duit<\/li>\n<\/ul>\n<h2>Notre mod\u00e8le de substitution d&rsquo;un engagement de revendre \u00e0 un engagement de construire<\/h2>\n<p>Notre mod\u00e8le, t\u00e9l\u00e9chargeable au format word, comprend:<\/p>\n<ul>\n<li>l&rsquo;acte compl\u00e9mentaire \u00e0 l&rsquo;acte d&rsquo;acquisition initial<\/li>\n<li>le courrier d&rsquo;accompagnement \u00e0 adresser au service des imp\u00f4ts<\/li>\n<li>une notice vous permettant d&rsquo;identifier le service des imp\u00f4ts destinataire de votre envoi<\/li>\n<\/ul>\n           \r\n            <div class=\"onp-locker-call\" style=\"display: none;\" data-lock-id=\"onpLock440715\">\r\n                <p><\/p>\n<h3><a href=\"..\/..\/wp-content\/uploads\/2019\/04\/Substitution-engagement-de-revendre.doc\">Substitution &#8211; engagement de revendre<\/a><\/h3>\n<h3><a href=\"..\/..\/wp-content\/uploads\/2019\/03\/Notice_Trouver-votre-SIE-ou-SIP.pdf\">Notice_Trouver votre SIE ou SIP<\/a><\/h3>\n<p><\/p>\r\n            <\/div>\r\n         \r\n\r\n        \n","protected":false},"excerpt":{"rendered":"<p>T\u00e9l\u00e9chargez notre mod\u00e8le de substitution d&rsquo;un engagement de revendre \u00e0 un engagement de construire Les engagements pris en mati\u00e8re de droits d&rsquo;enregistrement peuvent \u00eatre substitu\u00e9s l&rsquo;un \u00e0 l&rsquo;autre. Toutefois, un engagement de construire et un engagement de revendre ne b\u00e9n\u00e9ficient pas des m\u00eames taux. Leur substitution emporte donc des effets diff\u00e9rents. Substitution d&rsquo;un engagement de&hellip; <br \/> <a class=\"read-more\" href=\"https:\/\/clementresta-avocat.com\/index.php\/modele-substitution-engagement-revendre\/\">Lire la suite<\/a><\/p>\n","protected":false},"author":1,"featured_media":552,"parent":0,"menu_order":0,"comment_status":"closed","ping_status":"closed","template":"","meta":{"footnotes":""},"class_list":["post-680","page","type-page","status-publish","has-post-thumbnail","hentry"],"aioseo_notices":[],"jetpack_sharing_enabled":true,"_links":{"self":[{"href":"https:\/\/clementresta-avocat.com\/index.php\/wp-json\/wp\/v2\/pages\/680","targetHints":{"allow":["GET"]}}],"collection":[{"href":"https:\/\/clementresta-avocat.com\/index.php\/wp-json\/wp\/v2\/pages"}],"about":[{"href":"https:\/\/clementresta-avocat.com\/index.php\/wp-json\/wp\/v2\/types\/page"}],"author":[{"embeddable":true,"href":"https:\/\/clementresta-avocat.com\/index.php\/wp-json\/wp\/v2\/users\/1"}],"replies":[{"embeddable":true,"href":"https:\/\/clementresta-avocat.com\/index.php\/wp-json\/wp\/v2\/comments?post=680"}],"version-history":[{"count":5,"href":"https:\/\/clementresta-avocat.com\/index.php\/wp-json\/wp\/v2\/pages\/680\/revisions"}],"predecessor-version":[{"id":710,"href":"https:\/\/clementresta-avocat.com\/index.php\/wp-json\/wp\/v2\/pages\/680\/revisions\/710"}],"wp:featuredmedia":[{"embeddable":true,"href":"https:\/\/clementresta-avocat.com\/index.php\/wp-json\/wp\/v2\/media\/552"}],"wp:attachment":[{"href":"https:\/\/clementresta-avocat.com\/index.php\/wp-json\/wp\/v2\/media?parent=680"}],"curies":[{"name":"wp","href":"https:\/\/api.w.org\/{rel}","templated":true}]}}