{"id":74,"date":"2019-02-20T09:38:22","date_gmt":"2019-02-20T08:38:22","guid":{"rendered":"https:\/\/cravocat-fiscal.com\/index.php\/mesmerize\/"},"modified":"2026-02-23T10:17:19","modified_gmt":"2026-02-23T09:17:19","slug":"mesmerize","status":"publish","type":"page","link":"https:\/\/clementresta-avocat.com\/","title":{"rendered":"Ma\u00eetre Cl\u00e9ment Resta &#8211; Avocat fiscaliste \u00e0 Lyon"},"content":{"rendered":"\n\n<p>&nbsp;<\/p>\n<h5>CONTR\u00d4LE FISCAL<\/h5>\n<p>Accompagnement pour toute proc\u00e9dure de contr\u00f4le fiscal (v\u00e9rification de comptabilit\u00e9, ESFP, contr\u00f4le sur pi\u00e8ces, \u00e0 distance)<\/p>\n<p>&nbsp;<\/p>\n<h5>FISCALIT\u00c9 PERSONNELLE<\/h5>\n<p>Vous rencontrez une probl\u00e9matique fiscale ou avez un projet de transmission: consultez votre avocat afin de s\u00e9curiser votre situation au mieux de vos int\u00e9r\u00eats patrimoniaux et financiers<\/p>\n<p>&nbsp;<\/p>\n<h5>FISCALIT\u00c9 DES ENTREPRISES<\/h5>\n<p>Audits fiscaux, traitement de vos flux TVA, mise en conformit\u00e9 du FEC, documentation Prix de transfert, demandes de rescrit<\/p>\n<h2>Avocat inscrit au Barreau de LYON &#8211; intervention dans tous les champs de la fiscalit\u00e9<\/h2>\n<div style=\"width: 1280px;\" class=\"wp-video\"><!--[if lt IE 9]><script>document.createElement('video');<\/script><![endif]-->\n<video class=\"wp-video-shortcode\" id=\"video-74-1\" width=\"1280\" height=\"720\" preload=\"metadata\" controls=\"controls\"><source type=\"video\/mp4\" src=\"https:\/\/clementresta-avocat.com\/wp-content\/uploads\/2019\/06\/Ma\u00eetre-Cl\u00e9ment-RESTA-nos-services-1.mp4?_=1\" \/><a href=\"https:\/\/clementresta-avocat.com\/wp-content\/uploads\/2019\/06\/Ma\u00eetre-Cl\u00e9ment-RESTA-nos-services-1.mp4\">https:\/\/clementresta-avocat.com\/wp-content\/uploads\/2019\/06\/Ma\u00eetre-Cl\u00e9ment-RESTA-nos-services-1.mp4<\/a><\/video><\/div>\n\n<img decoding=\"async\" src=\"wp-content\/plugins\/mesmerize-companion\/theme-data\/mesmerize\/sections\/images\/computer-2569652.jpg\" data-size=\"500x300\" \/> <img decoding=\"async\" src=\"wp-content\/plugins\/mesmerize-companion\/theme-data\/mesmerize\/sections\/images\/apple-1838564.jpg\" data-size=\"500x300\" \/> <img decoding=\"async\" src=\"wp-content\/plugins\/mesmerize-companion\/theme-data\/mesmerize\/sections\/images\/laptop-2559795.jpg\" data-size=\"500x300\" \/>\n<h2>Quelques exemples de ce que nous pouvons faire pour vous<\/h2>\n<h5>AUDITS FLASH<\/h5>\n<p>Nous intervenons dans le cadre d&rsquo;une revue cibl\u00e9e de vos op\u00e9rations dans le but de dresser une cartographie des risques fiscaux encourus par votre entreprise mais \u00e9galement afin d&rsquo;identifier d&rsquo;\u00e9ventuelles opportunit\u00e9s d&rsquo;\u00e9conomie d&rsquo;imp\u00f4t (r\u00e9gime de faveur, exon\u00e9rations TVA etc.).<\/p>\n<h5>DEMANDE DE RESCRITS<\/h5>\n<p>Vous avez identifi\u00e9 une zone d&rsquo;incertitude sur une r\u00e8gle de droit et souhaitez s\u00e9curiser votre situation. Nous vous accompagnons pour pr\u00e9parer et d\u00e9poser une demande de rescrit fiscal aupr\u00e8s de l&rsquo;administration des imp\u00f4ts.<\/p>\n<h5>CONTENTIEUX FISCAL<\/h5>\n<p>En cas de redressement fiscal, nous vous aidons \u00e0 d\u00e9finir une strat\u00e9gie de d\u00e9fense pertinente et \u00e0 la mettre en oeuvre \u00e0 chaque \u00e9tape de la contestation: r\u00e9ponse \u00e0 la proposition de rectifications, recours hi\u00e9rarchiques, r\u00e9clamation pr\u00e9-contentieuse, saisine du Tribunal Administratif.<\/p>\n<h5>D\u00c9CLARATIONS FISCALES<\/h5>\n<p>Nous vous aidons \u00e0 vous mettre en conformit\u00e9 avec vos obligations d\u00e9claratives: revue de liasses fiscales, campagne IRPP\/IFI, formalisation et mise \u00e0 jour de la documentation Prix de Transfert, demande de remboursement de cr\u00e9dit de TVA, options fiscales, formalit\u00e9s diverses etc.<\/p>\n<h5>CAS PRATIQUE<\/h5>\n<h2>R\u00e9clamation en mati\u00e8re de CVAE\u00a0<\/h2>\n<p>R\u00e9clamation en mati\u00e8re de CVAE 2016 vers\u00e9e en 2017 suite \u00e0 l&rsquo;invalidation par la d\u00e9cision du Conseil Constitutionnel\u00a0QPC n\u00b02017-629 \u00a0du r\u00e9gime de consolidation du chiffre d&rsquo;affaires de r\u00e9f\u00e9rence dans les groupes int\u00e9gr\u00e9s<\/p>\n<h5>ENJEU<\/h5>\n<p>Trop vers\u00e9 de 25 k\u20ac li\u00e9 au diff\u00e9rentiel de taux<\/p>\n<h5>NATURE DE L&rsquo;INTERVENTION<\/h5>\n<p>R\u00e9clamation visant \u00e0 obtenir la restitution du trop-vers\u00e9 de CVAE<\/p>\n<h5>R\u00c9SULTAT OBTENU<\/h5>\n<p>D\u00e9gr\u00e8vement accord\u00e9 sous 3 mois avec application des int\u00e9r\u00eats moratoires en faveur du contribuable<\/p>\n<h5>HONORAIRES<\/h5>\n<p>Au forfait<\/p>\n<h5>CAS PRATIQUE<\/h5>\n<h2>Contr\u00f4le fiscal &#8211; irr\u00e9gularit\u00e9 de la proc\u00e9dure<\/h2>\n<p>Saisine du Tribunal administratif visant \u00e0 faire annuler la proc\u00e9dure pour irr\u00e9gularit\u00e9. Motif: violation des garanties du contribuable dans la mise en oeuvre des demandes de traitements informatiques (JCP CE SARL Le Carlotta n\u00b0386458 du 18 janvier 2017)<\/p>\n<h5>ENJEU<\/h5>\n<p>200 k\u20ac de rappels en droit et 80 k\u20ac de majorations pour manquements d\u00e9lib\u00e9r\u00e9s<\/p>\n<h5>R\u00c9SULTAT OBTENU<\/h5>\n<p>D\u00e9gr\u00e8vement int\u00e9gral prononc\u00e9 par le Tribunal Administratif<\/p>\n<h5>NATURE DE L&rsquo;INTERVENTION<\/h5>\n<p>Saisine du Tribunal Administratif suite \u00e0 une d\u00e9cision de rejet d&rsquo;une r\u00e9clamation contentieuse<\/p>\n<h5>HONORAIRES<\/h5>\n<p>Au temps pass\u00e9<\/p>\n<h2>Nos derni\u00e8res actualit\u00e9s<\/h2>\n\t\t<div class=\"row center-sm content-left-sm\">\n\t\t\t\t\t<div id=\"post-1891\" class=\"col-sm-6 col-md-4 space-bottom space-bottom-xs\">\n\t\t\t\t<div class=\"post-content card y-move bordered\">\n\t\t\t\t\t<div class=\"post-thumbnail\">\n   <a href=\"https:\/\/clementresta-avocat.com\/index.php\/2026\/02\/20\/societe-en-commandite-simple-scs-optimiser-les-loyers-a-lis-et-la-plus-value-immobiliere-au-regime-des-particuliers\/\" class=\"post-list-item-thumb \">\n      <img loading=\"lazy\" decoding=\"async\" width=\"1024\" height=\"768\" src=\"https:\/\/i0.wp.com\/clementresta-avocat.com\/wp-content\/uploads\/2026\/02\/create-a-featured-image-depicting-a-societe-en-commandite-simple.png?fit=1024%2C768&amp;ssl=1\" class=\"attachment-post-thumbnail size-post-thumbnail wp-post-image\" alt=\"\" srcset=\"https:\/\/i0.wp.com\/clementresta-avocat.com\/wp-content\/uploads\/2026\/02\/create-a-featured-image-depicting-a-societe-en-commandite-simple.png?w=1024&amp;ssl=1 1024w, https:\/\/i0.wp.com\/clementresta-avocat.com\/wp-content\/uploads\/2026\/02\/create-a-featured-image-depicting-a-societe-en-commandite-simple.png?resize=300%2C225&amp;ssl=1 300w, https:\/\/i0.wp.com\/clementresta-avocat.com\/wp-content\/uploads\/2026\/02\/create-a-featured-image-depicting-a-societe-en-commandite-simple.png?resize=768%2C576&amp;ssl=1 768w\" sizes=\"auto, (max-width: 1024px) 100vw, 1024px\" \/>   <\/a>\n<\/div>\n\t\t\t\t\t<div class=\"col-padding col-padding-xs\">\n\t\t\t\t\t\t<h3 class=\"post-title space-bottom-small\">\n\t\t\t\t\t\t\t<a href=\"https:\/\/clementresta-avocat.com\/index.php\/2026\/02\/20\/societe-en-commandite-simple-scs-optimiser-les-loyers-a-lis-et-la-plus-value-immobiliere-au-regime-des-particuliers\/\" rel=\"bookmark\">\n\t\t\t\t\t\t\t\tSoci\u00e9t\u00e9 en commandite simple (SCS) : optimiser les loyers \u00e0 l\u2019IS et la plus-value immobili\u00e8re au r\u00e9gime des particuliers\t\t\t\t\t\t\t<\/a>\n\t\t\t\t\t\t<\/h3>\n\t\t\t\t\t\t<p>La soci\u00e9t\u00e9 en commandite simple (SCS) constitue aujourd\u2019hui un outil d\u2019optimisation fiscale immobili\u00e8re particuli\u00e8rement int\u00e9ressant lorsqu\u2019il s\u2019agit d\u2019articuler fiscalit\u00e9 d\u2019exploitation et fiscalit\u00e9 de cession. Son r\u00e9gime hybride permet, sous certaines[&hellip;]<\/p>\n\t\t\t\t\t\t<a class=\"read-more link\" href=\"https:\/\/clementresta-avocat.com\/index.php\/2026\/02\/20\/societe-en-commandite-simple-scs-optimiser-les-loyers-a-lis-et-la-plus-value-immobiliere-au-regime-des-particuliers\/\">\n\t\t\t\t\t\t\tRead more\t\t\t\t\t\t<\/a>\n\t\t\t\t\t<\/div>\n\t\t\t\t<\/div>\n\t\t\t<\/div>\n\t\t\t\t\t\t<div id=\"post-1882\" class=\"col-sm-6 col-md-4 space-bottom space-bottom-xs\">\n\t\t\t\t<div class=\"post-content card y-move bordered\">\n\t\t\t\t\t<div class=\"post-thumbnail\">\n   <a href=\"https:\/\/clementresta-avocat.com\/index.php\/2026\/02\/19\/epargne-salariale-avantages-pour-les-dirigeants-de-holding\/\" class=\"post-list-item-thumb \">\n      <img loading=\"lazy\" decoding=\"async\" width=\"1024\" height=\"768\" src=\"https:\/\/i0.wp.com\/clementresta-avocat.com\/wp-content\/uploads\/2026\/02\/image.png?fit=1024%2C768&amp;ssl=1\" class=\"attachment-post-thumbnail size-post-thumbnail wp-post-image\" alt=\"\" srcset=\"https:\/\/i0.wp.com\/clementresta-avocat.com\/wp-content\/uploads\/2026\/02\/image.png?w=1024&amp;ssl=1 1024w, https:\/\/i0.wp.com\/clementresta-avocat.com\/wp-content\/uploads\/2026\/02\/image.png?resize=300%2C225&amp;ssl=1 300w, https:\/\/i0.wp.com\/clementresta-avocat.com\/wp-content\/uploads\/2026\/02\/image.png?resize=768%2C576&amp;ssl=1 768w\" sizes=\"auto, (max-width: 1024px) 100vw, 1024px\" \/>   <\/a>\n<\/div>\n\t\t\t\t\t<div class=\"col-padding col-padding-xs\">\n\t\t\t\t\t\t<h3 class=\"post-title space-bottom-small\">\n\t\t\t\t\t\t\t<a href=\"https:\/\/clementresta-avocat.com\/index.php\/2026\/02\/19\/epargne-salariale-avantages-pour-les-dirigeants-de-holding\/\" rel=\"bookmark\">\n\t\t\t\t\t\t\t\tEpargne Salariale: Avantages pour les Dirigeants de Holding\t\t\t\t\t\t\t<\/a>\n\t\t\t\t\t\t<\/h3>\n\t\t\t\t\t\t<p>L\u2019\u00e9pargne salariale est souvent per\u00e7ue comme un dispositif r\u00e9serv\u00e9 aux grandes entreprises.\u00c0 tort. En r\u00e9alit\u00e9, une holding avec un seul salari\u00e9 peut parfaitement mettre en place une participation, au b\u00e9n\u00e9fice[&hellip;]<\/p>\n\t\t\t\t\t\t<a class=\"read-more link\" href=\"https:\/\/clementresta-avocat.com\/index.php\/2026\/02\/19\/epargne-salariale-avantages-pour-les-dirigeants-de-holding\/\">\n\t\t\t\t\t\t\tRead more\t\t\t\t\t\t<\/a>\n\t\t\t\t\t<\/div>\n\t\t\t\t<\/div>\n\t\t\t<\/div>\n\t\t\t\t\t\t<div id=\"post-1783\" class=\"col-sm-6 col-md-4 space-bottom space-bottom-xs\">\n\t\t\t\t<div class=\"post-content card y-move bordered\">\n\t\t\t\t\t<div class=\"post-thumbnail\">\n   <a href=\"https:\/\/clementresta-avocat.com\/index.php\/2024\/12\/11\/pacte-dutreil-securisez-la-transmission-de-votre-holding-animatrice\/\" class=\"post-list-item-thumb \">\n      <img loading=\"lazy\" decoding=\"async\" width=\"1024\" height=\"1024\" src=\"https:\/\/clementresta-avocat.com\/wp-content\/uploads\/2024\/12\/An_elegant_illustration_of_a_business_family_passi.bmp\" class=\"attachment-post-thumbnail size-post-thumbnail wp-post-image\" alt=\"\" srcset=\"https:\/\/clementresta-avocat.com\/wp-content\/uploads\/2024\/12\/An_elegant_illustration_of_a_business_family_passi.bmp 1024w, https:\/\/i0.wp.com\/clementresta-avocat.com\/wp-content\/uploads\/2024\/12\/An_elegant_illustration_of_a_business_family_passi.bmp?resize=300%2C300&amp;ssl=1 300w, https:\/\/i0.wp.com\/clementresta-avocat.com\/wp-content\/uploads\/2024\/12\/An_elegant_illustration_of_a_business_family_passi.bmp?resize=150%2C150&amp;ssl=1 150w, https:\/\/i0.wp.com\/clementresta-avocat.com\/wp-content\/uploads\/2024\/12\/An_elegant_illustration_of_a_business_family_passi.bmp?resize=768%2C768&amp;ssl=1 768w\" sizes=\"auto, (max-width: 1024px) 100vw, 1024px\" \/>   <\/a>\n<\/div>\n\t\t\t\t\t<div class=\"col-padding col-padding-xs\">\n\t\t\t\t\t\t<h3 class=\"post-title space-bottom-small\">\n\t\t\t\t\t\t\t<a href=\"https:\/\/clementresta-avocat.com\/index.php\/2024\/12\/11\/pacte-dutreil-securisez-la-transmission-de-votre-holding-animatrice\/\" rel=\"bookmark\">\n\t\t\t\t\t\t\t\tPacte dutreil &#8211; s\u00e9curisez la transmission de votre holding animatrice\t\t\t\t\t\t\t<\/a>\n\t\t\t\t\t\t<\/h3>\n\t\t\t\t\t\t<p>Le dispositif Dutreil-Transmission, encadr\u00e9 par l\u2019article 787 B du Code g\u00e9n\u00e9ral des imp\u00f4ts (CGI), repr\u00e9sente un outil strat\u00e9gique pour les transmissions patrimoniales d\u2019entreprises. Il permet, sous certaines conditions, une exon\u00e9ration[&hellip;]<\/p>\n\t\t\t\t\t\t<a class=\"read-more link\" href=\"https:\/\/clementresta-avocat.com\/index.php\/2024\/12\/11\/pacte-dutreil-securisez-la-transmission-de-votre-holding-animatrice\/\">\n\t\t\t\t\t\t\tRead more\t\t\t\t\t\t<\/a>\n\t\t\t\t\t<\/div>\n\t\t\t\t<\/div>\n\t\t\t<\/div>\n\t\t\t\t<\/div>\n\t\n<h2>Nous contacter<\/h2>\n<div class=\"forminator-ui forminator-custom-form forminator-custom-form-1824 forminator-design--bold  forminator_ajax\" data-forminator-render=\"0\" data-form=\"forminator-module-1824\" data-uid=\"69ea127541539\"><br\/><\/div><form\n\t\t\t\tid=\"forminator-module-1824\"\n\t\t\t\tclass=\"forminator-ui forminator-custom-form forminator-custom-form-1824 forminator-design--bold  forminator_ajax\"\n\t\t\t\tmethod=\"post\"\n\t\t\t\tdata-forminator-render=\"0\"\n\t\t\t\tdata-form-id=\"1824\"\n\t\t\t\t\n\t\t\t\tdata-design=\"bold\"\n\t\t\t\t\n\t\t\t\t\n\t\t\t\t\n\t\t\t\tdata-grid=\"open\"\n\t\t\t\t\n\t\t\t\t\n\t\t\t\tstyle=\"display: none;\"\n\t\t\t\t\n\t\t\t\tdata-uid=\"69ea127541539\"\n\t\t\t><div role=\"alert\" aria-live=\"polite\" class=\"forminator-response-message forminator-error\" aria-hidden=\"true\"><\/div><div class=\"forminator-row\"><div id=\"name-1\" class=\"forminator-field-name forminator-col forminator-col-12 \"><div class=\"forminator-field\"><label for=\"forminator-field-name-1_69ea127541539\" id=\"forminator-field-name-1_69ea127541539-label\" class=\"forminator-label\">Pr\u00e9nom <span class=\"forminator-required\">*<\/span><\/label><input type=\"text\" name=\"name-1\" value=\"\" placeholder=\"Par exemple\u00a0: Jean\" id=\"forminator-field-name-1_69ea127541539\" class=\"forminator-input forminator-name--field\" aria-required=\"true\" \/><\/div><\/div><\/div><div class=\"forminator-row\"><div id=\"email-1\" class=\"forminator-field-email forminator-col forminator-col-12 \"><div class=\"forminator-field\"><label for=\"forminator-field-email-1_69ea127541539\" id=\"forminator-field-email-1_69ea127541539-label\" class=\"forminator-label\">Adresse de messagerie <span class=\"forminator-required\">*<\/span><\/label><input type=\"email\" name=\"email-1\" value=\"\" placeholder=\"Par exemple\u00a0: jacques@martin.com\" id=\"forminator-field-email-1_69ea127541539\" class=\"forminator-input forminator-email--field\" data-required=\"true\" aria-required=\"true\" \/><\/div><\/div><\/div><div class=\"forminator-row\"><div id=\"phone-1\" class=\"forminator-field-phone forminator-col forminator-col-12 \"><div class=\"forminator-field\"><label for=\"forminator-field-phone-1_69ea127541539\" id=\"forminator-field-phone-1_69ea127541539-label\" class=\"forminator-label\">Num\u00e9ro de t\u00e9l\u00e9phone<\/label><input type=\"text\" name=\"phone-1\" value=\"\" placeholder=\"Par exemple\u00a0: +1 02 03 04 05\" id=\"forminator-field-phone-1_69ea127541539\" class=\"forminator-input forminator-field--phone\" data-required=\"\" aria-required=\"false\" autocomplete=\"off\" \/><\/div><\/div><\/div><div class=\"forminator-row\"><div id=\"textarea-1\" class=\"forminator-field-textarea forminator-col forminator-col-12 \"><div class=\"forminator-field\"><label for=\"forminator-field-textarea-1_69ea127541539\" id=\"forminator-field-textarea-1_69ea127541539-label\" class=\"forminator-label\">Message<\/label><textarea name=\"textarea-1\" placeholder=\"Saisissez votre message\u2026\" id=\"forminator-field-textarea-1_69ea127541539\" class=\"forminator-textarea\" rows=\"6\" style=\"min-height:140px;\" maxlength=\"180\" ><\/textarea><span id=\"forminator-field-textarea-1_69ea127541539-description\" class=\"forminator-description\"><span data-limit=\"180\" data-type=\"characters\" data-editor=\"\">0 \/ 180<\/span><\/span><\/div><\/div><\/div><div class=\"forminator-row\"><div id=\"captcha-1\" class=\"forminator-field-captcha forminator-col forminator-col-12 \"><div class=\"forminator-captcha-left forminator-g-recaptcha\" data-theme=\"light\"  data-sitekey=\"6LdvNZMUAAAAAOX9MHNFjg3fyHS3VVh8kFgyFLI7\" data-size=\"normal\"><\/div> <\/div><\/div><input type=\"hidden\" name=\"referer_url\" value=\"\" \/><div class=\"forminator-row forminator-row-last\"><div class=\"forminator-col\"><div class=\"forminator-field\"><button class=\"forminator-button forminator-button-submit\">Envoyer le message<\/button><\/div><\/div><\/div><input type=\"hidden\" id=\"forminator_nonce\" name=\"forminator_nonce\" value=\"a2f4c1a9b9\" \/><input type=\"hidden\" name=\"_wp_http_referer\" value=\"\/index.php\/wp-json\/wp\/v2\/pages\/74\" \/><input type=\"hidden\" name=\"form_id\" value=\"1824\"><input type=\"hidden\" name=\"page_id\" value=\"1783\"><input type=\"hidden\" name=\"form_type\" value=\"default\"><input type=\"hidden\" name=\"current_url\" value=\"https:\/\/clementresta-avocat.com\/index.php\/2024\/12\/11\/pacte-dutreil-securisez-la-transmission-de-votre-holding-animatrice\/\"><input type=\"hidden\" name=\"render_id\" value=\"0\"><input type=\"hidden\" name=\"action\" value=\"forminator_submit_form_custom-forms\"><\/form>\n\n","protected":false},"excerpt":{"rendered":"<p>&nbsp; CONTR\u00d4LE FISCAL Accompagnement pour toute proc\u00e9dure de contr\u00f4le fiscal (v\u00e9rification de comptabilit\u00e9, ESFP, contr\u00f4le sur pi\u00e8ces, \u00e0 distance) &nbsp; FISCALIT\u00c9 PERSONNELLE Vous rencontrez une probl\u00e9matique fiscale ou avez un projet de transmission: consultez votre avocat afin de s\u00e9curiser votre situation au mieux de vos int\u00e9r\u00eats patrimoniaux et financiers &nbsp; FISCALIT\u00c9 DES ENTREPRISES Audits fiscaux,&hellip; <br \/> <a class=\"read-more\" href=\"https:\/\/clementresta-avocat.com\/index.php\/2024\/12\/11\/pacte-dutreil-securisez-la-transmission-de-votre-holding-animatrice\/\">Lire la suite<\/a><\/p>\n","protected":false},"author":1,"featured_media":27,"parent":0,"menu_order":0,"comment_status":"closed","ping_status":"closed","template":"page-templates\/homepage.php","meta":{"footnotes":""},"class_list":["post-74","page","type-page","status-publish","has-post-thumbnail","hentry"],"aioseo_notices":[],"jetpack_sharing_enabled":true,"_links":{"self":[{"href":"https:\/\/clementresta-avocat.com\/index.php\/wp-json\/wp\/v2\/pages\/74","targetHints":{"allow":["GET"]}}],"collection":[{"href":"https:\/\/clementresta-avocat.com\/index.php\/wp-json\/wp\/v2\/pages"}],"about":[{"href":"https:\/\/clementresta-avocat.com\/index.php\/wp-json\/wp\/v2\/types\/page"}],"author":[{"embeddable":true,"href":"https:\/\/clementresta-avocat.com\/index.php\/wp-json\/wp\/v2\/users\/1"}],"replies":[{"embeddable":true,"href":"https:\/\/clementresta-avocat.com\/index.php\/wp-json\/wp\/v2\/comments?post=74"}],"version-history":[{"count":140,"href":"https:\/\/clementresta-avocat.com\/index.php\/wp-json\/wp\/v2\/pages\/74\/revisions"}],"predecessor-version":[{"id":1908,"href":"https:\/\/clementresta-avocat.com\/index.php\/wp-json\/wp\/v2\/pages\/74\/revisions\/1908"}],"wp:featuredmedia":[{"embeddable":true,"href":"https:\/\/clementresta-avocat.com\/index.php\/wp-json\/wp\/v2\/media\/27"}],"wp:attachment":[{"href":"https:\/\/clementresta-avocat.com\/index.php\/wp-json\/wp\/v2\/media?parent=74"}],"curies":[{"name":"wp","href":"https:\/\/api.w.org\/{rel}","templated":true}]}}