{"id":8,"date":"2019-02-19T17:34:33","date_gmt":"2019-02-19T16:34:33","guid":{"rendered":"https:\/\/cravocat-fiscal.com\/?page_id=8"},"modified":"2026-02-19T14:06:39","modified_gmt":"2026-02-19T13:06:39","slug":"cgu","status":"publish","type":"page","link":"https:\/\/clementresta-avocat.com\/index.php\/cgu\/","title":{"rendered":"CGU"},"content":{"rendered":"\n\n\t<p><strong>4810 LEGAL 2 repr\u00e9sent\u00e9e par Ma\u00eetre Cl\u00e9ment RESTA<\/strong><\/p>\n<p>Selarl d&rsquo;avocats inscrite au barreau de Lyon<\/p>\n<p>Toque n\u00b02343<\/p>\n<p>1 Boulevard Marius Vivier Merle, Tour SwissLife, 69003 LYON<\/p>\n<p>T\u00e9l\u00e9phone: 07 68 74 54 72<\/p>\n<p><strong>MENTIONS <\/strong><b>L\u00c9GALES<\/b><\/p>\n<p>Le pr\u00e9sent site Internet est \u00e9dit\u00e9 et exploit\u00e9 par la soci\u00e9t\u00e9 4810 LEGAL 2, SELARL au capital de 58 500 \u20ac inscrite au Registre du Commerce et des Soci\u00e9t\u00e9s de Lyon sous le num\u00e9ro 922 358 577 RCS LYON et dont le si\u00e8ge social est situ\u00e9 1 Boulevard Marius Vivier Merle, Tour SwissLife, 69003 Lyon (France).<\/p>\n<p>T\u00e9l\u00e9phone : + 33 (0) 7 68 74 54 72<\/p>\n<p>Adresse de courrier \u00e9lectronique : c.resta@4810legal.com<\/p>\n<p>Num\u00e9ro de TVA : FR 05 922 358 577<\/p>\n<p>Directeur de la publication et responsable de la r\u00e9daction : Cl\u00e9ment RESTA<\/p>\n<p>Le Site Internet est h\u00e9berg\u00e9 par la soci\u00e9t\u00e9 OVH (SAS au capital de 10 069 020 \u20ac, RCS Lille M\u00e9tropole 424 761 419 00045, Code APE 2620Z, N\u00b0 TVA : FR 22 424 761, 419 Si\u00e8ge social : 2 rue Kellermann &#8211; 59100 Roubaix &#8211; France, n\u00b0 de t\u00e9l\u00e9phone: 1007)<\/p>\n<p><b>PROTECTION DES DONN\u00c9ES\u00a0PERSONNELLES<\/b><\/p>\n<ol>\n<li>PREAMBULE<\/li>\n<\/ol>\n<p>La Politique de confidentialit\u00e9 a pour objet de vous informer sur la fa\u00e7on dont vos donn\u00e9es \u00e0 caract\u00e8re personnel sont collect\u00e9es et trait\u00e9es par notre cabinet dans le cadre de l&rsquo;ex\u00e9cution des prestations de conseil juridique et\/ou de repr\u00e9sentation en justice que vous lui confiez.<\/p>\n<p>La Politique de confidentialit\u00e9 est susceptible de faire l&rsquo;objet de modification en fonction de l&rsquo;\u00e9volution de la R\u00e8glementation sur les donn\u00e9es \u00e0 caract\u00e8re personnel (\u00e0 savoir la Loi n\u00b078- 17 du 6 janvier 1978 relative \u00e0 l&rsquo;informatique, aux fichiers et aux libert\u00e9s, modifi\u00e9e par la Loi n\u00b02018-493 du 20 juin 2018 relative \u00e0 la protection des donn\u00e9es \u00e0 caract\u00e8re personnel, en application du R\u00e8glement G\u00e9n\u00e9ral pour la Protection des Donn\u00e9es du 27 avril 2016 publi\u00e9e au Journal Officiel de l&rsquo;Union Europ\u00e9enne le 4 mai 2016 &#8211; RGPD) et des recommandations de la CNIL.<\/p>\n<ol start=\"2\">\n<li>DONN\u00c9ES A CARACT\u00c8RE PERSONNEL COLLECT\u00c9ES ET TRAIT\u00c9ES<\/li>\n<\/ol>\n<p>Vos donn\u00e9es \u00e0 caract\u00e8re personnel sont collect\u00e9es notamment (i) lors de vos \u00e9changes avec notre cabinet, (ii) lors de rencontres professionnelles, (iii) dans le cadre de vos dossiers, (iv) pour des candidatures, (v) lors de visites dans nos bureaux et (vi) lors de visites sur notre site Internet.<\/p>\n<p>Nous prenons en compte les principes de minimisation des donn\u00e9es. Ainsi, Notre cabinet collecte et traite uniquement vos donn\u00e9es \u00e0 caract\u00e8re personnel strictement n\u00e9cessaires au regard des finalit\u00e9s pour lesquelles elles sont trait\u00e9es.<\/p>\n<ol start=\"3\">\n<li>BASE L\u00c9GALE DU TRAITEMENT DE VOS DONN\u00c9ES A CARACT\u00c8RE PERSONNEL<\/li>\n<\/ol>\n<p>Conform\u00e9ment \u00e0 la R\u00e9glementation sur les donn\u00e9es \u00e0 caract\u00e8re personnel, le traitement de vos donn\u00e9es \u00e0 caract\u00e8re personnel est fond\u00e9 sur les bases l\u00e9gales suivantes :<\/p>\n<ul>\n<li>Votre consentement &#8211; au traitement de vos donn\u00e9es \u00e0 caract\u00e8re personnel &#8211; est exprim\u00e9 de mani\u00e8re libre, sp\u00e9cifique, \u00e9clair\u00e9e et univoque (ex : formulaire de contact en ligne ; r\u00e9ponses \u00e0 des questionnaires).<\/li>\n<li>Le traitement est n\u00e9cessaire \u00e0 l&rsquo;ex\u00e9cution d&rsquo;un contrat et des prestations de services confi\u00e9es \u00e0 notre cabinet.<\/li>\n<li>Le traitement est essentiel au respect des obligations l\u00e9gales et r\u00e9glementaires de notre cabinet.<\/li>\n<li>Le traitement est n\u00e9cessaire aux fins des int\u00e9r\u00eats l\u00e9gitimes poursuivis par notre cabinet (ex : s\u00e9curit\u00e9).<\/li>\n<li>Le traitement des donn\u00e9es \u00e0 caract\u00e8re personnel des mineurs de moins de 18 ans devra \u00eatre donn\u00e9 ou autoris\u00e9 par le titulaire de la responsabilit\u00e9 parentale<\/li>\n<\/ul>\n<ol start=\"4\">\n<li>FINALIT\u00c9S DU TRAITEMENT DE VOS DONN\u00c9ES A CARACT\u00c8RE PERSONNEL<\/li>\n<\/ol>\n<p>Vos donn\u00e9es \u00e0 caract\u00e8re personnel sont collect\u00e9es pour des finalit\u00e9s d\u00e9termin\u00e9es, explicites et l\u00e9gitimes, \u00e0 savoir :<\/p>\n<ul>\n<li>\u00c9changer avec vous dans le cadre de dossiers, missions, partenariats, etc. &#8211; Demander, obtenir ou recevoir des informations sur vos activit\u00e9s, votre soci\u00e9t\u00e9, vos affili\u00e9s, ou sur les produits et services propos\u00e9s que vous proposez ;<\/li>\n<li>Vous proposer des services adapt\u00e9s dans le cadre de sollicitations personnalis\u00e9es, conform\u00e9ment \u00e0 nos r\u00e8gles d\u00e9ontologiques<\/li>\n<li>Souscrire et recevoir des informations th\u00e9matiques (formation juridique, documentation, invitations, rapports d&rsquo;activit\u00e9, etc.) ;<\/li>\n<li>G\u00e9rer les demandes d&rsquo;exercice de vos droits vis\u00e9s au paragraphe 7<\/li>\n<li>G\u00e9rer la facturation, les impay\u00e9s et le contentieux ;<\/li>\n<li>Lutter contre la fraude.<\/li>\n<\/ul>\n<p>Notre cabinet est \u00e9galement susceptible d&rsquo;utiliser vos donn\u00e9es \u00e0 caract\u00e8re personnel \u00e0 des fins administratives ou pour tout autre objectif impos\u00e9 par la l\u00e9gislation en vigueur.<\/p>\n<ol start=\"5\">\n<li>DESTINATAIRES DE VOS DONN\u00c9ES A CARACT\u00c8RE PERSONNEL<\/li>\n<\/ol>\n<p>Vos donn\u00e9es \u00e0 caract\u00e8re personnel sont confidentielles.<\/p>\n<p>Seules les personnes d\u00fbment habilit\u00e9es par notre cabinet peuvent y acc\u00e9der, sans pr\u00e9judice de leur \u00e9ventuelle transmission aux organes charg\u00e9s d&rsquo;une mission de contr\u00f4le ou d&rsquo;inspection conform\u00e9ment \u00e0 la r\u00e9glementation applicable.<\/p>\n<p>Toutes les personnes ayant acc\u00e8s \u00e0 vos donn\u00e9es personnelles sont tenues par une obligation de confidentialit\u00e9. Ces personnes comprennent le personnel (avocats, juristes, personnel administratif, service informatique) habilit\u00e9 au sein de notre cabinet.<\/p>\n<p>Nos prestataires peuvent \u00e9galement \u00eatre amen\u00e9s \u00e0 traiter des donn\u00e9es \u00e0 caract\u00e8re personnel strictement n\u00e9cessaires \u00e0 la r\u00e9alisation des prestations qui leurs sont confi\u00e9es par notre cabinet (maintenance du syst\u00e8me d&rsquo;information ; administration et h\u00e9bergement de notre application de gestions clients et de facturation &#8211; ERP) encadr\u00e9es par des engagements contractuels visant \u00e0 pr\u00e9server strictement la confidentialit\u00e9 et la s\u00e9curit\u00e9 de vos donn\u00e9es \u00e0 caract\u00e8re personnel.<\/p>\n<ol start=\"6\">\n<li>S\u00c9CURIT\u00c9 DE VOS DONN\u00c9ES A CARACT\u00c8RE PERSONNEL<\/li>\n<\/ol>\n<p>Toutes les pr\u00e9cautions ont \u00e9t\u00e9 prises pour stocker vos donn\u00e9es \u00e0 caract\u00e8re personnel dans des environnements s\u00e9curis\u00e9s et emp\u00eacher qu&rsquo;elles soient d\u00e9form\u00e9es, endommag\u00e9es ou que des tiers non autoris\u00e9s y aient acc\u00e8s.<\/p>\n<ol start=\"7\">\n<li>DUR\u00c9E DE CONSERVATION DE VOS DONN\u00c9ES A CARACT\u00c8RE PERSONNEL<\/li>\n<\/ol>\n<p>Notre cabinet conserve vos donn\u00e9es \u00e0 caract\u00e8re personnel pour le temps n\u00e9cessaire \u00e0 l&rsquo;accomplissement des finalit\u00e9s poursuivies, sous r\u00e9serve des possibilit\u00e9s l\u00e9gales d&rsquo;archivage, d&rsquo;obligations de conservation de certaines donn\u00e9es et\/ou d&rsquo;anonymisation.<\/p>\n<ol start=\"8\">\n<li>VOS DROITS ET LEURS MODALIT\u00c9S EXERCICE<\/li>\n<\/ol>\n<p>Conform\u00e9ment \u00e0 la R\u00e9glementation sur les donn\u00e9es \u00e0 caract\u00e8re personnel, vous disposez d&rsquo;un droit d&rsquo;acc\u00e8s, de rectification, d&rsquo;effacement, de limitation du traitement, \u00e0 la portabilit\u00e9, d&rsquo;opposition et de d\u00e9finir le sort de vos donn\u00e9es \u00e0 caract\u00e8re personnel apr\u00e8s votre d\u00e9c\u00e8s. Vous pouvez exercer vos droits en adressant votre demande :<\/p>\n<ul>\n<li>par courrier \u00e9lectronique \u00e0 c.resta@4810legal.com ;<\/li>\n<li>par lettre simple adress\u00e9e \u00e0 4810 LEGAL 2, 1 Boulevard Marius Vivier Merle, Tour SwissLife, 69003 LYON<\/li>\n<\/ul>\n<p>Une r\u00e9ponse vous sera adress\u00e9e dans un d\u00e9lai d&rsquo;un (1) mois maximum suivant la date de r\u00e9ception de votre demande. Au besoin ce d\u00e9lai pourra \u00eatre prolong\u00e9 de deux (2) mois eu \u00e9gard \u00e0 la complexit\u00e9 et\/ou du nombre de demandes. En cas de demande de suppression de vos donn\u00e9es \u00e0 caract\u00e8re personnel et\/ou en cas d&rsquo;exercice de votre droit de solliciter l&rsquo;effacement de vos donn\u00e9es \u00e0 caract\u00e8re personnel, notre cabinet pourra toutefois les conserver sous forme d&rsquo;archivage interm\u00e9diaire pour la dur\u00e9e n\u00e9cessaire au respect de ses obligations l\u00e9gales, ou \u00e0 des fins probatoires pendant le d\u00e9lai de prescription applicable.<\/p>\n<p>Vous pouvez \u00e9galement porter r\u00e9clamation devant l&rsquo;autorit\u00e9 de contr\u00f4le comp\u00e9tente (la CNIL).<\/p>\n\n","protected":false},"excerpt":{"rendered":"<p>4810 LEGAL 2 repr\u00e9sent\u00e9e par Ma\u00eetre Cl\u00e9ment RESTA Selarl d&rsquo;avocats inscrite au barreau de Lyon Toque n\u00b02343 1 Boulevard Marius Vivier Merle, Tour SwissLife, 69003 LYON T\u00e9l\u00e9phone: 07 68 74 54 72 MENTIONS L\u00c9GALES Le pr\u00e9sent site Internet est \u00e9dit\u00e9 et exploit\u00e9 par la soci\u00e9t\u00e9 4810 LEGAL 2, SELARL au capital de 58 500 \u20ac&hellip; <br \/> <a class=\"read-more\" href=\"https:\/\/clementresta-avocat.com\/index.php\/cgu\/\">Lire la suite<\/a><\/p>\n","protected":false},"author":1,"featured_media":172,"parent":0,"menu_order":0,"comment_status":"closed","ping_status":"closed","template":"","meta":{"footnotes":""},"class_list":["post-8","page","type-page","status-publish","has-post-thumbnail","hentry"],"aioseo_notices":[],"jetpack_sharing_enabled":true,"_links":{"self":[{"href":"https:\/\/clementresta-avocat.com\/index.php\/wp-json\/wp\/v2\/pages\/8","targetHints":{"allow":["GET"]}}],"collection":[{"href":"https:\/\/clementresta-avocat.com\/index.php\/wp-json\/wp\/v2\/pages"}],"about":[{"href":"https:\/\/clementresta-avocat.com\/index.php\/wp-json\/wp\/v2\/types\/page"}],"author":[{"embeddable":true,"href":"https:\/\/clementresta-avocat.com\/index.php\/wp-json\/wp\/v2\/users\/1"}],"replies":[{"embeddable":true,"href":"https:\/\/clementresta-avocat.com\/index.php\/wp-json\/wp\/v2\/comments?post=8"}],"version-history":[{"count":36,"href":"https:\/\/clementresta-avocat.com\/index.php\/wp-json\/wp\/v2\/pages\/8\/revisions"}],"predecessor-version":[{"id":1877,"href":"https:\/\/clementresta-avocat.com\/index.php\/wp-json\/wp\/v2\/pages\/8\/revisions\/1877"}],"wp:featuredmedia":[{"embeddable":true,"href":"https:\/\/clementresta-avocat.com\/index.php\/wp-json\/wp\/v2\/media\/172"}],"wp:attachment":[{"href":"https:\/\/clementresta-avocat.com\/index.php\/wp-json\/wp\/v2\/media?parent=8"}],"curies":[{"name":"wp","href":"https:\/\/api.w.org\/{rel}","templated":true}]}}