{"id":895,"date":"2019-08-09T12:19:23","date_gmt":"2019-08-09T10:19:23","guid":{"rendered":"https:\/\/clementresta-avocat.com\/?page_id=895"},"modified":"2019-08-09T12:19:23","modified_gmt":"2019-08-09T10:19:23","slug":"charte-controle-fiscal-entreprise","status":"publish","type":"page","link":"https:\/\/clementresta-avocat.com\/index.php\/charte-controle-fiscal-entreprise\/","title":{"rendered":"V\u00e9rification de comptabilit\u00e9 de votre entreprise: le v\u00e9rificateur doit respecter la charte"},"content":{"rendered":"\n\t <a href=\"https:\/\/clementresta-avocat.com\/\" rel=\"nofollow\" itemprop=\"url\"><img data-recalc-dims=\"1\" loading=\"lazy\" decoding=\"async\" width=\"378\" height=\"79\" src=\"https:\/\/i0.wp.com\/clementresta-avocat.com\/wp-content\/uploads\/2019\/02\/cropped-LogoCR.png?resize=378%2C79&#038;ssl=1\" alt=\"\" itemprop=\"logo\" srcset=\"https:\/\/clementresta-avocat.com\/wp-content\/uploads\/2019\/02\/cropped-LogoCR.png 378w, https:\/\/clementresta-avocat.com\/wp-content\/uploads\/2019\/02\/cropped-LogoCR-300x63.png 300w\" sizes=\"auto, (max-width: 378px) 100vw, 378px\"><\/a><ul id=\"main_menu\"><li id=\"menu-item-18\"><a href=\"https:\/\/clementresta-avocat.com\/\" rel=\"nofollow\" aria-current=\"page\">Accueil<\/a><\/li><li id=\"menu-item-21\"><a href=\"https:\/\/clementresta-avocat.com\/index.php\/contact\/\" rel=\"nofollow\">Contact<\/a><\/li><li id=\"menu-item-359\"><a href=\"https:\/\/clementresta-avocat.com\/index.php\/rdv-en-ligne\/\" rel=\"nofollow\">RDV en ligne<\/a><\/li><li id=\"menu-item-20\"><a href=\"https:\/\/clementresta-avocat.com\/index.php\/blog\/\" rel=\"nofollow\">Blog<\/a><\/li><li id=\"menu-item-19\"><a href=\"https:\/\/clementresta-avocat.com\/index.php\/cgu\/\" rel=\"nofollow\">CGU<\/a><\/li><li id=\"menu-item-668\"><a href=\"https:\/\/clementresta-avocat.com\/index.php\/nos-modeles-documents-fiscaux\/\" rel=\"nofollow\">Nos mod\u00e8les fiscaux<\/a><\/li><\/ul> <a href=\"#\" rel=\"nofollow noopener noreferrer\" data-component=\"offcanvas\" data-target=\"#offcanvas-wrapper\" data-direction=\"right\" data-width=\"300px\" data-push=\"false\" data-loaded=\"true\">  <\/a>\n\t<h1>Contr\u00f4le fiscal de l&rsquo;entreprise: r\u00f4le et limites de la charte des droits et obligations du contribuable<\/h1>\n<p>Vous venez de recevoir un avis de <a href=\"https:\/\/clementresta-avocat.com\/index.php\/controle-fiscal-entreprise\/#t1\"><strong>v\u00e9rification de comptabilit\u00e9<\/strong><\/a>.<\/p>\n<p>Notre organisation fiscale \u00e9tant bas\u00e9e sur un syst\u00e8me fiscal, il entre en effet dans la mission de l\u2019administration fiscale d&rsquo;examiner les d\u00e9clarations souscrites par ses contribuables, en premier lieu les entreprises.<\/p>\n<p>Cet examen, qui prend la forme d&rsquo;une v\u00e9rification de comptabilit\u00e9 pour les entreprises, est toutefois encadr\u00e9 par des r\u00e8gles et garanties, regroup\u00e9es dans le livre des proc\u00e9dures fiscales (LPF) et le code g\u00e9n\u00e9ral des imp\u00f4ts (CGI).<\/p>\n<p>Ces droits et garanties sont \u00e9galement r\u00e9pertori\u00e9es dans la charte des droits et obligations du contribuable.<\/p>\n<ol>\n<li><a href=\"#t1\">La charte des droits et garanties: d\u00e9finition et enjeux<\/a><\/li>\n<li><a href=\"#t2\">Que contient la charte ?<\/a><\/li>\n<\/ol>\n<h2 id=\"t1\">La charte des droits et obligations: un document de r\u00e9f\u00e9rence en cas de controle fiscal de l&rsquo;entreprise<\/h2>\n<p>La charge des droits et garanties trouve sa justification dans le fait qu&rsquo;il\u00a0ne peut y avoir de d\u00e9mocratie sans consentement \u00e0 l\u2019imp\u00f4t.<\/p>\n<p>Ce principe se traduit au plan constitutionnel\u00a0par la souverainet\u00e9 du Parlement dans l\u2019\u00e9laboration de la r\u00e8gle fiscale.<\/p>\n<p>Il implique \u00e9galement une acceptation individuelle par les citoyens des contraintes li\u00e9es \u00e0 la n\u00e9cessit\u00e9\u00a0de collecter et <a href=\"https:\/\/clementresta-avocat.com\/index.php\/verification-fiscale\/#t1\">contr\u00f4ler l&rsquo;imp\u00f4t<\/a> (imp\u00f4t sur le revenu, imp\u00f4ts professionnels etc.).<\/p>\n<p>A ce titre, une r\u00e9partition \u00e9quitable des charges publiques rend l\u00e9gitime un contr\u00f4le par l&rsquo;administration fiscale du\u00a0fonctionnement de notre syst\u00e8me d\u00e9claratif, sans lequel cette r\u00e9partition \u00e9quitable ne peut \u00eatre assur\u00e9e.<\/p>\n<p>Mais en contrepartie du consentement des citoyens \u00e0 se soumettre au droit l\u00e9gitime de <a href=\"https:\/\/clementresta-avocat.com\/index.php\/controle-fiscal-particulier\/#t1\">contr\u00f4le des autorit\u00e9s fiscales<\/a>, il doit y avoir une n\u00e9cessaire protection\u00a0des droits du citoyen\u00a0\u2013 respect de la libert\u00e9 individuelle, droits de la d\u00e9fense, voies de recours, sanctions \u00e9quitables.<\/p>\n<p>C&rsquo;est \u00e0 la\u00a0loi d&rsquo;assurer cet \u00e9quilibre entre obligations et droits des contribuables.<\/p>\n<p>La charte\u00a0ne se substitue pas \u00e0 la loi fiscale mais\u00a0liste de mani\u00e8re tr\u00e8s concr\u00e8te les garanties dont b\u00e9n\u00e9ficie toute personne v\u00e9rifi\u00e9e\u00a0tout au long du contr\u00f4le fiscal (<a href=\"https:\/\/clementresta-avocat.com\/index.php\/procedures-fiscales\/#t1\">v\u00e9rification de comptabilit\u00e9<\/a> ou examen de situation fiscale personnelle).<\/p>\n<p>Dans le cadre de cet examen, il est en effet souhaitable que s\u2019\u00e9tablisse entre le v\u00e9rificateur et l&rsquo;entreprise v\u00e9rifi\u00e9e\u00a0un dialogue serein, contradictoire\u00a0et constructif.<\/p>\n<h2 id=\"t2\">Que contient la charte?<\/h2>\n<p>La charte fournit d&rsquo;ne part des informations pr\u00e9cises sur la nature et l\u2019objet du contr\u00f4le.<\/p>\n<p>Elle pr\u00e9cise ainsi les diff\u00e9rents types de proc\u00e9dure: la v\u00e9rification de comptabilit\u00e9, l&rsquo;examen contradictoire de situation fiscale personnelle (ESFP), l&rsquo;examen de comptabilit\u00e9 \u00e0 distance ( etc.<\/p>\n<p>Sont \u00e9galement donn\u00e9es des indications sur les imp\u00f4ts v\u00e9rifi\u00e9s (imp\u00f4t sur le revenu ou sur les soci\u00e9t\u00e9s, TVA etc.), les p\u00e9riodes susceptibles d&rsquo;\u00eatre v\u00e9rifi\u00e9es, la dur\u00e9e et les modalit\u00e9s de la premi\u00e8re intervention de l&rsquo;agent charg\u00e9 du contr\u00f4le.<\/p>\n<p>Notamment, il est rappel\u00e9 qu&rsquo;en fonction de certain seuils de chiffre d&rsquo;affaires, les op\u00e9rations ne peuvent exc\u00e9der plus de 3 mois entre la premi\u00e8re et la derni\u00e8re intervention de l&rsquo;agent en charge de la v\u00e9rification de comptabilit\u00e9.<\/p>\n<p>Au titre des garanties, la charge pr\u00e9cise qu&rsquo;il est possible pour l&rsquo;entreprise contr\u00f4l\u00e9e de se\u00a0faire assister d\u2019un conseil (avocat, expert-comptable etc.) etc, d\u00e8s la r\u00e9ception de l&rsquo;avis de <a href=\"https:\/\/clementresta-avocat.com\/index.php\/comment-declencher-controle-fiscal-entreprise\/#t1\">v\u00e9rification de comptabilit\u00e9<\/a> ou d&rsquo;ESFP.<\/p>\n<p>Le d\u00e9roulement de la proc\u00e9dure est d\u00e9taill\u00e9e et les documents principaux de la proc\u00e9dure sont pr\u00e9sent\u00e9s: avis de v\u00e9rification, avis d&rsquo;examen, demandes d&rsquo;\u00e9claircissement; proposition de rectification, r\u00e9ponse aux <a href=\"https:\/\/clementresta-avocat.com\/index.php\/combien-de-temps-dure-controle-fiscal-entreprise\/#t1\">observations du contribuable<\/a>\u00a0etc.<\/p>\n<p>La proposition de rectification cl\u00f4t la proc\u00e9dure au titre d&rsquo;une ann\u00e9e donn\u00e9e.<\/p>\n<p>La proposition de rectification comporte pour chacune des rectifications envisag\u00e9es, sa nature, son motif et son montant.<\/p>\n<p>La charte rappelle en effet que toute proposition de rectification doit \u00eatre motiv\u00e9e (article L.57 du Livre des Proc\u00e9dures Fiscales).<\/p>\n\t<p>Se rendre sur l&rsquo;article de synth\u00e8se: <a href=\"https:\/\/clementresta-avocat.com\/index.php\/2019\/08\/09\/l'organisation-du-controle-fiscal-des-entreprises-en-france\/\">L&rsquo;organisation du contr\u00f4le fiscal des entreprises<\/a><\/p>\n","protected":false},"excerpt":{"rendered":"<p>Accueil Contact RDV en ligne Blog CGU Nos mod\u00e8les fiscaux Contr\u00f4le fiscal de l&rsquo;entreprise: r\u00f4le et limites de la charte des droits et obligations du contribuable Vous venez de recevoir un avis de v\u00e9rification de comptabilit\u00e9. Notre organisation fiscale \u00e9tant bas\u00e9e sur un syst\u00e8me fiscal, il entre en effet dans la mission de l\u2019administration fiscale&hellip; <br \/> <a class=\"read-more\" href=\"https:\/\/clementresta-avocat.com\/index.php\/charte-controle-fiscal-entreprise\/\">Lire la suite<\/a><\/p>\n","protected":false},"author":1,"featured_media":0,"parent":0,"menu_order":0,"comment_status":"closed","ping_status":"closed","template":"blank-slate-template.php","meta":{"footnotes":""},"class_list":["post-895","page","type-page","status-publish","hentry"],"aioseo_notices":[],"jetpack_sharing_enabled":true,"_links":{"self":[{"href":"https:\/\/clementresta-avocat.com\/index.php\/wp-json\/wp\/v2\/pages\/895","targetHints":{"allow":["GET"]}}],"collection":[{"href":"https:\/\/clementresta-avocat.com\/index.php\/wp-json\/wp\/v2\/pages"}],"about":[{"href":"https:\/\/clementresta-avocat.com\/index.php\/wp-json\/wp\/v2\/types\/page"}],"author":[{"embeddable":true,"href":"https:\/\/clementresta-avocat.com\/index.php\/wp-json\/wp\/v2\/users\/1"}],"replies":[{"embeddable":true,"href":"https:\/\/clementresta-avocat.com\/index.php\/wp-json\/wp\/v2\/comments?post=895"}],"version-history":[{"count":6,"href":"https:\/\/clementresta-avocat.com\/index.php\/wp-json\/wp\/v2\/pages\/895\/revisions"}],"predecessor-version":[{"id":994,"href":"https:\/\/clementresta-avocat.com\/index.php\/wp-json\/wp\/v2\/pages\/895\/revisions\/994"}],"wp:attachment":[{"href":"https:\/\/clementresta-avocat.com\/index.php\/wp-json\/wp\/v2\/media?parent=895"}],"curies":[{"name":"wp","href":"https:\/\/api.w.org\/{rel}","templated":true}]}}