{"id":899,"date":"2019-08-09T12:19:13","date_gmt":"2019-08-09T10:19:13","guid":{"rendered":"https:\/\/clementresta-avocat.com\/?page_id=899"},"modified":"2019-08-09T12:19:13","modified_gmt":"2019-08-09T10:19:13","slug":"combien-de-temps-dure-controle-fiscal-entreprise","status":"publish","type":"page","link":"https:\/\/clementresta-avocat.com\/index.php\/combien-de-temps-dure-controle-fiscal-entreprise\/","title":{"rendered":"Combien de temps dure le controle fiscal de mon entreprise par le fisc"},"content":{"rendered":"\n\t <a href=\"https:\/\/clementresta-avocat.com\/\" rel=\"nofollow\" itemprop=\"url\"><img data-recalc-dims=\"1\" loading=\"lazy\" decoding=\"async\" width=\"378\" height=\"79\" src=\"https:\/\/i0.wp.com\/clementresta-avocat.com\/wp-content\/uploads\/2019\/02\/cropped-LogoCR.png?resize=378%2C79&#038;ssl=1\" alt=\"\" itemprop=\"logo\" srcset=\"https:\/\/clementresta-avocat.com\/wp-content\/uploads\/2019\/02\/cropped-LogoCR.png 378w, https:\/\/clementresta-avocat.com\/wp-content\/uploads\/2019\/02\/cropped-LogoCR-300x63.png 300w\" sizes=\"auto, (max-width: 378px) 100vw, 378px\"><\/a><ul id=\"main_menu\"><li id=\"menu-item-18\"><a href=\"https:\/\/clementresta-avocat.com\/\" rel=\"nofollow\" aria-current=\"page\">Accueil<\/a><\/li><li id=\"menu-item-21\"><a href=\"https:\/\/clementresta-avocat.com\/index.php\/contact\/\" rel=\"nofollow\">Contact<\/a><\/li><li id=\"menu-item-359\"><a href=\"https:\/\/clementresta-avocat.com\/index.php\/rdv-en-ligne\/\" rel=\"nofollow\">RDV en ligne<\/a><\/li><li id=\"menu-item-20\"><a href=\"https:\/\/clementresta-avocat.com\/index.php\/blog\/\" rel=\"nofollow\">Blog<\/a><\/li><li id=\"menu-item-19\"><a href=\"https:\/\/clementresta-avocat.com\/index.php\/cgu\/\" rel=\"nofollow\">CGU<\/a><\/li><li id=\"menu-item-668\"><a href=\"https:\/\/clementresta-avocat.com\/index.php\/nos-modeles-documents-fiscaux\/\" rel=\"nofollow\">Nos mod\u00e8les fiscaux<\/a><\/li><\/ul> <a href=\"#\" rel=\"nofollow noopener noreferrer\" data-component=\"offcanvas\" data-target=\"#offcanvas-wrapper\" data-direction=\"right\" data-width=\"300px\" data-push=\"false\" data-loaded=\"true\">  <\/a>\n\t<h1>Quelle dur\u00e9e pour le contr\u00f4le fiscal de mon entreprise?<\/h1>\n<p>Dans le cadre de ses investigations, le service\u00a0en charge du contr\u00f4le fiscal peut \u00eatre amen\u00e9 \u00e0 solliciter de fa\u00e7on intense les services administratifs et financiers de l&rsquo;entreprise ou du contribuable\u00a0v\u00e9rifi\u00e9s, ainsi que sa direction.<\/p>\n<p>En fonction de la taille de l&rsquo;entreprise v\u00e9rifi\u00e9e et des probl\u00e9matiques li\u00e9es \u00e0 son activit\u00e9, les <a href=\"https:\/\/clementresta-avocat.com\/index.php\/controle-fiscal-entreprise\/#t1\">interventions sur place<\/a> de la brigade peuvent durer quelques journ\u00e9es ou demi-journ\u00e9es jusqu&rsquo;\u00e0 des dizaines d&rsquo;entretiens sur plusieurs mois.<\/p>\n<p>Conscient qu&rsquo;un contr\u00f4le fiscal au sein d&rsquo;une entreprise est source de stress et de d\u00e9sorganisation, le l\u00e9gislateur a pris soin d&rsquo;encadrer la dur\u00e9e du contr\u00f4le fiscal pour les PME.<\/p>\n<ul>\n<li><a href=\"#t1\">La dur\u00e9e du contr\u00f4le fiscal pour les PME<\/a><\/li>\n<li><a href=\"#t2\">L&rsquo;apport de la loi ESSOC dans la dur\u00e9e des contr\u00f4les fiscaux<\/a><\/li>\n<\/ul>\n<h2 id=\"t1\">La dur\u00e9e du contr\u00f4le fiscal pour les PME<\/h2>\n<h3>La v\u00e9rification de comptabilit\u00e9 ne peut exc\u00e9der 3 mois pour les PME<\/h3>\n<p>Dans les petites entreprises dont le <strong>chiffre <\/strong>d&rsquo;affaires est inf\u00e9rieur \u00e0\u00a0789 000\u00a0\u20ac\u00a0pour les activit\u00e9s d&rsquo;achat\/vente ou\u00a0238 000\u00a0\u20ac\u00a0 pour les prestations de services, le v\u00e9rificateur ne peut pas effectuer un contr\u00f4le sur place sup\u00e9rieur \u00e0 3 mois (article L.52 du LPF).<\/p>\n<p>Il s&rsquo;agit d&rsquo;une garantie du <strong>contribuable <\/strong>v\u00e9rifi\u00e9, rappel\u00e9e dans la charge des droits et obligations.<\/p>\n<p>Ainsi, la dur\u00e9e de la <strong>v\u00e9rification de comptabilit\u00e9<\/strong> d&rsquo;une PME ne peut exc\u00e9der 3 mois. Le temps n\u00e9cessaire \u00e0 l&rsquo;examen de comptabilit\u00e9 est donc limit\u00e9.<\/p>\n<p>Le d\u00e9lai est d\u00e9compt\u00e9 du jour de la premi\u00e8re intervention sur place de l&rsquo;inspecteur des <strong>imp\u00f4ts<\/strong> tel qu&rsquo;indiqu\u00e9, en <strong>principe<\/strong>, sur l&rsquo;avis de <a href=\"https:\/\/clementresta-avocat.com\/index.php\/cession-d'entreprise-et-controle-fiscal\/#t1\">v\u00e9rification<\/a>.<\/p>\n<p>Il est donc de bon <strong>conseil<\/strong> de v\u00e9rifier \u00e0 <strong>r\u00e9ception <\/strong>les mentions port\u00e9es sur l&rsquo;avis annon\u00e7ant le d\u00e9but de la v\u00e9rification de comptabilit\u00e9\u00a0(formulaire 3927) afin de s&rsquo;assurer du respect du d\u00e9lai de 3 mois par l&rsquo;administration fiscale pour proc\u00e9der \u00e0 l&rsquo;examen de comptabilit\u00e9.<\/p>\n<p>Le point d&rsquo;arriv\u00e9e se situe la veille du jour\u00a0portant le m\u00eame quanti\u00e8me que le jour de la premi\u00e8re intervention de la v\u00e9rification de comptabilit\u00e9.<\/p>\n<p>Dans sa doctrine administrative (BOFiP), l&rsquo;administration fiscale donne l&rsquo;exemple suivant:<\/p>\n<p><strong>Exemple :<\/strong>\u00a0V\u00e9rification de comptabilit\u00e9 de la soci\u00e9t\u00e9 X pour laquelle s&rsquo;applique la limitation \u00e9dict\u00e9e par l&rsquo;article L. 52 du<strong> LPF<\/strong>\u00a0:<\/p>\n<p>&#8211; date de la premi\u00e8re intervention : le 16 octobre\u00a0;<\/p>\n<p>&#8211; date de la derni\u00e8re intervention : le 15 janvier suivant.<\/p>\n<p>Lorsqu&rsquo;il n&rsquo;existe pas de quanti\u00e8me identique, le d\u00e9lai expire alors au dernier jour du mois. Ainsi, par exemple, lorsque la date de la premi\u00e8re intervention a lieu le 31 ao\u00fbt, le d\u00e9lai de trois mois expirant le 30 novembre, la derni\u00e8re intervention doit intervenir le 29\u00a0novembre.<\/p>\n<p>A l&rsquo;<strong>expiration<\/strong> de ce d\u00e9lai, le service de contr\u00f4le ne peut plus intervenir sur place et doit cl\u00f4turer ses investigations.<\/p>\n<p>Il lui appartient alors de\u00a0proc\u00e9der \u00e0 la notification des cons\u00e9quences du contr\u00f4le \u00e0 l&rsquo;entreprise par l&rsquo;envoi d&rsquo;une <strong>proposition de rectification<\/strong>\u00a0ou d&rsquo;un avis d&rsquo;absence de redressement.<\/p>\n<p>L&rsquo;envoi d&rsquo;une proposition de rectification ne marque pas forc\u00e9ment la fin des investigations. En effet, lorsque le d\u00e9lai de 3 mois est toujours en cours, l&rsquo;inspecteur peut tout \u00e0 fait adresser une proposition de rectification pour une ann\u00e9e donn\u00e9e, et continuer ses investigations l&rsquo;<strong>examen de comptabilit\u00e9<\/strong> pour les autres exercices.<\/p>\n<p>On dit alors que cette proposition de rectification est interruptive de <strong>prescription<\/strong>.<\/p>\n<p>Enfin, le <strong>fisc<\/strong> doit dans tous les cas respecter le d\u00e9lai de prescription qui lui interdit d&rsquo;engager un contr\u00f4le lorsque la prescription fiscale est acquise \u00e0 l&rsquo;entreprise.<\/p>\n<h3>Cas de d\u00e9rogations \u00e0 la limitation \u00e0 3 mois de la dur\u00e9e du contr\u00f4le fiscal des PME<\/h3>\n<p>Il existe plusieurs situations dans lesquelles le d\u00e9lai de 3 mois n&rsquo;est pas opposable au fisc.<\/p>\n<p>Tout d&rsquo;abord, lorsque des observations pr\u00e9sent\u00e9es\u00a0n\u00e9cessite un nouvel examen des documents comptables.<\/p>\n<p>Un tel examen, qui constitue le prolongement de la premi\u00e8re intervention sur place, permet \u00e0 l&rsquo;administration de d\u00e9roger \u00e0 la limite des 3 mois.<\/p>\n<p>Par ailleurs,\u00a0en cas de graves irr\u00e9gularit\u00e9s privant de valeur probante la comptabilit\u00e9, le contr\u00f4le de ces entreprises peut exceptionnellement durer 6 mois.<\/p>\n<p>Le <strong>v\u00e9rificateur<\/strong> informe alors l&rsquo;entreprise v\u00e9rifi\u00e9e que la dur\u00e9e de la <strong>v\u00e9rification <\/strong>de comptabilit\u00e9 est port\u00e9e \u00e0 6 mois.<\/p>\n<p>La computation du d\u00e9lai \u00e9tendu\u00a0est d\u00e9termin\u00e9e selon les m\u00eames r\u00e8gles que le d\u00e9lai de 3 mois (voir ci-avant).<\/p>\n<h2 id=\"t2\">Loi Essoc: exp\u00e9rimentation d&rsquo;une dur\u00e9e limit\u00e9e des contr\u00f4les administratifs<\/h2>\n<p>A titre exp\u00e9rimental pour une dur\u00e9e de 4 ans, \u00e0 partir du 1er\u00a0d\u00e9cembre 2018 dans les r\u00e9gions Hauts-de-France et Auvergne-Rh\u00f4ne-Alpes, la dur\u00e9e des contr\u00f4les des administrations (Urssaf, concurrence, r\u00e9pression des fraudes, contr\u00f4les fiscaux, douaniers notamment) dans les entreprises de moins de 250 salari\u00e9s et dont le CA annuel n\u2019exc\u00e8de pas\u00a050 millions\u00a0\u20ac\u00a0est limit\u00e9e \u00e0 9 mois sur une p\u00e9riode de 3 ans.<\/p>\n<p>La loi ESSOC introduit un dispositif exp\u00e9rimental visant \u00e0 limiter la <a href=\"https:\/\/clementresta-avocat.com\/index.php\/comment-declencher-controle-fiscal-entreprise\/#t1\">dur\u00e9e des contr\u00f4les<\/a> op\u00e9r\u00e9s par diff\u00e9rentes administrations vis\u00e9es \u00e0 l\u2019article L.100-3 du code des relations entre le public et l\u2019administration (notamment les Urssaf, l\u2019administration fiscale, la DGCCRF et l\u2019administration douani\u00e8re etc.).<\/p>\n<p>La dur\u00e9e cumul\u00e9e de contr\u00f4le par ces administrations ne peut exc\u00e9der 9 mois sur une p\u00e9riode de 3 ans.<\/p>\n<p>La dur\u00e9e maximale correspond \u00e0 la somme, exprim\u00e9e en jours, de la dur\u00e9e des diff\u00e9rents contr\u00f4les op\u00e9r\u00e9s au sein du m\u00eame \u00e9tablissement d\u2019une PME, que ces contr\u00f4les aient eu lieu simultan\u00e9ment ou successivement.<\/p>\n<p>La p\u00e9riode de trois ans s\u2019appr\u00e9cie en partant de la date \u00e0 laquelle l\u2019entreprise oppose la dur\u00e9e cumul\u00e9e de 270 jours. L\u2019administration doit prendre en compte la dur\u00e9e cumul\u00e9e des contr\u00f4les r\u00e9alis\u00e9s sur la p\u00e9riode de trois ans pr\u00e9c\u00e9dant cette date.<\/p>\n<p>La <a href=\"https:\/\/clementresta-avocat.com\/index.php\/charte-controle-fiscal-entreprise\/#t1\">dur\u00e9e d\u2019un contr\u00f4le<\/a> est comprise entre la date de commencement figurant sur l\u2019avis de contr\u00f4le pr\u00e9alablement notifi\u00e9 \u00e0 l\u2019entreprise et la date de notification de l\u2019ach\u00e8vement du contr\u00f4le.<\/p>\n\t<p>Se rendre sur l&rsquo;article de synth\u00e8se: <a href=\"https:\/\/clementresta-avocat.com\/index.php\/2019\/08\/09\/l'organisation-du-controle-fiscal-des-entreprises-en-france\/\">L&rsquo;organisation du contr\u00f4le fiscal des entreprises<\/a><\/p>\n","protected":false},"excerpt":{"rendered":"<p>Accueil Contact RDV en ligne Blog CGU Nos mod\u00e8les fiscaux Quelle dur\u00e9e pour le contr\u00f4le fiscal de mon entreprise? Dans le cadre de ses investigations, le service\u00a0en charge du contr\u00f4le fiscal peut \u00eatre amen\u00e9 \u00e0 solliciter de fa\u00e7on intense les services administratifs et financiers de l&rsquo;entreprise ou du contribuable\u00a0v\u00e9rifi\u00e9s, ainsi que sa direction. En fonction&hellip; <br \/> <a class=\"read-more\" href=\"https:\/\/clementresta-avocat.com\/index.php\/combien-de-temps-dure-controle-fiscal-entreprise\/\">Lire la suite<\/a><\/p>\n","protected":false},"author":1,"featured_media":0,"parent":0,"menu_order":0,"comment_status":"closed","ping_status":"closed","template":"blank-slate-template.php","meta":{"footnotes":""},"class_list":["post-899","page","type-page","status-publish","hentry"],"aioseo_notices":[],"jetpack_sharing_enabled":true,"_links":{"self":[{"href":"https:\/\/clementresta-avocat.com\/index.php\/wp-json\/wp\/v2\/pages\/899","targetHints":{"allow":["GET"]}}],"collection":[{"href":"https:\/\/clementresta-avocat.com\/index.php\/wp-json\/wp\/v2\/pages"}],"about":[{"href":"https:\/\/clementresta-avocat.com\/index.php\/wp-json\/wp\/v2\/types\/page"}],"author":[{"embeddable":true,"href":"https:\/\/clementresta-avocat.com\/index.php\/wp-json\/wp\/v2\/users\/1"}],"replies":[{"embeddable":true,"href":"https:\/\/clementresta-avocat.com\/index.php\/wp-json\/wp\/v2\/comments?post=899"}],"version-history":[{"count":6,"href":"https:\/\/clementresta-avocat.com\/index.php\/wp-json\/wp\/v2\/pages\/899\/revisions"}],"predecessor-version":[{"id":993,"href":"https:\/\/clementresta-avocat.com\/index.php\/wp-json\/wp\/v2\/pages\/899\/revisions\/993"}],"wp:attachment":[{"href":"https:\/\/clementresta-avocat.com\/index.php\/wp-json\/wp\/v2\/media?parent=899"}],"curies":[{"name":"wp","href":"https:\/\/api.w.org\/{rel}","templated":true}]}}