{"id":9,"date":"2019-02-19T17:34:33","date_gmt":"2019-02-19T16:34:33","guid":{"rendered":"https:\/\/cravocat-fiscal.com\/?page_id=9"},"modified":"2026-02-19T14:03:06","modified_gmt":"2026-02-19T13:03:06","slug":"contact","status":"publish","type":"page","link":"https:\/\/clementresta-avocat.com\/index.php\/contact\/","title":{"rendered":"Contact"},"content":{"rendered":"\n\n\t<p><strong>Ma\u00eetre Cl\u00e9ment RESTA<\/strong><\/p>\n<p>Avocat au barreau de Lyon<\/p>\n<p>Toque n\u00b02343<\/p>\n<p>1 Boulevard Marius Vivier Merle, Tour SwissLife, 69003 LYON<\/p>\n<p>T\u00e9l\u00e9phone: 07 68 74 54 72<\/p>\n\n\t<p><img loading=\"lazy\" decoding=\"async\" src=\"..\/..\/wp-content\/uploads\/2019\/04\/CR.jpg\" alt=\"\" width=\"200\" height=\"200\" \/><\/p>\n\t<p><strong>Pour toute demande, utilisez notre formulaire de contact ci-dessous en pr\u00e9cisant vos coordonn\u00e9es et votre besoin<\/strong><\/p>\n\n","protected":false},"excerpt":{"rendered":"<p>Ma\u00eetre Cl\u00e9ment RESTA Avocat au barreau de Lyon Toque n\u00b02343 1 Boulevard Marius Vivier Merle, Tour SwissLife, 69003 LYON T\u00e9l\u00e9phone: 07 68 74 54 72 Pour toute demande, utilisez notre formulaire de contact ci-dessous en pr\u00e9cisant vos coordonn\u00e9es et votre besoin<\/p>\n","protected":false},"author":1,"featured_media":167,"parent":0,"menu_order":0,"comment_status":"closed","ping_status":"closed","template":"","meta":{"footnotes":""},"class_list":["post-9","page","type-page","status-publish","has-post-thumbnail","hentry"],"aioseo_notices":[],"jetpack_sharing_enabled":true,"_links":{"self":[{"href":"https:\/\/clementresta-avocat.com\/index.php\/wp-json\/wp\/v2\/pages\/9","targetHints":{"allow":["GET"]}}],"collection":[{"href":"https:\/\/clementresta-avocat.com\/index.php\/wp-json\/wp\/v2\/pages"}],"about":[{"href":"https:\/\/clementresta-avocat.com\/index.php\/wp-json\/wp\/v2\/types\/page"}],"author":[{"embeddable":true,"href":"https:\/\/clementresta-avocat.com\/index.php\/wp-json\/wp\/v2\/users\/1"}],"replies":[{"embeddable":true,"href":"https:\/\/clementresta-avocat.com\/index.php\/wp-json\/wp\/v2\/comments?post=9"}],"version-history":[{"count":46,"href":"https:\/\/clementresta-avocat.com\/index.php\/wp-json\/wp\/v2\/pages\/9\/revisions"}],"predecessor-version":[{"id":1876,"href":"https:\/\/clementresta-avocat.com\/index.php\/wp-json\/wp\/v2\/pages\/9\/revisions\/1876"}],"wp:featuredmedia":[{"embeddable":true,"href":"https:\/\/clementresta-avocat.com\/index.php\/wp-json\/wp\/v2\/media\/167"}],"wp:attachment":[{"href":"https:\/\/clementresta-avocat.com\/index.php\/wp-json\/wp\/v2\/media?parent=9"}],"curies":[{"name":"wp","href":"https:\/\/api.w.org\/{rel}","templated":true}]}}