{"id":902,"date":"2019-08-09T12:19:02","date_gmt":"2019-08-09T10:19:02","guid":{"rendered":"https:\/\/clementresta-avocat.com\/?page_id=902"},"modified":"2019-08-09T12:19:02","modified_gmt":"2019-08-09T10:19:02","slug":"comment-declencher-controle-fiscal-entreprise","status":"publish","type":"page","link":"https:\/\/clementresta-avocat.com\/index.php\/comment-declencher-controle-fiscal-entreprise\/","title":{"rendered":"Quels sont les crit\u00e8res de d\u00e9clenchement d&rsquo;un contr\u00f4le fiscal d&rsquo;un entreprise?"},"content":{"rendered":"\n\t <a href=\"https:\/\/clementresta-avocat.com\/\" rel=\"nofollow\" itemprop=\"url\"><img data-recalc-dims=\"1\" loading=\"lazy\" decoding=\"async\" width=\"378\" height=\"79\" src=\"https:\/\/i0.wp.com\/clementresta-avocat.com\/wp-content\/uploads\/2019\/02\/cropped-LogoCR.png?resize=378%2C79&#038;ssl=1\" alt=\"\" itemprop=\"logo\" srcset=\"https:\/\/clementresta-avocat.com\/wp-content\/uploads\/2019\/02\/cropped-LogoCR.png 378w, https:\/\/clementresta-avocat.com\/wp-content\/uploads\/2019\/02\/cropped-LogoCR-300x63.png 300w\" sizes=\"auto, (max-width: 378px) 100vw, 378px\"><\/a><ul id=\"main_menu\"><li id=\"menu-item-18\"><a href=\"https:\/\/clementresta-avocat.com\/\" rel=\"nofollow\" aria-current=\"page\">Accueil<\/a><\/li><li id=\"menu-item-21\"><a href=\"https:\/\/clementresta-avocat.com\/index.php\/contact\/\" rel=\"nofollow\">Contact<\/a><\/li><li id=\"menu-item-359\"><a href=\"https:\/\/clementresta-avocat.com\/index.php\/rdv-en-ligne\/\" rel=\"nofollow\">RDV en ligne<\/a><\/li><li id=\"menu-item-20\"><a href=\"https:\/\/clementresta-avocat.com\/index.php\/blog\/\" rel=\"nofollow\">Blog<\/a><\/li><li id=\"menu-item-19\"><a href=\"https:\/\/clementresta-avocat.com\/index.php\/cgu\/\" rel=\"nofollow\">CGU<\/a><\/li><li id=\"menu-item-668\"><a href=\"https:\/\/clementresta-avocat.com\/index.php\/nos-modeles-documents-fiscaux\/\" rel=\"nofollow\">Nos mod\u00e8les fiscaux<\/a><\/li><\/ul> <a href=\"#\" rel=\"nofollow noopener noreferrer\" data-component=\"offcanvas\" data-target=\"#offcanvas-wrapper\" data-direction=\"right\" data-width=\"300px\" data-push=\"false\" data-loaded=\"true\">  <\/a>\n\t<h1>Quels sont les crit\u00e8res de d\u00e9clenchement d&rsquo;un contr\u00f4le fiscal en entreprise?<\/h1>\n<p>En moyenne, le nombre de contr\u00f4le fiscaux r\u00e9alis\u00e9s annuellement par les 4 500 agents charg\u00e9s du contr\u00f4le\u00a0est de 50 000.<\/p>\n<p>En 2017, ce chiffre est en l\u00e9g\u00e8re baisse : 47 900 op\u00e9rations ont \u00e9t\u00e9 r\u00e9alis\u00e9es contre 48 871 l\u2019ann\u00e9e pr\u00e9c\u00e9dente et 52\u00a0337 en 2012.<\/p>\n<p>La moiti\u00e9 de ces <a href=\"https:\/\/clementresta-avocat.com\/index.php\/controle-fiscal-entreprise\/#t1\">proc\u00e9dures<\/a> permet au Tr\u00e9sor public de faire rentrer dans ses caisses moins de 30 000 \u20ac par voie de <strong>proposition de rectification<\/strong>.<\/p>\n<p>Rappelons que le d\u00e9lai de <strong>prescription <\/strong>en mati\u00e8re fiscale est relativement long (3 ans avec un d\u00e9lai \u00e9tendu dans certains cas) et permet \u00e0 l&rsquo;administration de remonter sur plusieurs ann\u00e9es.<\/p>\n<p>Quels sont les crit\u00e8res sur lesquels se basent l&rsquo;administration fiscale pour lancer une v\u00e9rification de comptabilit\u00e9?<\/p>\n<ul>\n<li><a href=\"#t1\">La d\u00e9claration IRPP comme origine du contr\u00f4le fiscal<\/a><\/li>\n<li><a href=\"#t2\">Les causes externes<\/a><\/li>\n<li><a href=\"#t3\">Les causes internes<\/a><\/li>\n<\/ul>\n<h2 id=\"t1\">La d\u00e9claration d&rsquo;imp\u00f4t souvent \u00e0 l&rsquo;origine du contr\u00f4le fiscal<\/h2>\n<p>La collecte des <strong>imp\u00f4ts <\/strong>en France repose sur un syst\u00e8me d\u00e9claratif.<\/p>\n<p>Les d\u00e9clarations d\u00e9pos\u00e9es par les contribuables, particuliers ou entreprises, constituent donc le premier document susceptible d&rsquo;\u00eatre analys\u00e9 par les contr\u00f4leurs du <strong>fisc <\/strong>et donner lieu \u00e0 redressement.<\/p>\n<p>Il s&rsquo;agit d&rsquo;une <a href=\"https:\/\/clementresta-avocat.com\/index.php\/controle-fiscal-prescription\/#t1\">v\u00e9rification<\/a> sommaire destin\u00e9e \u00e0 s&rsquo;assurer que les informations renseign\u00e9es sur une d\u00e9claration sont en coh\u00e9rence avec les informations d\u00e9clar\u00e9es par des tiers et autres <strong>pi\u00e8ces\u00a0<\/strong>disponibles dans les bases de donn\u00e9es de l&rsquo;administration pour un <strong>contribuable <\/strong>donn\u00e9.<\/p>\n<p>Le <strong>travail <\/strong>du contr\u00f4leur est alors essentiellement un exercice de recoupement.<\/p>\n<p>On parle alors de contr\u00f4le \u00ab\u00a0sur pi\u00e8ces\u00a0\u00bb, l&rsquo;inspecteur travaillant de son bureau \u00e0 partir des \u00e9l\u00e9ments du dossier fiscal du contribuable.<\/p>\n<p>Cet examen\u00a0pourra toutefois conduire l&rsquo;agent <strong>v\u00e9rificateur <\/strong>des imp\u00f4ts \u00e0 pousser ses investigations et d\u00e9clencher une v\u00e9rification de comptabilit\u00e9 ou un ESFP\u00a0s&rsquo;il l&rsquo;estime n\u00e9cessaire.<\/p>\n<p>Il s&rsquo;agit d&rsquo;un\u00a0des premiers cas de d\u00e9clenchement d&rsquo;un contr\u00f4le fiscal pour une entreprise.<\/p>\n<h2 id=\"t2\">Les causes externes \u00e0 l&rsquo;entreprise \u00e0 l&rsquo;origine du contr\u00f4le fiscal<\/h2>\n<p>D&rsquo;autres situations, li\u00e9es \u00e0 l&rsquo;organisation du contr\u00f4le fiscal et aux moyens dont disposent l&rsquo;administration, peuvent expliquer le d\u00e9clenchement d&rsquo;une <a href=\"https:\/\/clementresta-avocat.com\/index.php\/comment-se-deroule-un-controle-fiscal-en-entreprise\/#t1\"><strong>v\u00e9rification de comptabilit\u00e9<\/strong><\/a>.<\/p>\n<p>En premier, chaque direction r\u00e9gionale est dot\u00e9e d&rsquo;un outil de planification des contr\u00f4les fiscaux.<\/p>\n<p>Les orientations sont d\u00e9cid\u00e9es au niveau r\u00e9gional ou national et vont cibler tel ou tel secteur d&rsquo;activit\u00e9s (artisanat, BTP etc.), tel ou tel <strong>imp\u00f4t <\/strong>(CIR, CVAE etc.).<\/p>\n<p>On peut \u00e9galement citer les diverses sources de renseignement qui peuvent expliquer qu&rsquo;une entreprise est v\u00e9rifi\u00e9e.<\/p>\n<p>Ces sources peuvent en effet provenir des URSSAF, des banques, des notaires, des informations issues des proc\u00e9dures d&rsquo;\u00e9changes d&rsquo;informations inter-\u00e9tatiques etc.<\/p>\n<p>Un contr\u00f4le d&rsquo;une autre administration (douane, inspection du travail) pourra \u00e9galement donner lieu \u00e0 l&rsquo;ouverture d&rsquo;une proc\u00e9dure de contr\u00f4le fiscal par le fisc, et, de fa\u00e7on plus exceptionnelle, une d\u00e9lation (salari\u00e9, tiers etc.).<\/p>\n<p>Une v\u00e9rification de comptabilit\u00e9 d&rsquo;une soci\u00e9t\u00e9 peut \u00e9galement inciter une brigade de v\u00e9rification \u00e0 \u00e9tendre ses investigations \u00e0\u00a0l&rsquo;entreprise ayant des relations avec cette derni\u00e8re (fournisseur, client, filiale).<\/p>\n<h2 id=\"t3\">Les causes internes \u00e0 l&rsquo;entreprise \u00e0 l&rsquo;origine du contr\u00f4le fiscal<\/h2>\n<p>Ces causes sont multiples.<\/p>\n<p>En premier lieu, lorsque l&rsquo;entreprise est d\u00e9faillante dans le respect de ses obligations d\u00e9claratives (omission de d\u00e9poser, retards r\u00e9p\u00e9t\u00e9s etc.).<\/p>\n<p>Il en est de m\u00eame si l&rsquo;entreprise a des relations r\u00e9guli\u00e8res avec d&rsquo;autres entreprises d\u00e9faillantes au plan fiscal.<\/p>\n<p>Un v\u00e9rificateur est \u00e9galement plus susceptible de s&rsquo;int\u00e9resser \u00e0 une entreprise lorsque son environnement fiscal sort de l&rsquo;ordinaire.<\/p>\n<p>Sont vis\u00e9es ici les groupes de soci\u00e9t\u00e9 ayant des relations avec l&rsquo;\u00e9tranger, en particulier en cas d&rsquo;implantation dans des pays \u00e0 fiscalit\u00e9 privil\u00e9gi\u00e9e.<\/p>\n<p>Il pourra s&rsquo;agir \u00e9galement d&rsquo;activit\u00e9s dites \u00ab\u00a0sensibles\u00a0\u00bb c&rsquo;est \u00e0 dire dans des secteurs dans lesquels\u00a0le risque de fraude ou de dissimulation de recette est important (BTP, restauration etc.).<\/p>\n<p>Enfin, l&rsquo;anormalit\u00e9 de certains ratios \u00e9conomiques peuvent alerter un contr\u00f4leur: taux de marge trop \u00e9loign\u00e9s des standards du secteur, taux de rotation des stocks anormalement faible, l&rsquo;existence de d\u00e9ficits r\u00e9currents ou de nombreuses restructurations dans un d\u00e9lai court (fusions, cessions etc.).<\/p>\n<p>Autant de situations susceptibles de donner lieu \u00e0 un contr\u00f4le fiscal, dont la sanction consiste en principe en\u00a0un redressement par voie de <a href=\"https:\/\/clementresta-avocat.com\/index.php\/charte-controle-fiscal-entreprise\/#t1\">proposition de rectification<\/a>.<\/p>\n<p>Dans son r\u00f4le <a href=\"https:\/\/clementresta-avocat.com\/index.php\/combien-de-temps-dure-controle-fiscal-entreprise\/#t1\"><strong>conseil<\/strong><\/a>, l&rsquo;<strong>avocat<\/strong> se doit d&rsquo;alerter son client sur ces signaux adress\u00e9s bien souvent involontairement \u00e0 l&rsquo;administration fiscale.<\/p>\n\t<p>Se rendre sur l&rsquo;article de synth\u00e8se: <a href=\"https:\/\/clementresta-avocat.com\/index.php\/2019\/08\/09\/l'organisation-du-controle-fiscal-des-entreprises-en-france\/\">L&rsquo;organisation du contr\u00f4le fiscal des entreprises<\/a><\/p>\n","protected":false},"excerpt":{"rendered":"<p>Accueil Contact RDV en ligne Blog CGU Nos mod\u00e8les fiscaux Quels sont les crit\u00e8res de d\u00e9clenchement d&rsquo;un contr\u00f4le fiscal en entreprise? En moyenne, le nombre de contr\u00f4le fiscaux r\u00e9alis\u00e9s annuellement par les 4 500 agents charg\u00e9s du contr\u00f4le\u00a0est de 50 000. En 2017, ce chiffre est en l\u00e9g\u00e8re baisse : 47 900 op\u00e9rations ont \u00e9t\u00e9&hellip; <br \/> <a class=\"read-more\" href=\"https:\/\/clementresta-avocat.com\/index.php\/comment-declencher-controle-fiscal-entreprise\/\">Lire la suite<\/a><\/p>\n","protected":false},"author":1,"featured_media":0,"parent":0,"menu_order":0,"comment_status":"closed","ping_status":"closed","template":"blank-slate-template.php","meta":{"footnotes":""},"class_list":["post-902","page","type-page","status-publish","hentry"],"aioseo_notices":[],"jetpack_sharing_enabled":true,"_links":{"self":[{"href":"https:\/\/clementresta-avocat.com\/index.php\/wp-json\/wp\/v2\/pages\/902","targetHints":{"allow":["GET"]}}],"collection":[{"href":"https:\/\/clementresta-avocat.com\/index.php\/wp-json\/wp\/v2\/pages"}],"about":[{"href":"https:\/\/clementresta-avocat.com\/index.php\/wp-json\/wp\/v2\/types\/page"}],"author":[{"embeddable":true,"href":"https:\/\/clementresta-avocat.com\/index.php\/wp-json\/wp\/v2\/users\/1"}],"replies":[{"embeddable":true,"href":"https:\/\/clementresta-avocat.com\/index.php\/wp-json\/wp\/v2\/comments?post=902"}],"version-history":[{"count":6,"href":"https:\/\/clementresta-avocat.com\/index.php\/wp-json\/wp\/v2\/pages\/902\/revisions"}],"predecessor-version":[{"id":992,"href":"https:\/\/clementresta-avocat.com\/index.php\/wp-json\/wp\/v2\/pages\/902\/revisions\/992"}],"wp:attachment":[{"href":"https:\/\/clementresta-avocat.com\/index.php\/wp-json\/wp\/v2\/media?parent=902"}],"curies":[{"name":"wp","href":"https:\/\/api.w.org\/{rel}","templated":true}]}}