{"id":914,"date":"2019-08-09T12:19:52","date_gmt":"2019-08-09T10:19:52","guid":{"rendered":"https:\/\/clementresta-avocat.com\/?page_id=914"},"modified":"2019-08-09T12:19:52","modified_gmt":"2019-08-09T10:19:52","slug":"controle-fiscal-entreprise","status":"publish","type":"page","link":"https:\/\/clementresta-avocat.com\/index.php\/controle-fiscal-entreprise\/","title":{"rendered":"Contr\u00f4le fiscal de l&rsquo;entreprise: du contr\u00f4le sur pi\u00e8ces \u00e0 la v\u00e9rification de comptabilit\u00e9"},"content":{"rendered":"\n\t <a href=\"https:\/\/clementresta-avocat.com\/\" rel=\"nofollow\" itemprop=\"url\"><img data-recalc-dims=\"1\" loading=\"lazy\" decoding=\"async\" width=\"378\" height=\"79\" src=\"https:\/\/i0.wp.com\/clementresta-avocat.com\/wp-content\/uploads\/2019\/02\/cropped-LogoCR.png?resize=378%2C79&#038;ssl=1\" alt=\"\" itemprop=\"logo\" srcset=\"https:\/\/clementresta-avocat.com\/wp-content\/uploads\/2019\/02\/cropped-LogoCR.png 378w, https:\/\/clementresta-avocat.com\/wp-content\/uploads\/2019\/02\/cropped-LogoCR-300x63.png 300w\" sizes=\"auto, (max-width: 378px) 100vw, 378px\"><\/a><ul id=\"main_menu\"><li id=\"menu-item-18\"><a href=\"https:\/\/clementresta-avocat.com\/\" rel=\"nofollow\" aria-current=\"page\">Accueil<\/a><\/li><li id=\"menu-item-21\"><a href=\"https:\/\/clementresta-avocat.com\/index.php\/contact\/\" rel=\"nofollow\">Contact<\/a><\/li><li id=\"menu-item-359\"><a href=\"https:\/\/clementresta-avocat.com\/index.php\/rdv-en-ligne\/\" rel=\"nofollow\">RDV en ligne<\/a><\/li><li id=\"menu-item-20\"><a href=\"https:\/\/clementresta-avocat.com\/index.php\/blog\/\" rel=\"nofollow\">Blog<\/a><\/li><li id=\"menu-item-19\"><a href=\"https:\/\/clementresta-avocat.com\/index.php\/cgu\/\" rel=\"nofollow\">CGU<\/a><\/li><li id=\"menu-item-668\"><a href=\"https:\/\/clementresta-avocat.com\/index.php\/nos-modeles-documents-fiscaux\/\" rel=\"nofollow\">Nos mod\u00e8les fiscaux<\/a><\/li><\/ul> <a href=\"#\" rel=\"nofollow noopener noreferrer\" data-component=\"offcanvas\" data-target=\"#offcanvas-wrapper\" data-direction=\"right\" data-width=\"300px\" data-push=\"false\" data-loaded=\"true\">  <\/a>\n\t<h1>Contr\u00f4le fiscal de l&rsquo;entreprise: formes, d\u00e9roulement et garanties du contribuable<\/h1>\n<ul>\n<li><a href=\"#t1\">Les formes du contr\u00f4le fiscal<\/a><\/li>\n<li><a href=\"#t2\">Le d\u00e9roulement du contr\u00f4le fiscal<\/a><\/li>\n<li><a href=\"#t3\">Les garanties<\/a><\/li>\n<\/ul>\n<h2 id=\"t1\">Les diff\u00e9rentes formes du contr\u00f4le fiscal<\/h2>\n<p>Traditionnellement, on distingue deux formes de contr\u00f4le fiscal: le contr\u00f4le sur pi\u00e8ces et le contr\u00f4le sur place.<\/p>\n<p><strong>Le contr\u00f4le sur pi\u00e8ces<\/strong><\/p>\n<p>Le contr\u00f4le sur pi\u00e8ces est d\u00e9fini comme l&rsquo;ensemble des travaux de bureau au cours desquels le service proc\u00e8de \u00e0 l&rsquo;examen critique des d\u00e9clarations \u00e0 l&rsquo;aide des renseignements et documents figurant dans les diff\u00e9rents dossiers qu&rsquo;il d\u00e9tient, et, le cas \u00e9ch\u00e9ant, \u00e9tablit les rehaussements ou d\u00e9gr\u00e8vements justifi\u00e9s.<\/p>\n<p>Il s&rsquo;agit d&rsquo;un <a href=\"https:\/\/clementresta-avocat.com\/index.php\/comment-declencher-controle-fiscal-entreprise\/#t2\">examen contradictoire<\/a> qui pour objet :<\/p>\n<ul>\n<li>en mati\u00e8re d&rsquo;<strong>imp\u00f4t sur le revenu<\/strong>\u00a0de s&rsquo;assurer que le revenu global d\u00e9fini est coh\u00e9rent avec ce que l&rsquo;on sait du contribuable,<\/li>\n<li>de rectifier les erreurs, insuffisances, inexactitudes, omissions ou dissimulations dans les \u00e9l\u00e9ments servant de base au calcul de l&rsquo;imp\u00f4t (notamment de l&rsquo;<a href=\"https:\/\/clementresta-avocat.com\/index.php\/courrier-option-impot-sur-les-societes\/#t1\"><strong>imp\u00f4t sur les soci\u00e9t\u00e9s<\/strong><\/a>),<\/li>\n<li>de s&rsquo;assurer du d\u00e9p\u00f4t dans les d\u00e9lais des d\u00e9clarations obligatoires.<\/li>\n<\/ul>\n<p>Le contr\u00f4le sur pi\u00e8ces ne doit pas \u00eatre pris \u00e0 la l\u00e9g\u00e8re car il pourra en effet conduire l&rsquo;inspecteur des imp\u00f4ts \u00e0 <a href=\"https:\/\/clementresta-avocat.com\/index.php\/combien-de-temps-dure-controle-fiscal-entreprise\/#t2\">approfondir ses investigations<\/a>.<\/p>\n<p>Il pourra, \u00e0 cet effet, engager une <a href=\"https:\/\/clementresta-avocat.com\/index.php\/charte-controle-fiscal-entreprise\/#t2\">v\u00e9rification de comptabilit\u00e9<\/a> ou un ESFP\u00a0s&rsquo;il l&rsquo;estime n\u00e9cessaire.<\/p>\n<p><strong>Le contr\u00f4le sur place des entreprises: la v\u00e9rification de sa comptabilit\u00e9<\/strong><\/p>\n<p>Dans ces proc\u00e9dures, il s&rsquo;agit pour le service v\u00e9rificateur de r\u00e9aliser \u00e0 un examen approfondi sur place, soit au\u00a0domicile du contribuable en cas d&rsquo;examen contradictoire de\u00a0situation fiscale personnelle, soit au si\u00e8ge social de l&rsquo;entreprise v\u00e9rifi\u00e9e en cas de <a href=\"https:\/\/clementresta-avocat.com\/index.php\/contentieux-fiscal\/#t1\">v\u00e9rification de sa comptabilit\u00e9<\/a>.<\/p>\n<p>Cette proc\u00e9dure a pour objet principal de confronter les d\u00e9clarations fiscales r\u00e9alis\u00e9e \u00e0 la <strong>comptabilit\u00e9 de l&rsquo;entreprise<\/strong>.<\/p>\n<p>Le document central examin\u00e9 par <a href=\"https:\/\/clementresta-avocat.com\/index.php\/article-l-247-du-livre-des-procedures-fiscales-lettre-type\/#t1\">l&rsquo;inspecteur <\/a>est\u00a0le <strong>fichier des \u00e9critures comptables<\/strong> qui doit \u00eatre remis selon un format informatique pr\u00e9cis.<\/p>\n<h2 id=\"t2\">Le d\u00e9roulement du contr\u00f4le <strong>fiscal des entreprises<\/strong><\/h2>\n<p>La v\u00e9rification de comptabilit\u00e9 comprend plusieurs phases.<\/p>\n<p>Elle d\u00e9bute par l&rsquo;envoi d&rsquo;un avis de v\u00e9rification, document obligatoire contenant des mentions sp\u00e9cifiques, lequel annonce le d\u00e9but des op\u00e9rations de contr\u00f4le.<\/p>\n<p>Ensuite, l&rsquo;inspecteur examine sur place les documents comptables de l&rsquo;entreprise v\u00e9rifi\u00e9e.<\/p>\n<p>Si la comptabilit\u00e9 de cette derni\u00e8re est tenue au <strong>moyen de syst\u00e8mes informatis\u00e9s<\/strong> (ce qui est quasiment tout le temps le cas), le contr\u00f4leur pourra r\u00e9aliser des demandes de traitements informatiques visant \u00e0 valider la conformit\u00e9 et la coh\u00e9rence des <strong>\u00e9critures comptables<\/strong>.<\/p>\n<p>La cl\u00f4ture des op\u00e9rations de contr\u00f4le est mat\u00e9rialis\u00e9e par l&rsquo;envoi d&rsquo;une <strong>proposition de rectification<\/strong>.<\/p>\n<h2 id=\"t3\">Les garanties en cas de contr\u00f4le fiscal de l&rsquo;entreprise<\/h2>\n<p>En contrepartie du droit pour <strong>direction g\u00e9n\u00e9rale<\/strong> des finances publiques d&rsquo;effectuer des v\u00e9rifications de comptabilit\u00e9,\u00a0une s\u00e9rie de garanties sp\u00e9cifiques ont \u00e9t\u00e9 pr\u00e9vues au profit du contribuable, reprises dans la charte des droits et <strong>obligations du contribuable v\u00e9rifi\u00e9<\/strong>.<\/p>\n<p>Il s&rsquo;agit notamment de l&rsquo;information pr\u00e9alable de l&rsquo;engagement de la v\u00e9rification et le droit l&rsquo;assistance d&rsquo;un <strong>conseil de son choix<\/strong> <strong>avocat fiscaliste<\/strong> ou non.<\/p>\n<p>Ces garanties, pr\u00e9vues par le livre des\u00a0<strong>proc\u00e9dures fiscales<\/strong>,\u00a0s&rsquo;ajoutent aux garanties g\u00e9n\u00e9rales que doit respecter l&rsquo;administration en mati\u00e8re fiscale dans la mise en oeuvre de son droit de contr\u00f4le\u00a0(<strong>d\u00e9bat oral et contradictoire<\/strong>).<\/p>\n<p>Par ailleurs, pour les exercices ouverts au <strong>1er janvier<\/strong> 2019, tout point examin\u00e9 et ne faisant pas l\u2019objet d\u2019une rectification pourra, sous certaines conditions, \u00eatre oppos\u00e9 \u00e0 l\u2019administration lors d\u2019un contr\u00f4le ult\u00e9rieur.<\/p>\n\t<p>Se rendre sur l&rsquo;article de synth\u00e8se: <a href=\"https:\/\/clementresta-avocat.com\/index.php\/2019\/08\/09\/l'organisation-du-controle-fiscal-des-entreprises-en-france\/\">L&rsquo;organisation du contr\u00f4le fiscal des entreprises<\/a><\/p>\n","protected":false},"excerpt":{"rendered":"<p>Accueil Contact RDV en ligne Blog CGU Nos mod\u00e8les fiscaux Contr\u00f4le fiscal de l&rsquo;entreprise: formes, d\u00e9roulement et garanties du contribuable Les formes du contr\u00f4le fiscal Le d\u00e9roulement du contr\u00f4le fiscal Les garanties Les diff\u00e9rentes formes du contr\u00f4le fiscal Traditionnellement, on distingue deux formes de contr\u00f4le fiscal: le contr\u00f4le sur pi\u00e8ces et le contr\u00f4le sur place.&hellip; <br \/> <a class=\"read-more\" href=\"https:\/\/clementresta-avocat.com\/index.php\/controle-fiscal-entreprise\/\">Lire la suite<\/a><\/p>\n","protected":false},"author":1,"featured_media":784,"parent":0,"menu_order":0,"comment_status":"closed","ping_status":"closed","template":"blank-slate-template.php","meta":{"footnotes":""},"class_list":["post-914","page","type-page","status-publish","has-post-thumbnail","hentry"],"aioseo_notices":[],"jetpack_sharing_enabled":true,"_links":{"self":[{"href":"https:\/\/clementresta-avocat.com\/index.php\/wp-json\/wp\/v2\/pages\/914","targetHints":{"allow":["GET"]}}],"collection":[{"href":"https:\/\/clementresta-avocat.com\/index.php\/wp-json\/wp\/v2\/pages"}],"about":[{"href":"https:\/\/clementresta-avocat.com\/index.php\/wp-json\/wp\/v2\/types\/page"}],"author":[{"embeddable":true,"href":"https:\/\/clementresta-avocat.com\/index.php\/wp-json\/wp\/v2\/users\/1"}],"replies":[{"embeddable":true,"href":"https:\/\/clementresta-avocat.com\/index.php\/wp-json\/wp\/v2\/comments?post=914"}],"version-history":[{"count":5,"href":"https:\/\/clementresta-avocat.com\/index.php\/wp-json\/wp\/v2\/pages\/914\/revisions"}],"predecessor-version":[{"id":997,"href":"https:\/\/clementresta-avocat.com\/index.php\/wp-json\/wp\/v2\/pages\/914\/revisions\/997"}],"wp:featuredmedia":[{"embeddable":true,"href":"https:\/\/clementresta-avocat.com\/index.php\/wp-json\/wp\/v2\/media\/784"}],"wp:attachment":[{"href":"https:\/\/clementresta-avocat.com\/index.php\/wp-json\/wp\/v2\/media?parent=914"}],"curies":[{"name":"wp","href":"https:\/\/api.w.org\/{rel}","templated":true}]}}