{"id":917,"date":"2019-08-09T12:20:02","date_gmt":"2019-08-09T10:20:02","guid":{"rendered":"https:\/\/clementresta-avocat.com\/?page_id=917"},"modified":"2019-08-09T12:20:02","modified_gmt":"2019-08-09T10:20:02","slug":"controle-fiscal-particulier","status":"publish","type":"page","link":"https:\/\/clementresta-avocat.com\/index.php\/controle-fiscal-particulier\/","title":{"rendered":"Contr\u00f4le fiscal du particulier: l&rsquo;examen de situation fiscale personnelle"},"content":{"rendered":"\n\t <a href=\"https:\/\/clementresta-avocat.com\/\" rel=\"nofollow\" itemprop=\"url\"><img data-recalc-dims=\"1\" loading=\"lazy\" decoding=\"async\" width=\"378\" height=\"79\" src=\"https:\/\/i0.wp.com\/clementresta-avocat.com\/wp-content\/uploads\/2019\/02\/cropped-LogoCR.png?resize=378%2C79&#038;ssl=1\" alt=\"\" itemprop=\"logo\" srcset=\"https:\/\/clementresta-avocat.com\/wp-content\/uploads\/2019\/02\/cropped-LogoCR.png 378w, https:\/\/clementresta-avocat.com\/wp-content\/uploads\/2019\/02\/cropped-LogoCR-300x63.png 300w\" sizes=\"auto, (max-width: 378px) 100vw, 378px\"><\/a><ul id=\"main_menu\"><li id=\"menu-item-18\"><a href=\"https:\/\/clementresta-avocat.com\/\" rel=\"nofollow\" aria-current=\"page\">Accueil<\/a><\/li><li id=\"menu-item-21\"><a href=\"https:\/\/clementresta-avocat.com\/index.php\/contact\/\" rel=\"nofollow\">Contact<\/a><\/li><li id=\"menu-item-359\"><a href=\"https:\/\/clementresta-avocat.com\/index.php\/rdv-en-ligne\/\" rel=\"nofollow\">RDV en ligne<\/a><\/li><li id=\"menu-item-20\"><a href=\"https:\/\/clementresta-avocat.com\/index.php\/blog\/\" rel=\"nofollow\">Blog<\/a><\/li><li id=\"menu-item-19\"><a href=\"https:\/\/clementresta-avocat.com\/index.php\/cgu\/\" rel=\"nofollow\">CGU<\/a><\/li><li id=\"menu-item-668\"><a href=\"https:\/\/clementresta-avocat.com\/index.php\/nos-modeles-documents-fiscaux\/\" rel=\"nofollow\">Nos mod\u00e8les fiscaux<\/a><\/li><\/ul> <a href=\"#\" rel=\"nofollow noopener noreferrer\" data-component=\"offcanvas\" data-target=\"#offcanvas-wrapper\" data-direction=\"right\" data-width=\"300px\" data-push=\"false\" data-loaded=\"true\">  <\/a>\n\t<h1>Controle fiscal du particulier: l&rsquo;examen de situation fiscale personnelle<\/h1>\n<p>Les entreprises ne sont pas les seules concern\u00e9es par les contr\u00f4les fiscaux, g\u00e9n\u00e9ralement par le biais de proc\u00e9dures de <a href=\"https:\/\/clementresta-avocat.com\/index.php\/charte-controle-fiscal-entreprise\/#t1\">v\u00e9rification de comptabilit\u00e9<\/a>.<\/p>\n<p>En effet, chaque ann\u00e9e, ce sont pas moins de 4 000 particuliers qui font l&rsquo;objet d&rsquo;un contr\u00f4le sur place de la part des services fiscaux (source <strong>Direction G\u00e9n\u00e9rale des Imp\u00f4ts<\/strong>).<\/p>\n<ul>\n<li><a href=\"#t1\">ESFP: d\u00e9finition et objectifs<\/a><\/li>\n<li><a href=\"#t2\">La proc\u00e9dure<\/a><\/li>\n<\/ul>\n<h2 id=\"t1\"><strong>L&rsquo;ESFP ou le contr\u00f4le sur place du particulier: d\u00e9finition et objectif<\/strong><\/h2>\n<p>Le service des imp\u00f4ts\u00a0va proc\u00e9der \u00e0 un examen approfondi sur place, c&rsquo;est \u00e0 dire au domicile du contribuable.<\/p>\n<p>L&rsquo;examen de <strong>situation fiscale personnelle<\/strong>, dit ESFP,\u00a0consiste \u00e0 contr\u00f4ler la coh\u00e9rence entre :<\/p>\n<ul>\n<li>d&rsquo;une part, les revenus d\u00e9clar\u00e9s au titre de l&rsquo;<strong>imp\u00f4t sur le revenu<\/strong>\u00a0(ex. les <strong>revenus fonciers<\/strong> per\u00e7us) et,<\/li>\n<li>d&rsquo;autre part, la situation de tr\u00e9sorerie, la situation patrimoniale et les <strong>\u00e9l\u00e9ments du train de vie<\/strong> dont a pu disposer le contribuable et les autres membres de son <strong>foyer fiscal<\/strong>.<\/li>\n<\/ul>\n<p>C&rsquo;est donc un\u00a0<strong>examen contradictoire<\/strong>\u00a0de coh\u00e9rence entre les revenus r\u00e9els du contribuable et ceux d\u00e9clar\u00e9s.<\/p>\n<p>L&rsquo;ESFP constitue, en mati\u00e8re d&rsquo;imp\u00f4t des particuliers,\u00a0l&rsquo;\u00e9quivalent de la <a href=\"https:\/\/clementresta-avocat.com\/index.php\/controle-fiscal-entreprise\/#t1\"><strong>v\u00e9rification de comptabilit\u00e9<\/strong><\/a> pour les entreprises.<\/p>\n<p>En contrepartie du droit pour l&rsquo;administration d&rsquo;effectuer des v\u00e9rifications de comptabilit\u00e9 et des ESFP, une s\u00e9rie de garanties sp\u00e9cifiques ont \u00e9t\u00e9 pr\u00e9vues au profit du contribuable.<\/p>\n<p>Il s&rsquo;agit notamment de l&rsquo;information pr\u00e9alable de l&rsquo;engagement du contr\u00f4le et le droit l&rsquo;assistance d&rsquo;un conseil avocat ou non.<\/p>\n<p>Ces garanties, pr\u00e9vues par le livre des\u00a0<strong>proc\u00e9dures fiscales<\/strong>\u00a0et la charte du contribuable v\u00e9rifi\u00e9,\u00a0s&rsquo;ajoutent aux garanties g\u00e9n\u00e9rales que doit respecter l&rsquo;administration en mati\u00e8re fiscale dans la mise en oeuvre de son droit de contr\u00f4le\u00a0(d\u00e9bat oral et contradictoire).<\/p>\n<p>En cas de mise en oeuvre de ces proc\u00e9dures, il est recommand\u00e9 de recourir aux services d&rsquo;un <strong>avocat fiscaliste<\/strong>, qui veillera au respect des ces garanties.<\/p>\n<p>L&rsquo;ESFP se distingue donc du contr\u00f4le sur pi\u00e8ces diligent\u00e9 par un agent,\u00a0constitu\u00e9 par l&rsquo;ensemble des travaux de bureau au cours desquels le service proc\u00e8de \u00e0 l&rsquo;examen critique des d\u00e9clarations \u00e0 l&rsquo;aide des renseignements et documents figurant dans les diff\u00e9rents dossiers qu&rsquo;il d\u00e9tient, et, le cas \u00e9ch\u00e9ant, \u00e9tablit les rehaussements ou d\u00e9gr\u00e8vements justifi\u00e9s.<\/p>\n<h2 id=\"t2\">La proc\u00e9dure de contr\u00f4le fiscal du particulier<\/h2>\n<p>Comme pour la v\u00e9rification de la comptabilit\u00e9 des entreprises, l&rsquo;ESFP comporte deux phases:<\/p>\n<ul>\n<li>les op\u00e9rations de contr\u00f4le<\/li>\n<li>la phase de r\u00e9ponse<\/li>\n<\/ul>\n<p>Dans la premi\u00e8re phase, l&rsquo;inspecteur des imp\u00f4ts va chercher \u00e0 s&rsquo;assurer de la conformit\u00e9 des d\u00e9clarations de revenus souscrites\u00a0par le\u00a0particulier v\u00e9rifier en proc\u00e9dant \u00e0 un examen d&rsquo;ensemble de sa situation fiscale.<\/p>\n<p>Il pourra consulter toute sorte de documents (contrats, actes etc.), poser des questions, proc\u00e9der \u00e0 des recoupements voire interroger des tiers (droit de communication).<\/p>\n<p>A l&rsquo;issue des op\u00e9rations de v\u00e9rification, l&rsquo;agent du fisc est susceptible d&rsquo;adresser un redressement fiscal s&rsquo;il a d\u00e9tect\u00e9 une ou plusieurs omissions, irr\u00e9gularit\u00e9s.<\/p>\n<p>Les rappels sont notifi\u00e9s par voie de <a href=\"https:\/\/clementresta-avocat.com\/index.php\/verification-fiscale\/#t1\">proposition de rectifications<\/a> et sont assortis des <strong>int\u00e9r\u00eats de retard<\/strong>, voire des majorations (de 40 \u00e0 80%) lorsque la bonne foi du contribuable est remise en cause.<\/p>\n<p>S&rsquo;ouvre ensuite une phase de discussion, le cas \u00e9ch\u00e9ant en se faisant assister d&rsquo;un avocat fiscaliste, au cours de laquelle le particulier pourra faire valoir ses observations sur le <a href=\"https:\/\/clementresta-avocat.com\/index.php\/procedures-fiscales\/#t1\">redressement fiscal<\/a> notifi\u00e9.<\/p>\n\t<p>Se rendre sur l&rsquo;article de synth\u00e8se: <a href=\"https:\/\/clementresta-avocat.com\/index.php\/2019\/08\/09\/l'organisation-du-controle-fiscal-des-entreprises-en-france\/\">L&rsquo;organisation du contr\u00f4le fiscal des entreprises<\/a><\/p>\n","protected":false},"excerpt":{"rendered":"<p>Accueil Contact RDV en ligne Blog CGU Nos mod\u00e8les fiscaux Controle fiscal du particulier: l&rsquo;examen de situation fiscale personnelle Les entreprises ne sont pas les seules concern\u00e9es par les contr\u00f4les fiscaux, g\u00e9n\u00e9ralement par le biais de proc\u00e9dures de v\u00e9rification de comptabilit\u00e9. En effet, chaque ann\u00e9e, ce sont pas moins de 4 000 particuliers qui font&hellip; <br \/> <a class=\"read-more\" href=\"https:\/\/clementresta-avocat.com\/index.php\/controle-fiscal-particulier\/\">Lire la suite<\/a><\/p>\n","protected":false},"author":1,"featured_media":0,"parent":0,"menu_order":0,"comment_status":"closed","ping_status":"closed","template":"blank-slate-template.php","meta":{"footnotes":""},"class_list":["post-917","page","type-page","status-publish","hentry"],"aioseo_notices":[],"jetpack_sharing_enabled":true,"_links":{"self":[{"href":"https:\/\/clementresta-avocat.com\/index.php\/wp-json\/wp\/v2\/pages\/917","targetHints":{"allow":["GET"]}}],"collection":[{"href":"https:\/\/clementresta-avocat.com\/index.php\/wp-json\/wp\/v2\/pages"}],"about":[{"href":"https:\/\/clementresta-avocat.com\/index.php\/wp-json\/wp\/v2\/types\/page"}],"author":[{"embeddable":true,"href":"https:\/\/clementresta-avocat.com\/index.php\/wp-json\/wp\/v2\/users\/1"}],"replies":[{"embeddable":true,"href":"https:\/\/clementresta-avocat.com\/index.php\/wp-json\/wp\/v2\/comments?post=917"}],"version-history":[{"count":5,"href":"https:\/\/clementresta-avocat.com\/index.php\/wp-json\/wp\/v2\/pages\/917\/revisions"}],"predecessor-version":[{"id":998,"href":"https:\/\/clementresta-avocat.com\/index.php\/wp-json\/wp\/v2\/pages\/917\/revisions\/998"}],"wp:attachment":[{"href":"https:\/\/clementresta-avocat.com\/index.php\/wp-json\/wp\/v2\/media?parent=917"}],"curies":[{"name":"wp","href":"https:\/\/api.w.org\/{rel}","templated":true}]}}