{"id":920,"date":"2019-08-09T12:20:13","date_gmt":"2019-08-09T10:20:13","guid":{"rendered":"https:\/\/clementresta-avocat.com\/?page_id=920"},"modified":"2019-08-09T12:20:13","modified_gmt":"2019-08-09T10:20:13","slug":"controle-fiscal-prescription","status":"publish","type":"page","link":"https:\/\/clementresta-avocat.com\/index.php\/controle-fiscal-prescription\/","title":{"rendered":"Prescription du controle fiscal: qu&rsquo;est-ce que le d\u00e9lai de reprise en mati\u00e8re d&rsquo;imp\u00f4t?"},"content":{"rendered":"\n\t <a href=\"https:\/\/clementresta-avocat.com\/\" rel=\"nofollow\" itemprop=\"url\"><img data-recalc-dims=\"1\" loading=\"lazy\" decoding=\"async\" width=\"378\" height=\"79\" src=\"https:\/\/i0.wp.com\/clementresta-avocat.com\/wp-content\/uploads\/2019\/02\/cropped-LogoCR.png?resize=378%2C79&#038;ssl=1\" alt=\"\" itemprop=\"logo\" srcset=\"https:\/\/clementresta-avocat.com\/wp-content\/uploads\/2019\/02\/cropped-LogoCR.png 378w, https:\/\/clementresta-avocat.com\/wp-content\/uploads\/2019\/02\/cropped-LogoCR-300x63.png 300w\" sizes=\"auto, (max-width: 378px) 100vw, 378px\"><\/a><ul id=\"main_menu\"><li id=\"menu-item-18\"><a href=\"https:\/\/clementresta-avocat.com\/\" rel=\"nofollow\" aria-current=\"page\">Accueil<\/a><\/li><li id=\"menu-item-21\"><a href=\"https:\/\/clementresta-avocat.com\/index.php\/contact\/\" rel=\"nofollow\">Contact<\/a><\/li><li id=\"menu-item-359\"><a href=\"https:\/\/clementresta-avocat.com\/index.php\/rdv-en-ligne\/\" rel=\"nofollow\">RDV en ligne<\/a><\/li><li id=\"menu-item-20\"><a href=\"https:\/\/clementresta-avocat.com\/index.php\/blog\/\" rel=\"nofollow\">Blog<\/a><\/li><li id=\"menu-item-19\"><a href=\"https:\/\/clementresta-avocat.com\/index.php\/cgu\/\" rel=\"nofollow\">CGU<\/a><\/li><li id=\"menu-item-668\"><a href=\"https:\/\/clementresta-avocat.com\/index.php\/nos-modeles-documents-fiscaux\/\" rel=\"nofollow\">Nos mod\u00e8les fiscaux<\/a><\/li><\/ul> <a href=\"#\" rel=\"nofollow noopener noreferrer\" data-component=\"offcanvas\" data-target=\"#offcanvas-wrapper\" data-direction=\"right\" data-width=\"300px\" data-push=\"false\" data-loaded=\"true\">  <\/a>\n\t<h1>Prescription du controle fiscal: qu&rsquo;est-ce que le d\u00e9lai de reprise en mati\u00e8re d&rsquo;imp\u00f4t?<\/h1>\n<p>La prescription en mati\u00e8re fiscale est une question complexe.<\/p>\n<p>En effet, de nombreuses dispositions sp\u00e9cifiques viennent d\u00e9roger aux r\u00e8gles de principe pour tenir compte de situations particuli\u00e8res et des n\u00e9cessit\u00e9s du contr\u00f4le fiscal.<\/p>\n<p>Au regard de l&rsquo;action de l&rsquo;administration fiscale \u00a0la <a href=\"https:\/\/clementresta-avocat.com\/index.php\/comment-declencher-controle-fiscal-entreprise\/#t1\">prescription<\/a> extinctive est la seule qui puisse jouer au profit des contribuables en cas de v\u00e9rification de comptabilit\u00e9.<\/p>\n<p>Par ailleurs, il y a lieu de distinguer la prescription d&rsquo;assiette, qui vise le contr\u00f4le de la base imposable, et l&rsquo;action en recouvrement de l&rsquo;imp\u00f4t.<\/p>\n<ul>\n<li><a href=\"#t1\">La prescription du contr\u00f4le fiscal<\/a><\/li>\n<li><a href=\"#t1\">Les effets de la prescription sur le contr\u00f4le fiscal<\/a><\/li>\n<\/ul>\n<h2 id=\"t1\">La prescription du contr\u00f4le fiscal: quelles sont les r\u00e8gles?<\/h2>\n<p>En principe, le droit de reprise (c&rsquo;est \u00e0 dire le droit de notifier par voie de proposition de rectifications des rappels dans le cadre d&rsquo;une <a href=\"https:\/\/clementresta-avocat.com\/index.php\/controle-fiscal-entreprise\/#t1\">v\u00e9rification de comptabilit\u00e9<\/a> de l&rsquo;administration) s&rsquo;exerce jusqu&rsquo;\u00e0 l&rsquo;expiration de la sixi\u00e8me ann\u00e9e suivant celle du fait g\u00e9n\u00e9rateur de l&rsquo;imp\u00f4t (art. 186 du Livre des Proc\u00e9dures Fiscales &#8211; LPF).<\/p>\n<p>Toutefois, ce texte pr\u00e9cise que ce d\u00e9lai g\u00e9n\u00e9ral de 6 ans s&rsquo;applique \u00ab\u00a0<em>lorsqu&rsquo;il n&rsquo;est pas express\u00e9ment pr\u00e9vu de d\u00e9lai de prescription plus court ou plus long<\/em>\u00ab\u00a0.<\/p>\n<p>En r\u00e9alit\u00e9, le d\u00e9lai de prescrption de 6 ans ne s&rsquo;applique que pour certains imp\u00f4ts : notamment en <strong>mati\u00e8re d&rsquo;imp\u00f4t<\/strong> sur la fortune immobili\u00e8re (IFI) ou de l&rsquo;ancien <strong>imp\u00f4t de solidarit\u00e9<\/strong> sur la fortune (ISF), de droits d&rsquo;enregistrement ou de taxe de publicit\u00e9 fonci\u00e8re.<\/p>\n<p>Pour l&rsquo;<strong>imp\u00f4t sur le revenu <\/strong>ou l&rsquo;imp\u00f4t sur les soci\u00e9t\u00e9s, c&rsquo;est la\u00a0prescription triennale qui a g\u00e9n\u00e9ralement vocation \u00e0 s&rsquo;appliquer.<\/p>\n<p>Par ailleurs, certains situations peuvent entra\u00eener une prorogation de la prescription triennale, notamment:<\/p>\n<ul>\n<li>en cas d&rsquo;<strong>agissements frauduleux<\/strong> ou d&rsquo;exercice d&rsquo;une activit\u00e9 occulte (par exemple en cas d&rsquo;activit\u00e9 exerc\u00e9e en l&rsquo;absence de toute inscription au <strong>centre de formalit\u00e9s des entreprises<\/strong>);<\/li>\n<li>de recours \u00e0 l&rsquo;assistance administrative internationale;<\/li>\n<li>en cas d&rsquo;<strong>absence de d\u00e9claration<\/strong> d&rsquo;avoirs \u00e0 l&rsquo;\u00e9tranger ou de revenus provenant de l&rsquo;\u00e9tranger (manquement aux <strong>obligations d\u00e9claratives<\/strong>)<\/li>\n<li>ou encore en cas de situation de <strong>flagrance fiscale<\/strong> ou\u00a0de d\u00e9p\u00f4t de plainte pour fraude fiscale<\/li>\n<\/ul>\n<p>Rappelons enfin que suite \u00e0 la mise en place du pr\u00e9l\u00e8vement \u00e0 la source, l&rsquo;ann\u00e9e 2019 sera soumise exceptionnellement \u00e0 une prescription quadriennale.<\/p>\n<h2 id=\"t2\">Les effets de la prescription sur le contr\u00f4le fiscal<\/h2>\n<p>L&rsquo;acquisition de la prescription du d\u00e9lai de reprise signifie qu&rsquo;au titre d&rsquo;une ann\u00e9e donn\u00e9e, le fisc ne peut plus vous redresser.<\/p>\n<p>En d&rsquo;autres termes, l&rsquo;administration a trop tard\u00e9 \u00e0 vous adresser une <strong>proposition de rectification<\/strong>, qui constitue une des moyens d&rsquo;<strong>interruption de la prescription<\/strong>.<\/p>\n<p>Ainsi par exemple dans le cadre d&rsquo;une <strong>v\u00e9rification de comptabilit\u00e9<\/strong>, un inspecteur des imp\u00f4ts peut rectifier les r\u00e9sultats fiscaux d&rsquo;une entreprise au titre d&rsquo;un exercice clos au 31 d\u00e9cembre 2017 jusqu&rsquo;au 31 d\u00e9cembre 2020.<\/p>\n<p>Il en est de m\u00eame pour un particulier en cas d&rsquo;examen de <strong>situation fiscale personnelle<\/strong> portant sur ses revenus de l&rsquo;ann\u00e9e 2017.<\/p>\n<p>Lorsque la <strong>prescription est interrompue <\/strong>valablement (par exemple par l&rsquo;envoi d&rsquo;une proposition de rectification), l&rsquo;interruption a pour effet d&rsquo;annuler la <a href=\"https:\/\/clementresta-avocat.com\/index.php\/comment-se-deroule-un-controle-fiscal-en-entreprise\/#t1\">prescription<\/a> commenc\u00e9e et de faire courir, \u00e0 compter de l&rsquo;acte interruptif, une prescription nouvelle de m\u00eame nature et de m\u00eame dur\u00e9e.<\/p>\n<p>Le d\u00e9lai de reprise ne doit pas \u00eatre confondu avec le d\u00e9lai de <strong>r\u00e9clamation contentieuse<\/strong>, qui est r\u00e9gi par des r\u00e8gles diff\u00e9rentes.<\/p>\n<p>L&rsquo;<strong>avocat fiscaliste<\/strong> sera attentif au respect des r\u00e8gles de la prescription fiscale par l&rsquo;administration et pourra soulever l&rsquo;irr\u00e9gularit\u00e9 de la proc\u00e9dure de contr\u00f4le fiscal\u00a0en cas de m\u00e9connaissance de celles-ci.<\/p>\n\t<p>Se rendre sur l&rsquo;article de synth\u00e8se: <a href=\"https:\/\/clementresta-avocat.com\/index.php\/2019\/08\/09\/l'organisation-du-controle-fiscal-des-entreprises-en-france\/\">L&rsquo;organisation du contr\u00f4le fiscal des entreprises<\/a><\/p>\n","protected":false},"excerpt":{"rendered":"<p>Accueil Contact RDV en ligne Blog CGU Nos mod\u00e8les fiscaux Prescription du controle fiscal: qu&rsquo;est-ce que le d\u00e9lai de reprise en mati\u00e8re d&rsquo;imp\u00f4t? La prescription en mati\u00e8re fiscale est une question complexe. En effet, de nombreuses dispositions sp\u00e9cifiques viennent d\u00e9roger aux r\u00e8gles de principe pour tenir compte de situations particuli\u00e8res et des n\u00e9cessit\u00e9s du contr\u00f4le&hellip; <br \/> <a class=\"read-more\" href=\"https:\/\/clementresta-avocat.com\/index.php\/controle-fiscal-prescription\/\">Lire la suite<\/a><\/p>\n","protected":false},"author":1,"featured_media":0,"parent":0,"menu_order":0,"comment_status":"closed","ping_status":"closed","template":"blank-slate-template.php","meta":{"footnotes":""},"class_list":["post-920","page","type-page","status-publish","hentry"],"aioseo_notices":[],"jetpack_sharing_enabled":true,"_links":{"self":[{"href":"https:\/\/clementresta-avocat.com\/index.php\/wp-json\/wp\/v2\/pages\/920","targetHints":{"allow":["GET"]}}],"collection":[{"href":"https:\/\/clementresta-avocat.com\/index.php\/wp-json\/wp\/v2\/pages"}],"about":[{"href":"https:\/\/clementresta-avocat.com\/index.php\/wp-json\/wp\/v2\/types\/page"}],"author":[{"embeddable":true,"href":"https:\/\/clementresta-avocat.com\/index.php\/wp-json\/wp\/v2\/users\/1"}],"replies":[{"embeddable":true,"href":"https:\/\/clementresta-avocat.com\/index.php\/wp-json\/wp\/v2\/comments?post=920"}],"version-history":[{"count":5,"href":"https:\/\/clementresta-avocat.com\/index.php\/wp-json\/wp\/v2\/pages\/920\/revisions"}],"predecessor-version":[{"id":999,"href":"https:\/\/clementresta-avocat.com\/index.php\/wp-json\/wp\/v2\/pages\/920\/revisions\/999"}],"wp:attachment":[{"href":"https:\/\/clementresta-avocat.com\/index.php\/wp-json\/wp\/v2\/media?parent=920"}],"curies":[{"name":"wp","href":"https:\/\/api.w.org\/{rel}","templated":true}]}}