{"id":926,"date":"2019-08-09T12:20:37","date_gmt":"2019-08-09T10:20:37","guid":{"rendered":"https:\/\/clementresta-avocat.com\/?page_id=926"},"modified":"2019-08-09T12:20:37","modified_gmt":"2019-08-09T10:20:37","slug":"entreprise-soumise-a-limpot-sur-les-societes","status":"publish","type":"page","link":"https:\/\/clementresta-avocat.com\/index.php\/entreprise-soumise-a-limpot-sur-les-societes\/","title":{"rendered":"Entreprise soumise \u00e0 l&rsquo;imp\u00f4t sur les soci\u00e9t\u00e9s: qui est concern\u00e9 ?"},"content":{"rendered":"\n\t <a href=\"https:\/\/clementresta-avocat.com\/\" rel=\"nofollow\" itemprop=\"url\"><img data-recalc-dims=\"1\" loading=\"lazy\" decoding=\"async\" width=\"378\" height=\"79\" src=\"https:\/\/i0.wp.com\/clementresta-avocat.com\/wp-content\/uploads\/2019\/02\/cropped-LogoCR.png?resize=378%2C79&#038;ssl=1\" alt=\"\" itemprop=\"logo\" srcset=\"https:\/\/clementresta-avocat.com\/wp-content\/uploads\/2019\/02\/cropped-LogoCR.png 378w, https:\/\/clementresta-avocat.com\/wp-content\/uploads\/2019\/02\/cropped-LogoCR-300x63.png 300w\" sizes=\"auto, (max-width: 378px) 100vw, 378px\"><\/a><ul id=\"main_menu\"><li id=\"menu-item-18\"><a href=\"https:\/\/clementresta-avocat.com\/\" rel=\"nofollow\" aria-current=\"page\">Accueil<\/a><\/li><li id=\"menu-item-21\"><a href=\"https:\/\/clementresta-avocat.com\/index.php\/contact\/\" rel=\"nofollow\">Contact<\/a><\/li><li id=\"menu-item-359\"><a href=\"https:\/\/clementresta-avocat.com\/index.php\/rdv-en-ligne\/\" rel=\"nofollow\">RDV en ligne<\/a><\/li><li id=\"menu-item-20\"><a href=\"https:\/\/clementresta-avocat.com\/index.php\/blog\/\" rel=\"nofollow\">Blog<\/a><\/li><li id=\"menu-item-19\"><a href=\"https:\/\/clementresta-avocat.com\/index.php\/cgu\/\" rel=\"nofollow\">CGU<\/a><\/li><li id=\"menu-item-668\"><a href=\"https:\/\/clementresta-avocat.com\/index.php\/nos-modeles-documents-fiscaux\/\" rel=\"nofollow\">Nos mod\u00e8les fiscaux<\/a><\/li><\/ul> <a href=\"#\" rel=\"nofollow noopener noreferrer\" data-component=\"offcanvas\" data-target=\"#offcanvas-wrapper\" data-direction=\"right\" data-width=\"300px\" data-push=\"false\" data-loaded=\"true\">  <\/a>\n\t<h1>Entreprise soumise \u00e0 l&rsquo;imp\u00f4t sur les soci\u00e9t\u00e9s: qui est concern\u00e9 ?<\/h1>\n<p>Un entrepreneur\u00a0peut avoir int\u00e9r\u00eat d&rsquo;exploiter son entreprise sous la forme d&rsquo;une soci\u00e9t\u00e9.<\/p>\n<p>Se pose alors la question du r\u00e9gime d&rsquo;imposition de la soci\u00e9t\u00e9 et plus g\u00e9n\u00e9ralement de sa fiscalit\u00e9: <strong>imp\u00f4t sur les soci\u00e9t\u00e9s<\/strong> (IS) ou <strong>imp\u00f4t sur le revenu<\/strong> (IR).<\/p>\n<p>Les cons\u00e9quences fiscales du <a href=\"https:\/\/clementresta-avocat.com\/index.php\/courrier-option-impot-sur-les-societes\/#t1\">choix pour une imposition<\/a> entre imp\u00f4t sur les soci\u00e9t\u00e9s et imp\u00f4t sur le revenu, qui d\u00e9pend en partie de la forme sociale de la structure, doivent \u00eatre \u00e9valu\u00e9es avec attention.<\/p>\n<p>Certaines formes sociales sont automatiquement <strong>soumises \u00e0 l&rsquo;imp\u00f4t<\/strong> sur les b\u00e9n\u00e9fices (<strong>imp\u00f4ts sur les soci\u00e9t\u00e9s<\/strong>).<\/p>\n<p>Ces entit\u00e9s sont regroup\u00e9es sont l&rsquo;appellation de \u00ab\u00a0<em>soci\u00e9t\u00e9s de capitaux<\/em>\u00ab\u00a0, et se distingue des soci\u00e9t\u00e9s de personnes qui peuvent elles soit relever de l&rsquo;IS, soit \u00eatre soumises \u00e0 l&rsquo;imp\u00f4t sur le revenu.<\/p>\n<ol>\n<li><a href=\"#t1\">Les soci\u00e9t\u00e9s \u00e0 l&rsquo;IS de plein droit<\/a><\/li>\n<li><a href=\"#t2\">Le r\u00e9gime d&rsquo;imposition \u00e0 l&rsquo;IS<\/a><\/li>\n<\/ol>\n<h2 id=\"t1\">Les soci\u00e9t\u00e9s de capitaux obligatoirement soumises \u00e0 l&rsquo;imp\u00f4t sur les soci\u00e9t\u00e9s<\/h2>\n<p>Sont obligatoirement soumises \u00e0 l&rsquo;imp\u00f4t sur les soci\u00e9t\u00e9s\u00a0:<\/p>\n<ul>\n<li>les soci\u00e9t\u00e9s anonymes (SA)\u00a0;<\/li>\n<li>les soci\u00e9t\u00e9s \u00e0 responsabilit\u00e9 limit\u00e9e (SARL)\u00a0;<\/li>\n<li>les soci\u00e9t\u00e9s en commandite par actions (SCA)\u00a0;<\/li>\n<li>les soci\u00e9t\u00e9s par actions simplifi\u00e9es (SAS)\u00a0;<\/li>\n<li>les soci\u00e9t\u00e9s d&rsquo;exercice lib\u00e9ral (SEL, SELARL).<\/li>\n<\/ul>\n<p>Pour les soci\u00e9t\u00e9s qui ne sont pas qualifi\u00e9es de soci\u00e9t\u00e9s de capitaux (et qui rel\u00e8vent normalement de l&rsquo;imp\u00f4t sur le revenu), l&rsquo;imp\u00f4t sur les soci\u00e9t\u00e9s\u00a0est une option facultative (mais d\u00e9finitive).<\/p>\n<p>Il s&rsquo;agit des soci\u00e9t\u00e9s suivantes:<\/p>\n<ul>\n<li>les soci\u00e9t\u00e9s en nom collectif (SNC)\u00a0;<\/li>\n<li>les soci\u00e9t\u00e9s en participation\u00a0;<\/li>\n<li>les soci\u00e9t\u00e9s civiles ayant une activit\u00e9 industrielle ou commerciale\u00a0;<\/li>\n<li>les soci\u00e9t\u00e9s cr\u00e9\u00e9es de fait<\/li>\n<li>EIRL et EURL<\/li>\n<\/ul>\n<p>Par ailleurs pour les exercices clos depuis le 31 d\u00e9cembre 2018, les EIRL et les soci\u00e9t\u00e9s de personnes et assimil\u00e9s peuvent renoncer \u00e0 cette option jusqu&rsquo;au 5e\u00a0exercice suivant celui au titre duquel elle a \u00e9t\u00e9 exerc\u00e9e et rester soumises \u00e0 l&rsquo;imp\u00f4t sur le revenu.<\/p>\n<p>Le <strong>calcul de l&rsquo;imp\u00f4t<\/strong> sur le revenu d\u00fb s&rsquo;applique \u00e0 leur <strong>r\u00e9sultat comptable<\/strong> mais selon les r\u00e8gles propres \u00e0 l&rsquo;activit\u00e9 des associ\u00e9s de ces soci\u00e9t\u00e9s.<\/p>\n<h2 id=\"t2\">La <strong>fiscalit\u00e9<\/strong> des entreprises soumises \u00e0 l&rsquo;imp\u00f4t sur les soci\u00e9t\u00e9s<\/h2>\n<p>L&rsquo;<strong>imp\u00f4t sur les b\u00e9n\u00e9fices<\/strong> est appliqu\u00e9 au r\u00e9sultat comptable r\u00e9alis\u00e9 au cours d&rsquo;un exercice annuel, apr\u00e8s diff\u00e9rents retraitements permettant d&rsquo;aboutir au r\u00e9sultat fiscal (d\u00e9ductions et r\u00e9int\u00e9grations extra-comptables, imputation du <strong>d\u00e9ficit<\/strong> etc.).<\/p>\n<p>Pour le calcul de l&rsquo;imp\u00f4t sur les b\u00e9n\u00e9fices d\u00fb, on ne tient notamment pas compte de l&rsquo;<a href=\"https:\/\/clementresta-avocat.com\/index.php\/sci-option-impot-sur-les-societes\/#t1\">imp\u00f4t sur les soci\u00e9t\u00e9s<\/a> (calcul it\u00e9ratif visant \u00e0 l&rsquo;exclure du r\u00e9sultat comptable).<\/p>\n<p>Toute <strong>collectivit\u00e9<\/strong> soumise\u00a0\u00e0 l&rsquo;imp\u00f4t sur les b\u00e9n\u00e9fices doit d\u00e9clarer son r\u00e9sultat comptable selon un calendrier obligatoire (3 mai N+1 pour les <strong>exercices<\/strong> clos\u00a0au 31 d\u00e9cembre) et verser des acomptes et un solde \u00e0 des dates fixes.<\/p>\n<p>Le calcul de l&rsquo;imp\u00f4t sur les b\u00e9n\u00e9fices\u00a0tient compte du niveau de r\u00e9sultat: le taux r\u00e9duit de 15% s&rsquo;applique jusqu&rsquo;\u00e0 38 120\u00a0 \u20ac (sous r\u00e9serve de respecter certains seuils, notamment de <strong>chiffre<\/strong> d&rsquo;affaires), le taux de 28% jusqu&rsquo;\u00e0 500 000 \u20ac puis 33,33% au-del\u00e0.<\/p>\n\t<p>Se rendre sur l&rsquo;article de synth\u00e8se: <a href=\"https:\/\/clementresta-avocat.com\/index.php\/2019\/08\/09\/l'organisation-du-controle-fiscal-des-entreprises-en-france\/\">L&rsquo;organisation du contr\u00f4le fiscal des entreprises<\/a><\/p>\n","protected":false},"excerpt":{"rendered":"<p>Accueil Contact RDV en ligne Blog CGU Nos mod\u00e8les fiscaux Entreprise soumise \u00e0 l&rsquo;imp\u00f4t sur les soci\u00e9t\u00e9s: qui est concern\u00e9 ? Un entrepreneur\u00a0peut avoir int\u00e9r\u00eat d&rsquo;exploiter son entreprise sous la forme d&rsquo;une soci\u00e9t\u00e9. Se pose alors la question du r\u00e9gime d&rsquo;imposition de la soci\u00e9t\u00e9 et plus g\u00e9n\u00e9ralement de sa fiscalit\u00e9: imp\u00f4t sur les soci\u00e9t\u00e9s (IS)&hellip; <br \/> <a class=\"read-more\" href=\"https:\/\/clementresta-avocat.com\/index.php\/entreprise-soumise-a-limpot-sur-les-societes\/\">Lire la suite<\/a><\/p>\n","protected":false},"author":1,"featured_media":0,"parent":0,"menu_order":0,"comment_status":"closed","ping_status":"closed","template":"blank-slate-template.php","meta":{"footnotes":""},"class_list":["post-926","page","type-page","status-publish","hentry"],"aioseo_notices":[],"jetpack_sharing_enabled":true,"_links":{"self":[{"href":"https:\/\/clementresta-avocat.com\/index.php\/wp-json\/wp\/v2\/pages\/926","targetHints":{"allow":["GET"]}}],"collection":[{"href":"https:\/\/clementresta-avocat.com\/index.php\/wp-json\/wp\/v2\/pages"}],"about":[{"href":"https:\/\/clementresta-avocat.com\/index.php\/wp-json\/wp\/v2\/types\/page"}],"author":[{"embeddable":true,"href":"https:\/\/clementresta-avocat.com\/index.php\/wp-json\/wp\/v2\/users\/1"}],"replies":[{"embeddable":true,"href":"https:\/\/clementresta-avocat.com\/index.php\/wp-json\/wp\/v2\/comments?post=926"}],"version-history":[{"count":5,"href":"https:\/\/clementresta-avocat.com\/index.php\/wp-json\/wp\/v2\/pages\/926\/revisions"}],"predecessor-version":[{"id":1001,"href":"https:\/\/clementresta-avocat.com\/index.php\/wp-json\/wp\/v2\/pages\/926\/revisions\/1001"}],"wp:attachment":[{"href":"https:\/\/clementresta-avocat.com\/index.php\/wp-json\/wp\/v2\/media?parent=926"}],"curies":[{"name":"wp","href":"https:\/\/api.w.org\/{rel}","templated":true}]}}