{"id":930,"date":"2019-08-09T12:20:52","date_gmt":"2019-08-09T10:20:52","guid":{"rendered":"https:\/\/clementresta-avocat.com\/?page_id=930"},"modified":"2019-08-09T12:20:52","modified_gmt":"2019-08-09T10:20:52","slug":"procedures-fiscales","status":"publish","type":"page","link":"https:\/\/clementresta-avocat.com\/index.php\/procedures-fiscales\/","title":{"rendered":"Les diff\u00e9rentes proc\u00e9dures fiscales: proc\u00e9dure contradictoire vs imposition ou taxation d&rsquo;office"},"content":{"rendered":"\n\t <a href=\"https:\/\/clementresta-avocat.com\/\" rel=\"nofollow\" itemprop=\"url\"><img data-recalc-dims=\"1\" loading=\"lazy\" decoding=\"async\" width=\"378\" height=\"79\" src=\"https:\/\/i0.wp.com\/clementresta-avocat.com\/wp-content\/uploads\/2019\/02\/cropped-LogoCR.png?resize=378%2C79&#038;ssl=1\" alt=\"\" itemprop=\"logo\" srcset=\"https:\/\/clementresta-avocat.com\/wp-content\/uploads\/2019\/02\/cropped-LogoCR.png 378w, https:\/\/clementresta-avocat.com\/wp-content\/uploads\/2019\/02\/cropped-LogoCR-300x63.png 300w\" sizes=\"auto, (max-width: 378px) 100vw, 378px\"><\/a><ul id=\"main_menu\"><li id=\"menu-item-18\"><a href=\"https:\/\/clementresta-avocat.com\/\" rel=\"nofollow\" aria-current=\"page\">Accueil<\/a><\/li><li id=\"menu-item-21\"><a href=\"https:\/\/clementresta-avocat.com\/index.php\/contact\/\" rel=\"nofollow\">Contact<\/a><\/li><li id=\"menu-item-359\"><a href=\"https:\/\/clementresta-avocat.com\/index.php\/rdv-en-ligne\/\" rel=\"nofollow\">RDV en ligne<\/a><\/li><li id=\"menu-item-20\"><a href=\"https:\/\/clementresta-avocat.com\/index.php\/blog\/\" rel=\"nofollow\">Blog<\/a><\/li><li id=\"menu-item-19\"><a href=\"https:\/\/clementresta-avocat.com\/index.php\/cgu\/\" rel=\"nofollow\">CGU<\/a><\/li><li id=\"menu-item-668\"><a href=\"https:\/\/clementresta-avocat.com\/index.php\/nos-modeles-documents-fiscaux\/\" rel=\"nofollow\">Nos mod\u00e8les fiscaux<\/a><\/li><\/ul> <a href=\"#\" rel=\"nofollow noopener noreferrer\" data-component=\"offcanvas\" data-target=\"#offcanvas-wrapper\" data-direction=\"right\" data-width=\"300px\" data-push=\"false\" data-loaded=\"true\">  <\/a>\n\t<h1>Les diff\u00e9rentes proc\u00e9dures fiscales: proc\u00e9dure contradictoire vs imposition ou taxation d&rsquo;office<\/h1>\n<p>Les <strong>proc\u00e9dures fiscales<\/strong> au sens strict sont l&rsquo;ensemble des r\u00e8gles organisant\u00a0les relations entre l&rsquo;\u00c9tat et ses contribuables.<\/p>\n<p>Ces r\u00e8gles d\u00e9finissent\u00a0les droits et les obligations de chacun durant la proc\u00e9dure\u00a0d&rsquo;imposition, depuis l&rsquo;\u00e9valuation de l&rsquo;assiette imposable jusqu&rsquo;au recouvrement de l&rsquo;imp\u00f4t et sa contestation.<\/p>\n<p>Appliqu\u00e9e au <a href=\"https:\/\/clementresta-avocat.com\/index.php\/charte-controle-fiscal-entreprise\/#t2\">contr\u00f4le\u00a0fiscal<\/a>, cette d\u00e9finition permet de distinguer la fa\u00e7on dont est d\u00e9termin\u00e9e la base imposable du contribuable faisant l&rsquo;objet d&rsquo;une <strong>proc\u00e9dure de v\u00e9rification<\/strong> fiscale\u00a0(<strong>v\u00e9rification de comptabilit\u00e9<\/strong> ou examen\u00a0de <strong>situation fiscale personnelle<\/strong>): la proc\u00e9dure contradictoire ou la proc\u00e9dure d&rsquo;imposition d&rsquo;office.<\/p>\n<p>N.B.: cette d\u00e9finition des <a href=\"https:\/\/clementresta-avocat.com\/index.php\/controle-fiscal-entreprise\/#t1\">proc\u00e9dures fiscales<\/a>\u00a0peut \u00e9galement concerner les r\u00e8gles de proc\u00e9dure devant le juge de l&rsquo;imp\u00f4t (comme les modalit\u00e9s de <strong>pourvoi en cassation<\/strong> contre une d\u00e9cision, l&rsquo;enregistrement des requ\u00eates aupr\u00e8s du <strong>greffe de la cour<\/strong> d&rsquo;appel etc.).<\/p>\n<ol>\n<li><a href=\"#t1\">La proc\u00e9dure contradictoire<\/a><\/li>\n<li><a href=\"#t1\">Les proc\u00e9dure d&rsquo;office<\/a><\/li>\n<\/ol>\n<h2 id=\"t1\">Notion de proc\u00e9dures fiscales: champ d&rsquo;application de la proc\u00e9dure contradictoire<\/h2>\n<p>La proc\u00e9dure contradictoire est la r\u00e8gle de principe en mati\u00e8re de contr\u00f4le fiscal.<\/p>\n<p>En effet, ce n&rsquo;est que par exception que les agents des imp\u00f4ts peuvent l&rsquo;\u00e9carter pour recourir aux proc\u00e9dures d&rsquo;imposition d&rsquo;office.<\/p>\n<p>Ainsi, cette proc\u00e9dure a une port\u00e9e g\u00e9n\u00e9rale\u00a0et\u00a0doit \u00eatre engag\u00e9e chaque fois que l&rsquo;administration constate une insuffisance, une inexactitude, une omission ou une dissimulation dans les \u00e9l\u00e9ments servant de base au calcul des <strong>imp\u00f4ts<\/strong>.<\/p>\n<p>La nature des manquements constat\u00e9s et les circonstances ayant conduit \u00e0 la\u00a0d\u00e9couverte de ces manquement (v\u00e9rification de comptabilit\u00e9, contr\u00f4le sur pi\u00e8ces etc.)\u00a0n&rsquo;ont, en principe, aucune cons\u00e9quence sur l&rsquo;obligation de respecter la proc\u00e9dure de rectification contradictoire.<\/p>\n<p>La mise en <strong>oeuvre des proc\u00e9dures<\/strong> contradictoires s&rsquo;accompagne d&rsquo;un certain nombre de garanties au profit du contribuable: prorogation du d\u00e9lai de r\u00e9ponse \u00e0 60 jours, charge de la preuve, la possibilit\u00e9 de saisir la commission nationale ou d\u00e9partementale etc.<\/p>\n<h2 id=\"t2\">Notion de proc\u00e9dures fiscales: champ d&rsquo;application de la proc\u00e9dure de taxation ou d&rsquo;\u00e9valuation d&rsquo;office<\/h2>\n<p>En cas de retard ou d&rsquo;absence de d\u00e9claration ou en cas d&rsquo;opposition \u00e0 contr\u00f4le fiscal, le service des finances publiques peut utiliser, selon les cas, des proc\u00e9dures de taxation ou \u00e9valuation d&rsquo;office.<\/p>\n<p>Il s&rsquo;agit:<\/p>\n<ul>\n<li>des proc\u00e9dures de taxation\u00a0pr\u00e9vues par\u00a0les\u00a0articles\u00a0L66\u00a0\u00e0\u00a0L72\u00a0A du livre des proc\u00e9dures fiscales (LPF)\u00a0;<\/li>\n<li>des proc\u00e9dures d&rsquo;\u00e9valuation d&rsquo;office pr\u00e9vues par les\u00a0articles L73\u00a0et\u00a0L74 du\u00a0LPF.;<\/li>\n<li>enfin de la proc\u00e9dure particuli\u00e8re d&rsquo;\u00e9valuation d&rsquo;office pour opposition \u00e0 contr\u00f4le.<\/li>\n<\/ul>\n<p>La <strong>taxation d&rsquo;office<\/strong> est g\u00e9n\u00e9ralement mise en oeuvre en cas de d\u00e9faut de production ou de souscription tardive des d\u00e9clarations servant \u00e0 \u00e9tablir directement l&rsquo;assiette de l&rsquo;imp\u00f4t.<\/p>\n<p>Sont vis\u00e9es\u00a0la d\u00e9claration d&rsquo;ensemble des revenus, la d\u00e9claration relative\u00a0\u00e0 l&rsquo;imp\u00f4t sur les soci\u00e9t\u00e9s et les d\u00e9clarations de TVA.<\/p>\n<p>L&rsquo;\u00e9valuation d&rsquo;office concerne quant \u00e0 elle les\u00a0cas de d\u00e9faut de production ou de souscription tardive des d\u00e9clarations sp\u00e9ciales de l&rsquo;imp\u00f4t sur le revenu (revenus fonciers, b\u00e9n\u00e9fices industriels et commerciaux, b\u00e9n\u00e9fices agricoles etc.).<\/p>\n<p>Par ailleurs, ces deux proc\u00e9dures peuvent \u00eatre mise en oeuvre en cas d&rsquo;absence ou insuffisance de r\u00e9ponse aux demandes de <strong>renseignements et justifications<\/strong> (d\u00e9faut de justification portant sur des <strong>pi\u00e8ces de recettes<\/strong>, d\u00e9faut de r\u00e9ponse \u00e0 une demande concernant l&rsquo;<strong>occupant des lieux<\/strong> dans le cadre des revenus fonciers etc.).<\/p>\n<p>Ces proc\u00e9dures d&rsquo;office\u00a0font perdre au <a href=\"https:\/\/clementresta-avocat.com\/index.php\/controle-fiscal-particulier\/#t1\">contribuable<\/a> le b\u00e9n\u00e9fice de certaines des garanties. En particulier, c&rsquo;est au contribuable de supporter la charge\u00a0 de la preuve de l&rsquo;exag\u00e9ration de l&rsquo;imposition \u00e9tablie par l&rsquo;administration.<\/p>\n<p>Toutefois, la <strong>proc\u00e9dure de r\u00e9gularisation<\/strong> pr\u00e9vue par l&rsquo;article L.52 du LPF reste ouverte au contribuable soumis \u00e0 une imposition d&rsquo;office.<\/p>\n<p>Enfin, des proc\u00e9dures similaires existent en mati\u00e8re de <a href=\"https:\/\/clementresta-avocat.com\/index.php\/verification-fiscale\/#t1\">contr\u00f4les<\/a> diligent\u00e9s par l&rsquo;administration des <strong>douanes et droits indirects<\/strong>.<\/p>\n\t<p>Se rendre sur l&rsquo;article de synth\u00e8se: <a href=\"https:\/\/clementresta-avocat.com\/index.php\/2019\/08\/09\/l'organisation-du-controle-fiscal-des-entreprises-en-france\/\">L&rsquo;organisation du contr\u00f4le fiscal des entreprises<\/a><\/p>\n","protected":false},"excerpt":{"rendered":"<p>Accueil Contact RDV en ligne Blog CGU Nos mod\u00e8les fiscaux Les diff\u00e9rentes proc\u00e9dures fiscales: proc\u00e9dure contradictoire vs imposition ou taxation d&rsquo;office Les proc\u00e9dures fiscales au sens strict sont l&rsquo;ensemble des r\u00e8gles organisant\u00a0les relations entre l&rsquo;\u00c9tat et ses contribuables. Ces r\u00e8gles d\u00e9finissent\u00a0les droits et les obligations de chacun durant la proc\u00e9dure\u00a0d&rsquo;imposition, depuis l&rsquo;\u00e9valuation de l&rsquo;assiette imposable&hellip; <br \/> <a class=\"read-more\" href=\"https:\/\/clementresta-avocat.com\/index.php\/procedures-fiscales\/\">Lire la suite<\/a><\/p>\n","protected":false},"author":1,"featured_media":0,"parent":0,"menu_order":0,"comment_status":"closed","ping_status":"closed","template":"blank-slate-template.php","meta":{"footnotes":""},"class_list":["post-930","page","type-page","status-publish","hentry"],"aioseo_notices":[],"jetpack_sharing_enabled":true,"_links":{"self":[{"href":"https:\/\/clementresta-avocat.com\/index.php\/wp-json\/wp\/v2\/pages\/930","targetHints":{"allow":["GET"]}}],"collection":[{"href":"https:\/\/clementresta-avocat.com\/index.php\/wp-json\/wp\/v2\/pages"}],"about":[{"href":"https:\/\/clementresta-avocat.com\/index.php\/wp-json\/wp\/v2\/types\/page"}],"author":[{"embeddable":true,"href":"https:\/\/clementresta-avocat.com\/index.php\/wp-json\/wp\/v2\/users\/1"}],"replies":[{"embeddable":true,"href":"https:\/\/clementresta-avocat.com\/index.php\/wp-json\/wp\/v2\/comments?post=930"}],"version-history":[{"count":5,"href":"https:\/\/clementresta-avocat.com\/index.php\/wp-json\/wp\/v2\/pages\/930\/revisions"}],"predecessor-version":[{"id":1002,"href":"https:\/\/clementresta-avocat.com\/index.php\/wp-json\/wp\/v2\/pages\/930\/revisions\/1002"}],"wp:attachment":[{"href":"https:\/\/clementresta-avocat.com\/index.php\/wp-json\/wp\/v2\/media?parent=930"}],"curies":[{"name":"wp","href":"https:\/\/api.w.org\/{rel}","templated":true}]}}